{"id":764,"date":"2014-07-13T17:31:58","date_gmt":"2014-07-13T15:31:58","guid":{"rendered":"http:\/\/bernds.de\/?page_id=764"},"modified":"2020-02-04T16:32:01","modified_gmt":"2020-02-04T14:32:01","slug":"beratomat-probefahrt","status":"publish","type":"page","link":"https:\/\/bernds.de\/en\/beratomat-probefahrt\/","title":{"rendered":"Guide-O-Mat"},"content":{"rendered":"<p class=\"qtranxs-available-languages-message qtranxs-available-languages-message-en\">Sorry, this entry is only available in <a href=\"https:\/\/bernds.de\/de\/wp-json\/wp\/v2\/pages\/764\" class=\"qtranxs-available-language-link qtranxs-available-language-link-de\" title=\"Deutsch\">German<\/a>. We are currently working on the translation. For the sake of viewer convenience, the content is shown below in the alternative language. You may click the link to switch the active language.<\/p><p><br \/>\n<div id=\"wooslider-id-1\" class=\"wooslider wooslider-id-1 wooslider-type-slides wooslider-theme-default image-slide\"><ul class=\"slides\">\n<li class=\"slide\">\n<div class=\"slide-content layout-text-top overlay-natural has-featured-image\"><div class=\"slide-excerpt\"><h2 class=\"slide-title\">With these measurements your Bernds will suit you perfectly<\/h2><\/div><img width=\"1200\" height=\"600\" src=\"https:\/\/bernds.de\/wp-content\/uploads\/2020\/01\/mass_fahrrad_individal_bike_bernds.jpg\" class=\"attachment-post-thumbnail size-post-thumbnail wp-post-image\" alt=\"\" decoding=\"async\" loading=\"lazy\" srcset=\"https:\/\/bernds.de\/wp-content\/uploads\/2020\/01\/mass_fahrrad_individal_bike_bernds.jpg 1200w, https:\/\/bernds.de\/wp-content\/uploads\/2020\/01\/mass_fahrrad_individal_bike_bernds-960x480.jpg 960w, https:\/\/bernds.de\/wp-content\/uploads\/2020\/01\/mass_fahrrad_individal_bike_bernds-768x384.jpg 768w, https:\/\/bernds.de\/wp-content\/uploads\/2020\/01\/mass_fahrrad_individal_bike_bernds-1000x500.jpg 1000w\" sizes=\"(max-width: 1200px) 100vw, 1200px\" \/><\/div><\/li>\n<\/ul><\/div>\n<\/p>\n<p>Diese Ma\u00dfe ben\u00f6tigen wir von Ihnen, um Ihr Bernds perfekt f\u00fcr Sie vorzubereiten. Ihre Daten behandeln wir vertraulich und mit gr\u00f6\u00dfter Sorgfalt. Sie werden nicht an Dritte weitergegeben und k\u00f6nnen jederzeit auf Wunsch von Ihnen gel\u00f6scht werden.<\/p>\n<p><div role=\"form\" class=\"wpcf7\" id=\"wpcf7-f767-o1\" lang=\"de-DE\" dir=\"ltr\">\n<div class=\"screen-reader-response\"><p role=\"status\" aria-live=\"polite\" aria-atomic=\"true\"><\/p> <ul><\/ul><\/div>\n<form action=\"\/en\/wp-json\/wp\/v2\/pages\/764#wpcf7-f767-o1\" method=\"post\" class=\"wpcf7-form init\" novalidate=\"novalidate\" data-status=\"init\">\n<div style=\"display: none;\">\n<input type=\"hidden\" name=\"_wpcf7\" value=\"767\" \/>\n<input type=\"hidden\" name=\"_wpcf7_version\" value=\"5.6.4\" \/>\n<input type=\"hidden\" name=\"_wpcf7_locale\" value=\"de_DE\" \/>\n<input type=\"hidden\" name=\"_wpcf7_unit_tag\" value=\"wpcf7-f767-o1\" \/>\n<input type=\"hidden\" name=\"_wpcf7_container_post\" value=\"0\" \/>\n<input type=\"hidden\" name=\"_wpcf7_posted_data_hash\" value=\"\" \/>\n<\/div>\n<div class=\"box-left\">\n<h3>a \u2013 K\u00f6rperl\u00e4nge<\/h3>\n<p>Die K\u00f6rperl\u00e4nge wird ohne Schuhe gemessen. Bitte geben Sie die Ma\u00dfe in cm an.<br \/>\n<span class=\"wpcf7-form-control-wrap\" data-name=\"textarea-83\"><textarea name=\"textarea-83\" cols=\"40\" rows=\"1\" class=\"wpcf7-form-control wpcf7-textarea\" aria-invalid=\"false\"><\/textarea><\/span><br \/>\nOptional f\u00fcr Tandem: Hintere Person<br \/>\n<span class=\"wpcf7-form-control-wrap\" data-name=\"textarea-101\"><textarea name=\"textarea-101\" cols=\"40\" rows=\"1\" class=\"wpcf7-form-control wpcf7-textarea\" aria-invalid=\"false\"><\/textarea><\/span><\/p>\n<h3>b \u2013 Schrittl\u00e4nge<\/h3>\n<p>Hierbei geht es um die L\u00e4nge, die das Bein bei der durchgestreckten Pedalposition am Rad hat. Eine zweite Person zum Helfen empfiehlt sich. Die Wasserwaage wird \u2013 um das Sitzen im auf dem Sattel zu simulieren \u2013 leicht in den Schritt gedr\u00fcckt.<br \/>\n<span class=\"wpcf7-form-control-wrap\" data-name=\"textarea-84\"><textarea name=\"textarea-84\" cols=\"40\" rows=\"1\" class=\"wpcf7-form-control wpcf7-textarea\" aria-invalid=\"false\"><\/textarea><\/span><br \/>\nOptional f\u00fcr Tandem: Hintere Person<br \/>\n<span class=\"wpcf7-form-control-wrap\" data-name=\"textarea-102\"><textarea name=\"textarea-102\" cols=\"40\" rows=\"1\" class=\"wpcf7-form-control wpcf7-textarea\" aria-invalid=\"false\"><\/textarea><\/span><\/p>\n<h3>c \u2013 Torsol\u00e4nge<\/h3>\n<p>Daf\u00fcr kann man gleich auf der Wasserwaage sitzen bleiben. Gefragt ist die L\u00e4nge von der Oberkante der Wasserwagge, bis zu dem Punkt auf der Brust, an dem die Brustbeine zusammenlaufen. Diesen kann man am besten mit deinem Kugelschreiber fixieren.<br \/>\n<span class=\"wpcf7-form-control-wrap\" data-name=\"textarea-85\"><textarea name=\"textarea-85\" cols=\"40\" rows=\"1\" class=\"wpcf7-form-control wpcf7-textarea\" aria-invalid=\"false\"><\/textarea><\/span><br \/>\nOptional f\u00fcr Tandem: Hintere Person<br \/>\n<span class=\"wpcf7-form-control-wrap\" data-name=\"textarea-103\"><textarea name=\"textarea-103\" cols=\"40\" rows=\"1\" class=\"wpcf7-form-control wpcf7-textarea\" aria-invalid=\"false\"><\/textarea><\/span><\/p>\n<\/div>\n<div class=\"box-right\">\n<h3>d \u2013 Arml\u00e4nge<\/h3>\n<p>Die Arml\u00e4nge sollte wie beim Sitzen auf dem Rad gemessen werden. Hierzu streckt man die Arme nach vorne aus und h\u00e4lt einen Kugelschreiber in der Hand. Der hinterste Schulterpunkt bis zur Spitze des Kugelschreibers ergibt die Arml\u00e4nge.<br \/>\n<span class=\"wpcf7-form-control-wrap\" data-name=\"textarea-86\"><textarea name=\"textarea-86\" cols=\"40\" rows=\"1\" class=\"wpcf7-form-control wpcf7-textarea\" aria-invalid=\"false\"><\/textarea><\/span><br \/>\nOptional f\u00fcr Tandem: Hintere Person<br \/>\n<span class=\"wpcf7-form-control-wrap\" data-name=\"textarea-104\"><textarea name=\"textarea-104\" cols=\"40\" rows=\"1\" class=\"wpcf7-form-control wpcf7-textarea\" aria-invalid=\"false\"><\/textarea><\/span><\/p>\n<h3>e \u2013 Schulterbreite<\/h3>\n<p>Hierbei misst man jeweils von den \u00e4u\u00dfersten Punkten der Schulter zueinander.<br \/>\n<span class=\"wpcf7-form-control-wrap\" data-name=\"textarea-87\"><textarea name=\"textarea-87\" cols=\"40\" rows=\"1\" class=\"wpcf7-form-control wpcf7-textarea\" aria-invalid=\"false\"><\/textarea><\/span><br \/>\nOptional f\u00fcr Tandem: Hintere Person<br \/>\n<span class=\"wpcf7-form-control-wrap\" data-name=\"textarea-105\"><textarea name=\"textarea-105\" cols=\"40\" rows=\"1\" class=\"wpcf7-form-control wpcf7-textarea\" aria-invalid=\"false\"><\/textarea><\/span><\/p>\n<\/div>\n<div class=\"clearer\"><\/div>\n<div class=\"box-left\">\n<h3>Wie oft fahren Sie?<\/h3>\n<p><span class=\"wpcf7-form-control-wrap\" data-name=\"menu-814\"><select name=\"menu-814\" class=\"wpcf7-form-control wpcf7-select wpcf7-validates-as-required\" aria-required=\"true\" aria-invalid=\"false\"><option value=\"\">---<\/option><option value=\"ein Mal im Monat\">ein Mal im Monat<\/option><option value=\"ein Mal in der Woche\">ein Mal in der Woche<\/option><option value=\"einmal am Tag\">einmal am Tag<\/option><option value=\"mehrmals am Tag\">mehrmals am Tag<\/option><\/select><\/span><\/p>\n<h3>Wie weit fahren Sie durchschnittlich pro Fahrt?<\/h3>\n<p><span class=\"wpcf7-form-control-wrap\" data-name=\"menu-363\"><select name=\"menu-363\" class=\"wpcf7-form-control wpcf7-select wpcf7-validates-as-required\" aria-required=\"true\" aria-invalid=\"false\"><option value=\"\">---<\/option><option value=\"5km\">5km<\/option><option value=\"10km\">10km<\/option><option value=\"20km\">20km<\/option><option value=\"40km\">40km<\/option><option value=\"100km\">100km<\/option><\/select><\/span><\/p>\n<h3>Wie nutzen Sie das Rad?<\/h3>\n<p><span class=\"wpcf7-form-control-wrap\" data-name=\"menu-381\"><select name=\"menu-381\" class=\"wpcf7-form-control wpcf7-select wpcf7-validates-as-required\" aria-required=\"true\" aria-invalid=\"false\"><option value=\"\">---<\/option><option value=\"als Freizeit-Besch\u00e4ftigung (gem\u00fctliches fahren)\">als Freizeit-Besch\u00e4ftigung (gem\u00fctliches fahren)<\/option><option value=\"als Verkehrsmittel\">als Verkehrsmittel<\/option><option value=\"als Sportger\u00e4t\">als Sportger\u00e4t<\/option><\/select><\/span><\/p>\n<h3>W\u00fcnschen Sie einen tiefen Einstieg?<\/h3>\n<p>(Die Fahreigenschaften des Rades bleiben davon unber\u00fchrt.)<\/p>\n<p><span class=\"wpcf7-form-control-wrap\" data-name=\"checkbox-332\"><span class=\"wpcf7-form-control wpcf7-checkbox\"><span class=\"wpcf7-list-item first last\"><input type=\"checkbox\" name=\"checkbox-332[]\" value=\"Ja\" \/><span class=\"wpcf7-list-item-label\">Ja<\/span><\/span><\/span><\/span><\/p>\n<h3>Haben Sie R\u00fcckenprobleme, wenn ja, welche?<\/h3>\n<p><span class=\"wpcf7-form-control-wrap\" data-name=\"textarea-563\"><textarea name=\"textarea-563\" cols=\"40\" rows=\"10\" class=\"wpcf7-form-control wpcf7-textarea wpcf7-validates-as-required\" aria-required=\"true\" aria-invalid=\"false\"><\/textarea><\/span><\/p>\n<\/div>\n<div class=\"box-right\">\n<h3>Welche Sitzposition bevorzugen Sie?<\/h3>\n<p><span class=\"wpcf7-form-control-wrap\" data-name=\"menu-912\"><select name=\"menu-912\" class=\"wpcf7-form-control wpcf7-select wpcf7-validates-as-required\" aria-required=\"true\" aria-invalid=\"false\"><option value=\"\">---<\/option><option value=\"Aufrecht\">Aufrecht<\/option><option value=\"leicht gestreckt\">leicht gestreckt<\/option><option value=\"sehr sportlich\">sehr sportlich<\/option><\/select><\/span><\/p>\n<h3>Warum bevorzugen Sie diese Sitzposition?<\/h3>\n<p><span class=\"wpcf7-form-control-wrap\" data-name=\"textarea-899\"><textarea name=\"textarea-899\" cols=\"40\" rows=\"10\" class=\"wpcf7-form-control wpcf7-textarea\" aria-invalid=\"false\"><\/textarea><\/span><\/p>\n<h3>Wie m\u00f6chten Sie die Faltoption nutzen?<\/h3>\n<p><span class=\"wpcf7-form-control-wrap\" data-name=\"menu-65\"><select name=\"menu-65\" class=\"wpcf7-form-control wpcf7-select wpcf7-validates-as-required\" aria-required=\"true\" aria-invalid=\"false\"><option value=\"\">---<\/option><option value=\"Mitnahme im Auto\">Mitnahme im Auto<\/option><option value=\"Mitnahme in \u00f6ffentlichen Verkerhsmitteln\">Mitnahme in \u00f6ffentlichen Verkerhsmitteln<\/option><option value=\"Mitnahme in Fernz\u00fcgen\">Mitnahme in Fernz\u00fcgen<\/option><option value=\"Mitnahme im Flugzeug\">Mitnahme im Flugzeug<\/option><\/select><\/span><\/p>\n<h3>Wie oft werden Sie die Faltoption nutzen?<\/h3>\n<p><span class=\"wpcf7-form-control-wrap\" data-name=\"menu-300\"><select name=\"menu-300\" class=\"wpcf7-form-control wpcf7-select wpcf7-validates-as-required\" aria-required=\"true\" aria-invalid=\"false\"><option value=\"\">---<\/option><option value=\"ein Mal im Monat\">ein Mal im Monat<\/option><option value=\"ein Mal in der Woche\">ein Mal in der Woche<\/option><option value=\"ein Mal am Tag\">ein Mal am Tag<\/option><option value=\"mehrmals am Tag\">mehrmals am Tag<\/option><\/select><\/span>\n<\/p><\/div>\n<div class=\"clearer\"><\/div>\n<div class=\"box-left\">\n<p>Ihr Name (Pflichtfeld)<br \/>\n    <span class=\"wpcf7-form-control-wrap\" data-name=\"your-name\"><input type=\"text\" name=\"your-name\" value=\"\" size=\"40\" class=\"wpcf7-form-control wpcf7-text wpcf7-validates-as-required\" aria-required=\"true\" aria-invalid=\"false\" \/><\/span> <\/p>\n<p>Ihre E-Mail-Adresse (Pflichtfeld)<br \/>\n    <span class=\"wpcf7-form-control-wrap\" data-name=\"your-email\"><input type=\"email\" name=\"your-email\" value=\"\" size=\"40\" class=\"wpcf7-form-control wpcf7-text wpcf7-email wpcf7-validates-as-required wpcf7-validates-as-email\" aria-required=\"true\" aria-invalid=\"false\" \/><\/span> <\/p>\n<p>Ihre Telefonnummer<br \/>\n<span class=\"wpcf7-form-control-wrap\" data-name=\"tel-910\"><input type=\"tel\" name=\"tel-910\" value=\"\" size=\"40\" class=\"wpcf7-form-control wpcf7-text wpcf7-tel wpcf7-validates-as-tel\" aria-invalid=\"false\" \/><\/span><\/p>\n<\/div>\n<div class=\"box-right\">\n<p>Bemerkungen<br \/>\n    <span class=\"wpcf7-form-control-wrap\" data-name=\"your-message\"><textarea name=\"your-message\" cols=\"40\" rows=\"10\" class=\"wpcf7-form-control wpcf7-textarea\" aria-invalid=\"false\"><\/textarea><\/span> <\/p>\n<details style=\"cursor: pointer;\">\n<summary style=\"outline: 0; margin-left: 6px;\">\nBedingungen f\u00fcr den Newsletter<\/summary>\n<p>Mit Absenden des Formulars werden meine Daten verarbeitet und an den jeweiligen<br \/>\nVertriebspartner weitergegeben. Diese Einwilligung kann ich jederzeit per E-Mail an <a href=\"mailto:info@bernds.de\"><br \/>\ninfo@bernds.de<\/a> widerrufen. Mehr unter <a href=\"https:\/\/bernds.de\/datenschutzerklaerung\/\" target=\"_blank\"<br \/>\nstyle=\"text-decoration: underline\">Datenschutzerkl\u00e4rung<\/a><\/details>\n<p><span class=\"wpcf7-form-control-wrap\" data-name=\"checkbox-485\"><span class=\"wpcf7-form-control wpcf7-checkbox\"><span class=\"wpcf7-list-item first last\"><input type=\"checkbox\" name=\"checkbox-485[]\" value=\"Neues aus der Werkstatt: Nehmen Sie mich in den Newsletter auf. Ich akzeptiere den obigen Bedingungen.\" \/><span class=\"wpcf7-list-item-label\">Neues aus der Werkstatt: Nehmen Sie mich in den Newsletter auf. Ich akzeptiere den obigen Bedingungen.<\/span><\/span><\/span><\/span><br \/>\n<span><\/span><br \/>\n<span class=\"wpcf7-form-control-wrap\" data-name=\"accept\"><span class=\"wpcf7-form-control wpcf7-checkbox wpcf7-validates-as-required wpcf7-exclusive-checkbox\"><span class=\"wpcf7-list-item first last\"><label><input type=\"checkbox\" name=\"accept\" value=\"Ich bin mit der Verarbeitung meiner Daten laut unserer Datenschutzerkl\u00e4rung einverstanden *\" \/><span class=\"wpcf7-list-item-label\">Ich bin mit der Verarbeitung meiner Daten laut unserer Datenschutzerkl\u00e4rung einverstanden *<\/span><\/label><\/span><\/span><\/span><\/p>\n<p><input type=\"submit\" value=\"Abschicken\" class=\"wpcf7-form-control has-spinner wpcf7-submit button1\" \/><\/p>\n<\/div>\n<div class=\"clearer\"><\/div>\n<div class=\"wpcf7-response-output\" aria-hidden=\"true\"><\/div><\/form><\/div><\/p>","protected":false},"excerpt":{"rendered":"<p>Sorry, this entry is only available in German. We are currently working on the translation. For the sake of viewer convenience, the content is shown below in the alternative language. You may click the link to switch the active language. Diese Ma\u00dfe ben\u00f6tigen wir von Ihnen, um Ihr Bernds perfekt f\u00fcr Sie vorzubereiten. Ihre Daten [&hellip;]<\/p>\n","protected":false},"author":1,"featured_media":0,"parent":0,"menu_order":0,"comment_status":"open","ping_status":"open","template":"page-no-title.php","meta":[],"_links":{"self":[{"href":"https:\/\/bernds.de\/en\/wp-json\/wp\/v2\/pages\/764"}],"collection":[{"href":"https:\/\/bernds.de\/en\/wp-json\/wp\/v2\/pages"}],"about":[{"href":"https:\/\/bernds.de\/en\/wp-json\/wp\/v2\/types\/page"}],"author":[{"embeddable":true,"href":"https:\/\/bernds.de\/en\/wp-json\/wp\/v2\/users\/1"}],"replies":[{"embeddable":true,"href":"https:\/\/bernds.de\/en\/wp-json\/wp\/v2\/comments?post=764"}],"version-history":[{"count":18,"href":"https:\/\/bernds.de\/en\/wp-json\/wp\/v2\/pages\/764\/revisions"}],"predecessor-version":[{"id":4212,"href":"https:\/\/bernds.de\/en\/wp-json\/wp\/v2\/pages\/764\/revisions\/4212"}],"wp:attachment":[{"href":"https:\/\/bernds.de\/en\/wp-json\/wp\/v2\/media?parent=764"}],"curies":[{"name":"wp","href":"https:\/\/api.w.org\/{rel}","templated":true}]}}