{"id":70,"date":"2014-05-16T16:35:41","date_gmt":"2014-05-16T14:35:41","guid":{"rendered":"http:\/\/bernds.de\/?page_id=70"},"modified":"2014-05-20T21:26:51","modified_gmt":"2014-05-20T19:26:51","slug":"faltrad-technische-daten","status":"publish","type":"page","link":"https:\/\/bernds.de\/en\/faltrad\/faltrad-technische-daten\/","title":{"rendered":"Faltrad \u2013 Technische Daten"},"content":{"rendered":"<p class=\"qtranxs-available-languages-message qtranxs-available-languages-message-en\">Sorry, this entry is only available in <a href=\"https:\/\/bernds.de\/de\/wp-json\/wp\/v2\/pages\/70\" class=\"qtranxs-available-language-link qtranxs-available-language-link-de\" title=\"Deutsch\">German<\/a>. We are currently working on the translation. For the sake of viewer convenience, the content is shown below in the alternative language. You may click the link to switch the active language.<\/p><p><div class=\"menu-faltrad-container\"><ul id=\"product-menu\" class=\"clearfix\"><li id=\"menu-item-136\" class=\"menu-item menu-item-type-post_type menu-item-object-page menu-item-136\"><a href=\"https:\/\/bernds.de\/en\/faltrad\/\">Folding Bike<\/a><\/li>\n<li id=\"menu-item-105\" class=\"menu-item menu-item-type-post_type menu-item-object-page menu-item-105\"><a href=\"https:\/\/bernds.de\/en\/faltrad\/faltrad-daten\/\">Technical Data<\/a><\/li>\n<li id=\"menu-item-704\" class=\"menu-item menu-item-type-post_type menu-item-object-page menu-item-704\"><a href=\"https:\/\/bernds.de\/en\/faltrad\/faltrad-faltvorgang\/\">Folding<\/a><\/li>\n<li id=\"menu-item-228\" class=\"menu-item menu-item-type-post_type menu-item-object-page menu-item-228\"><a href=\"https:\/\/bernds.de\/en\/faltrad\/paxbernds-faltrad\/\">PaxBernds<\/a><\/li>\n<li id=\"menu-item-4055\" class=\"menu-item menu-item-type-post_type menu-item-object-page menu-item-4055\"><a href=\"https:\/\/bernds.de\/en\/faltrad\/faltrad-konfigurator\/\">Configurator<\/a><\/li>\n<\/ul><\/div><\/p>\n<h2>Bernds Faltrad<\/h2>\n<table>\n<tr>\n<td>Stahlrahmen aus eigener Produktion*<\/td>\n<\/tr>\n<tr>\n<td>Faltma\u00df (alle Modelle)<\/td>\n<td>95&#215;74,5x20cm (mit ausgebauter Gabel 75&#215;74,5x20cm)<\/td>\n<\/tr>\n<tr>\n<td>Radstand<\/td>\n<td>104\/100cm<\/td>\n<\/tr>\n<tr>\n<td>Hinterbaul\u00e4nge<\/td>\n<td>40cm<\/td>\n<\/tr>\n<tr>\n<td>Gesamtl\u00e4nge<\/td>\n<td>154\/150cm<\/td>\n<\/tr>\n<tr>\n<td>Zuladung<\/td>\n<td>140kg<\/td>\n<\/tr>\n<tr>\n<td>Durchstiegh\u00f6he<\/td>\n<td>52cm<\/td>\n<\/tr>\n<tr>\n<td>Oberrohrl\u00e4nge<\/td>\n<td>60\/56cm<\/td>\n<\/tr>\n<tr>\n<td>Gewicht<\/td>\n<td>ab 9,8kg<\/td>\n<\/tr>\n<tr>\n<td>K\u00f6rpergr\u00f6\u00dfe<\/td>\n<td>von 140cm bis 210cm<\/td>\n<\/tr>\n<\/table>\n<p>*Standardabmessungen mit 50mm breiten Reifen, Ma\u00dfanfertigung abweichend<\/p>\n<h2>Antriebsvarianten<\/h2>\n<table>\n<tr>\n<td>8-Gang Kettenschaltung<\/td>\n<td>Entfaltung 2,45m \u2013 7,13m (48Z zu 11Z-32Z), Kettenantrieb mit Freilauf<\/td>\n<\/tr>\n<tr>\n<td>8-Gang Nabenschaltung<\/td>\n<td>Entfaltung 2,41m &#8211; 7,39m (42Z zu 15Z), Shimano Nexus mit R\u00fccktritt oder Freilauf (Premium Nabe); optional mit Riemenantrieb<\/td>\n<\/tr>\n<tr>\n<td>3&#215;8-Gang Dual Drive<\/td>\n<td>Entfaltung 1,57m \u2013 8,48m (42Z zu 11Z-32Z), Sram DualDrive, 8-Gang kombiniert mit 3-Gang Nabenschaltung<\/td>\n<\/tr>\n<tr>\n<td>14-Gang Nabenschaltung<\/td>\n<td>Entfaltung 1,68m \u2013 8,85m (48Z zu 13Z), Rohloff SpeedHub; optional mit Riemenantrieb<\/td>\n<\/tr>\n<\/table>\n<p><div class=\"menu-faltrad-varianten-container\"><ul id=\"bikes-menu\" class=\"clearfix\"><li id=\"menu-item-207\" class=\"bike-faltrad menu-item menu-item-type-post_type menu-item-object-page menu-item-207\"><a href=\"https:\/\/bernds.de\/en\/faltrad\/\">Folding Bike<\/a><\/li>\n<li id=\"menu-item-208\" class=\"bike-faltrad-eb menu-item menu-item-type-post_type menu-item-object-page menu-item-208\"><a href=\"https:\/\/bernds.de\/en\/faltrad\/paxbernds-faltrad\/\">PaxBernds Foldable<\/a><\/li>\n<li id=\"menu-item-2347\" class=\"bike-gretel menu-item menu-item-type-post_type menu-item-object-page menu-item-2347\"><a href=\"https:\/\/bernds.de\/en\/gretel\/\">LowStep Folding<\/a><\/li>\n<li id=\"menu-item-206\" class=\"bike-berndsbox menu-item menu-item-type-post_type menu-item-object-page menu-item-206\"><a href=\"https:\/\/bernds.de\/en\/berndsbox\/\">Test Ride<\/a><\/li>\n<\/ul><\/div><\/p>","protected":false},"excerpt":{"rendered":"<p>Sorry, this entry is only available in German. We are currently working on the translation. For the sake of viewer convenience, the content is shown below in the alternative language. You may click the link to switch the active language. Bernds Faltrad Stahlrahmen aus eigener Produktion* Faltma\u00df (alle Modelle) 95&#215;74,5x20cm (mit ausgebauter Gabel 75&#215;74,5x20cm) Radstand [&hellip;]<\/p>\n","protected":false},"author":1,"featured_media":0,"parent":26,"menu_order":0,"comment_status":"open","ping_status":"open","template":"page-no-title.php","meta":[],"_links":{"self":[{"href":"https:\/\/bernds.de\/en\/wp-json\/wp\/v2\/pages\/70"}],"collection":[{"href":"https:\/\/bernds.de\/en\/wp-json\/wp\/v2\/pages"}],"about":[{"href":"https:\/\/bernds.de\/en\/wp-json\/wp\/v2\/types\/page"}],"author":[{"embeddable":true,"href":"https:\/\/bernds.de\/en\/wp-json\/wp\/v2\/users\/1"}],"replies":[{"embeddable":true,"href":"https:\/\/bernds.de\/en\/wp-json\/wp\/v2\/comments?post=70"}],"version-history":[{"count":6,"href":"https:\/\/bernds.de\/en\/wp-json\/wp\/v2\/pages\/70\/revisions"}],"predecessor-version":[{"id":244,"href":"https:\/\/bernds.de\/en\/wp-json\/wp\/v2\/pages\/70\/revisions\/244"}],"up":[{"embeddable":true,"href":"https:\/\/bernds.de\/en\/wp-json\/wp\/v2\/pages\/26"}],"wp:attachment":[{"href":"https:\/\/bernds.de\/en\/wp-json\/wp\/v2\/media?parent=70"}],"curies":[{"name":"wp","href":"https:\/\/api.w.org\/{rel}","templated":true}]}}