{"id":6140,"date":"2023-01-03T11:28:34","date_gmt":"2023-01-03T09:28:34","guid":{"rendered":"https:\/\/bernds.de\/?page_id=6140"},"modified":"2023-01-06T17:15:23","modified_gmt":"2023-01-06T15:15:23","slug":"kompakt-dreirad-pickup","status":"publish","type":"page","link":"https:\/\/bernds.de\/en\/kompakt-dreirad-pickup\/","title":{"rendered":"Kompakt Dreirad PickUp"},"content":{"rendered":"<p><div id=\"wooslider-id-1\" class=\"wooslider wooslider-id-1 wooslider-type-slides wooslider-theme-default image-slide\"><ul class=\"slides\">\n<li class=\"slide\">\n<div class=\"slide-content layout-text-top overlay-natural has-featured-image\"><div class=\"slide-excerpt\"><h2 class=\"slide-title\">Pickup Kompakt<\/h2><p><a href=\"https:\/\/bernds.de\/kompakt-dreirad-pickup\/pickup-konfigurator\/\">\u2192 Configure<\/a><br \/><a href=\"https:\/\/bernds.de\/kompakt-dreirad-pickup\/pickup-konfigurator\/\">\u2192 Buy<\/a><\/p>\n<\/div><img width=\"2000\" height=\"1012\" src=\"https:\/\/bernds.de\/wp-content\/uploads\/2022\/08\/bernds_dreirad_pickup_sport_curry.jpg\" class=\"attachment-post-thumbnail size-post-thumbnail wp-post-image\" alt=\"\" decoding=\"async\" loading=\"lazy\" srcset=\"https:\/\/bernds.de\/wp-content\/uploads\/2022\/08\/bernds_dreirad_pickup_sport_curry.jpg 2000w, https:\/\/bernds.de\/wp-content\/uploads\/2022\/08\/bernds_dreirad_pickup_sport_curry-960x486.jpg 960w, https:\/\/bernds.de\/wp-content\/uploads\/2022\/08\/bernds_dreirad_pickup_sport_curry-1200x607.jpg 1200w, https:\/\/bernds.de\/wp-content\/uploads\/2022\/08\/bernds_dreirad_pickup_sport_curry-768x389.jpg 768w, https:\/\/bernds.de\/wp-content\/uploads\/2022\/08\/bernds_dreirad_pickup_sport_curry-1536x777.jpg 1536w, https:\/\/bernds.de\/wp-content\/uploads\/2022\/08\/bernds_dreirad_pickup_sport_curry-1000x506.jpg 1000w\" sizes=\"(max-width: 2000px) 100vw, 2000px\" \/><\/div><\/li>\n<li class=\"slide\">\n<div class=\"slide-content layout-text-top overlay-natural has-featured-image\"><div class=\"slide-excerpt\"><h2 class=\"slide-title\">Pickup Kompakt<\/h2><p><a href=\"https:\/\/bernds.de\/kompakt-dreirad-pickup\/pickup-konfigurator\/\">\u2192 Configure<\/a><br \/><a href=\"https:\/\/bernds.de\/kompakt-dreirad-pickup\/pickup-konfigurator\/\">\u2192 Buy<\/a><\/p>\n<\/div><img width=\"2000\" height=\"1012\" src=\"https:\/\/bernds.de\/wp-content\/uploads\/2023\/01\/bernds_packshots_kompakt_dreirad_221022_cayenne.jpg\" class=\"attachment-post-thumbnail size-post-thumbnail wp-post-image\" alt=\"\" decoding=\"async\" loading=\"lazy\" srcset=\"https:\/\/bernds.de\/wp-content\/uploads\/2023\/01\/bernds_packshots_kompakt_dreirad_221022_cayenne.jpg 2000w, https:\/\/bernds.de\/wp-content\/uploads\/2023\/01\/bernds_packshots_kompakt_dreirad_221022_cayenne-960x486.jpg 960w, https:\/\/bernds.de\/wp-content\/uploads\/2023\/01\/bernds_packshots_kompakt_dreirad_221022_cayenne-1200x607.jpg 1200w, https:\/\/bernds.de\/wp-content\/uploads\/2023\/01\/bernds_packshots_kompakt_dreirad_221022_cayenne-768x389.jpg 768w, https:\/\/bernds.de\/wp-content\/uploads\/2023\/01\/bernds_packshots_kompakt_dreirad_221022_cayenne-1536x777.jpg 1536w, https:\/\/bernds.de\/wp-content\/uploads\/2023\/01\/bernds_packshots_kompakt_dreirad_221022_cayenne-1000x506.jpg 1000w\" sizes=\"(max-width: 2000px) 100vw, 2000px\" \/><\/div><\/li>\n<li class=\"slide\" data-wooslidercontent=\"&lt;div class=&quot;slide-content layout-text-top overlay-natural has-featured-image&quot;&gt;&lt;div class=&quot;slide-excerpt&quot;&gt;&lt;h2 class=&quot;slide-title&quot;&gt;Pickup Kompakt&lt;\/h2&gt;&lt;p&gt;&lt;a href=&quot;https:\/\/bernds.de\/kompakt-dreirad-pickup\/pickup-konfigurator\/&quot;&gt;\u2192 Configure&lt;\/a&gt;&lt;br \/&gt;&lt;a href=&quot;https:\/\/bernds.de\/kompakt-dreirad-pickup\/pickup-konfigurator\/&quot;&gt;\u2192 Buy&lt;\/a&gt;&lt;\/p&gt;\n&lt;\/div&gt;&lt;img width=&quot;2000&quot; height=&quot;1012&quot; src=&quot;https:\/\/bernds.de\/wp-content\/uploads\/2023\/01\/bernds_packshots_kompakt_dreirad_221022_schwarz.jpg&quot; class=&quot;attachment-post-thumbnail size-post-thumbnail wp-post-image&quot; alt=&quot;&quot; decoding=&quot;async&quot; loading=&quot;lazy&quot; srcset=&quot;https:\/\/bernds.de\/wp-content\/uploads\/2023\/01\/bernds_packshots_kompakt_dreirad_221022_schwarz.jpg 2000w, https:\/\/bernds.de\/wp-content\/uploads\/2023\/01\/bernds_packshots_kompakt_dreirad_221022_schwarz-960x486.jpg 960w, https:\/\/bernds.de\/wp-content\/uploads\/2023\/01\/bernds_packshots_kompakt_dreirad_221022_schwarz-1200x607.jpg 1200w, https:\/\/bernds.de\/wp-content\/uploads\/2023\/01\/bernds_packshots_kompakt_dreirad_221022_schwarz-768x389.jpg 768w, https:\/\/bernds.de\/wp-content\/uploads\/2023\/01\/bernds_packshots_kompakt_dreirad_221022_schwarz-1536x777.jpg 1536w, https:\/\/bernds.de\/wp-content\/uploads\/2023\/01\/bernds_packshots_kompakt_dreirad_221022_schwarz-1000x506.jpg 1000w&quot; sizes=&quot;(max-width: 2000px) 100vw, 2000px&quot; \/&gt;&lt;\/div&gt;\"><\/li>\n<li class=\"slide\" data-wooslidercontent=\"&lt;div class=&quot;slide-content layout-text-top overlay-natural has-featured-image&quot;&gt;&lt;div class=&quot;slide-excerpt&quot;&gt;&lt;h2 class=&quot;slide-title&quot;&gt;Pickup Kompakt&lt;\/h2&gt;&lt;p&gt;&lt;a href=&quot;https:\/\/bernds.de\/kompakt-dreirad-pickup\/pickup-konfigurator\/&quot;&gt;\u2192 Configure&lt;\/a&gt;&lt;br \/&gt;&lt;a href=&quot;https:\/\/bernds.de\/kompakt-dreirad-pickup\/pickup-konfigurator\/&quot;&gt;\u2192 Buy&lt;\/a&gt;&lt;\/p&gt;\n&lt;\/div&gt;&lt;img width=&quot;2000&quot; height=&quot;1012&quot; src=&quot;https:\/\/bernds.de\/wp-content\/uploads\/2023\/01\/bernds_packshots_kompakt_dreirad_221022_sesam.jpg&quot; class=&quot;attachment-post-thumbnail size-post-thumbnail wp-post-image&quot; alt=&quot;&quot; decoding=&quot;async&quot; loading=&quot;lazy&quot; srcset=&quot;https:\/\/bernds.de\/wp-content\/uploads\/2023\/01\/bernds_packshots_kompakt_dreirad_221022_sesam.jpg 2000w, https:\/\/bernds.de\/wp-content\/uploads\/2023\/01\/bernds_packshots_kompakt_dreirad_221022_sesam-960x486.jpg 960w, https:\/\/bernds.de\/wp-content\/uploads\/2023\/01\/bernds_packshots_kompakt_dreirad_221022_sesam-1200x607.jpg 1200w, https:\/\/bernds.de\/wp-content\/uploads\/2023\/01\/bernds_packshots_kompakt_dreirad_221022_sesam-768x389.jpg 768w, https:\/\/bernds.de\/wp-content\/uploads\/2023\/01\/bernds_packshots_kompakt_dreirad_221022_sesam-1536x777.jpg 1536w, https:\/\/bernds.de\/wp-content\/uploads\/2023\/01\/bernds_packshots_kompakt_dreirad_221022_sesam-1000x506.jpg 1000w&quot; sizes=&quot;(max-width: 2000px) 100vw, 2000px&quot; \/&gt;&lt;\/div&gt;\"><\/li>\n<\/ul><\/div>\n<br \/>\n<div class=\"menu-pickup-kompakt-container\"><ul id=\"product-menu\" class=\"clearfix\"><li id=\"menu-item-6183\" class=\"menu-item menu-item-type-post_type menu-item-object-page menu-item-6183\"><a href=\"https:\/\/bernds.de\/en\/kompakt-dreirad-pickup\/\">Kompakt Dreirad PickUp<\/a><\/li>\n<li id=\"menu-item-6200\" class=\"menu-item menu-item-type-post_type menu-item-object-page menu-item-6200\"><a href=\"https:\/\/bernds.de\/en\/kompakt-dreirad-pickup\/pickup-konfigurator\/\">Konfigurieren<\/a><\/li>\n<\/ul><\/div><\/p>\n<h1>Sicher. Sportlich. Und genau so Bernds-typisch schick.<\/h1>\n<p>Zwei Hinterreifen sind stabiler als einer. Bei Kurvenfahrten kommt es bei Dreir\u00e4dern jedoch oft zum Sturz, da zu schnell in die Kurve gefahren wird oder eine hektische Lenkbewegung mit Gegenlenken ausgeglichen werden soll.<\/p>\n<p>Deshalb haben wir eine bisher einzigartige Stabilisierung entwickelt. Die Antriebskraft wird mit zwei Trommelbremsen auf die Starachse \u00fcbertragen, was in Kurven zum Abbremsen des \u00e4u\u00dferen Rades f\u00fchrt. Dieser Effekt wird gr\u00f6sser je schneller man f\u00e4hrt. So sch\u00fctzt er vor zu hoher Kurvengeschwindigkeit und macht das Pickup zum sichersten Begleiter, auch f\u00fcr Fahrerinnen und Fahrer mit eingeschr\u00e4nkter Beweglichkeit oder Koordination.<\/p>\n<p>Drei R\u00e4der sorgen f\u00fcr hohe Stabilit\u00e4t und hohe Zuladung. Unser Pickup nimmt bis zu 140kg mit und bleibt mit dem gefederten Hinterbau, dem besonders tiefen Durchstieg und Ballonreifen stets bequem \u2013 f\u00fcr alle.<\/p>\n<h2>Alle Modelle<\/h2>\n<div class=\"menu-overview-container\"><ul id=\"bikes-menu\" class=\"clearfix\"><li id=\"menu-item-5369\" class=\"bike-kompaktrad-gretel menu-item menu-item-type-post_type menu-item-object-page menu-item-5369\"><a href=\"https:\/\/bernds.de\/en\/kompaktrad-gretel\/\">Compactbike Gretel<\/a><\/li>\n<li id=\"menu-item-4381\" class=\"bike-kompaktrad menu-item menu-item-type-post_type menu-item-object-page menu-item-4381\"><a href=\"https:\/\/bernds.de\/en\/kompaktrad\/\">Compactbike<\/a><\/li>\n<li id=\"menu-item-178\" class=\"bike-faltrad menu-item menu-item-type-post_type menu-item-object-page menu-item-178\"><a href=\"https:\/\/bernds.de\/en\/faltrad\/\">Folding Bike<\/a><\/li>\n<li id=\"menu-item-4383\" class=\"bike-faltrad-eb menu-item menu-item-type-post_type menu-item-object-page menu-item-4383\"><a href=\"https:\/\/bernds.de\/en\/faltrad\/paxbernds-faltrad\/\">PaxBernds Folding Bike<\/a><\/li>\n<li id=\"menu-item-187\" class=\"bike-gretel menu-item menu-item-type-post_type menu-item-object-page menu-item-187\"><a href=\"https:\/\/bernds.de\/en\/gretel\/\">Gretel<\/a><\/li>\n<li id=\"menu-item-185\" class=\"bike-falttandem-ls menu-item menu-item-type-post_type menu-item-object-page menu-item-185\"><a href=\"https:\/\/bernds.de\/en\/falttandem\/falttandem-lowstep\/\">LowStep Tandem<\/a><\/li>\n<li id=\"menu-item-4384\" class=\"bike-falttandem-ls-eb menu-item menu-item-type-post_type menu-item-object-page menu-item-4384\"><a href=\"https:\/\/bernds.de\/en\/falttandem\/falttandem-lowstep\/paxbernds\/\">PaxBernds Tandem<\/a><\/li>\n<li id=\"menu-item-182\" class=\"bike-falttandem menu-item menu-item-type-post_type menu-item-object-page menu-item-182\"><a href=\"https:\/\/bernds.de\/en\/falttandem\/\">Folding Tandem Sport<\/a><\/li>\n<li id=\"menu-item-181\" class=\"bike-lastenrad menu-item menu-item-type-post_type menu-item-object-page menu-item-181\"><a href=\"https:\/\/bernds.de\/en\/packbernds\/\">PackBernds<\/a><\/li>\n<li id=\"menu-item-6145\" class=\"bike-kompakt-gretel-dreirad-pickup menu-item menu-item-type-post_type menu-item-object-page menu-item-6145\"><a href=\"https:\/\/bernds.de\/en\/kompakt-gretel-elektro-dreirad-pickup\/\">Kompakt Gretel Tricycle<\/a><\/li>\n<li id=\"menu-item-6142\" class=\"bike-kompakt-dreirad-pickup menu-item menu-item-type-post_type menu-item-object-page menu-item-6142\"><a href=\"https:\/\/bernds.de\/en\/kompakt-dreirad-pickup\/\">Kompakt Tricycle PickUp<\/a><\/li>\n<li id=\"menu-item-189\" class=\"bike-pickup menu-item menu-item-type-post_type menu-item-object-page menu-item-189\"><a href=\"https:\/\/bernds.de\/en\/pickup\/\">Pickup Tricycle<\/a><\/li>\n<li id=\"menu-item-192\" class=\"bike-berndsbox menu-item menu-item-type-post_type menu-item-object-page menu-item-192\"><a href=\"https:\/\/bernds.de\/en\/berndsbox\/\">Order now<\/a><\/li>\n<\/ul><\/div>\n<p><\/br><\/p>\n<div id=\"gallery-emo-normalo\">\n","protected":false},"excerpt":{"rendered":"<p>Sicher. Sportlich. Und genau so Bernds-typisch schick. Zwei Hinterreifen sind stabiler als einer. Bei Kurvenfahrten kommt es bei Dreir\u00e4dern jedoch oft zum Sturz, da zu schnell in die Kurve gefahren wird oder eine hektische Lenkbewegung mit Gegenlenken ausgeglichen werden soll. Deshalb haben wir eine bisher einzigartige Stabilisierung entwickelt. Die Antriebskraft wird mit zwei Trommelbremsen auf [&hellip;]<\/p>\n","protected":false},"author":1,"featured_media":0,"parent":0,"menu_order":0,"comment_status":"closed","ping_status":"closed","template":"page-no-title.php","meta":[],"_links":{"self":[{"href":"https:\/\/bernds.de\/en\/wp-json\/wp\/v2\/pages\/6140"}],"collection":[{"href":"https:\/\/bernds.de\/en\/wp-json\/wp\/v2\/pages"}],"about":[{"href":"https:\/\/bernds.de\/en\/wp-json\/wp\/v2\/types\/page"}],"author":[{"embeddable":true,"href":"https:\/\/bernds.de\/en\/wp-json\/wp\/v2\/users\/1"}],"replies":[{"embeddable":true,"href":"https:\/\/bernds.de\/en\/wp-json\/wp\/v2\/comments?post=6140"}],"version-history":[{"count":7,"href":"https:\/\/bernds.de\/en\/wp-json\/wp\/v2\/pages\/6140\/revisions"}],"predecessor-version":[{"id":6214,"href":"https:\/\/bernds.de\/en\/wp-json\/wp\/v2\/pages\/6140\/revisions\/6214"}],"wp:attachment":[{"href":"https:\/\/bernds.de\/en\/wp-json\/wp\/v2\/media?parent=6140"}],"curies":[{"name":"wp","href":"https:\/\/api.w.org\/{rel}","templated":true}]}}