{"id":47,"date":"2014-05-12T15:10:17","date_gmt":"2014-05-12T13:10:17","guid":{"rendered":"http:\/\/bernds.de\/?page_id=47"},"modified":"2019-01-25T15:43:56","modified_gmt":"2019-01-25T13:43:56","slug":"packbernds-elektro","status":"publish","type":"page","link":"https:\/\/bernds.de\/en\/packbernds\/packbernds-elektro\/","title":{"rendered":"PackBernds Electro"},"content":{"rendered":"<p><div id=\"wooslider-id-2\" class=\"wooslider wooslider-id-2 wooslider-type-slides wooslider-theme-default image-slide\"><ul class=\"slides\">\n<li class=\"slide\">\n<div class=\"slide-content layout-text-top overlay-natural has-featured-image\"><div class=\"slide-excerpt\"><h2 class=\"slide-title\">Controlling E-Bernds.<\/h2><\/div><img width=\"1200\" height=\"607\" src=\"https:\/\/bernds.de\/wp-content\/uploads\/2014\/05\/bernds_elektro_faltrad_e-bike_stuerung.jpg\" class=\"attachment-post-thumbnail size-post-thumbnail wp-post-image\" alt=\"\" decoding=\"async\" loading=\"lazy\" srcset=\"https:\/\/bernds.de\/wp-content\/uploads\/2014\/05\/bernds_elektro_faltrad_e-bike_stuerung.jpg 1200w, https:\/\/bernds.de\/wp-content\/uploads\/2014\/05\/bernds_elektro_faltrad_e-bike_stuerung-960x485.jpg 960w\" sizes=\"(max-width: 1200px) 100vw, 1200px\" \/><\/div><\/li>\n<li class=\"slide\">\n<div class=\"slide-content\">\n<p class=\"qtranxs-available-languages-message qtranxs-available-languages-message-en\">Sorry, this entry is only available in <a href=\"https:\/\/bernds.de\/de\/wp-json\/wp\/v2\/pages\/47\" class=\"qtranxs-available-language-link qtranxs-available-language-link-de\" title=\"Deutsch\">German<\/a>. We are currently working on the translation. For the sake of viewer convenience, the content is shown below in the alternative language. You may click the link to switch the active language.<\/p>\n<div class=\"BorlabsCookie _brlbs-cb-youtube\"><div class=\"_brlbs-content-blocker\"> <div class=\"_brlbs-embed _brlbs-video-youtube\"> <img class=\"_brlbs-thumbnail\" src=\"https:\/\/bernds.de\/wp-content\/plugins\/borlabs-cookie\/assets\/images\/cb-no-thumbnail.png\" alt=\"YouTube\"> <div class=\"_brlbs-caption\"> <p>Mit dem Laden des Videos akzeptieren Sie die Datenschutzerkl\u00e4rung von YouTube.<br><a href=\"https:\/\/policies.google.com\/privacy\" target=\"_blank\" rel=\"nofollow noopener noreferrer\">Mehr erfahren<\/a><\/p> <p><a class=\"_brlbs-btn _brlbs-icon-play-white\" href=\"#\" data-borlabs-cookie-unblock role=\"button\">Video laden<\/a><\/p> <p><label><input type=\"checkbox\" name=\"unblockAll\" value=\"1\" checked> <small>YouTube immer entsperren<\/small><\/label><\/p> <\/div> <\/div> <\/div><div class=\"borlabs-hide\" data-borlabs-cookie-type=\"content-blocker\" data-borlabs-cookie-id=\"youtube\"><script type=\"text\/template\">PGlmcmFtZSBpZD0iNGt6WU50Y0JPbk0iIGNsYXNzPSJ3b29zbGlkZXIteW91dHViZSIgICB3aWR0aD0iNTAwIiBoZWlnaHQ9IjI4MSIgc3JjPSJodHRwOi8vd3d3LnlvdXR1YmUtbm9jb29raWUuY29tL2VtYmVkLzRrellOdGNCT25NP2VuYWJsZWpzYXBpPTEmdmVyc2lvbj0zJndtb2RlPXRyYW5zcGFyZW50JnJlbD0wJnNob3dpbmZvPTAmbW9kZXN0YnJhbmRpbmc9MSIgZnJhbWVib3JkZXI9IjAiIGFsbG93ZnVsbHNjcmVlbj48L2lmcmFtZT4=<\/script><\/div><\/div>\n\n<\/div>\n<\/li>\n<li class=\"slide\" data-wooslidercontent=\"&lt;div class=&quot;slide-content layout-text-top overlay-natural has-featured-image&quot;&gt;&lt;div class=&quot;slide-excerpt&quot;&gt;&lt;h2 class=&quot;slide-title&quot;&gt;E-Bernds&lt;\/h2&gt;&lt;\/div&gt;&lt;img width=&quot;1200&quot; height=&quot;607&quot; src=&quot;https:\/\/bernds.de\/wp-content\/uploads\/2014\/05\/bernds_elektro_faltrad_hinterradmotor_1200.jpg&quot; class=&quot;attachment-post-thumbnail size-post-thumbnail wp-post-image&quot; alt=&quot;&quot; decoding=&quot;async&quot; loading=&quot;lazy&quot; srcset=&quot;https:\/\/bernds.de\/wp-content\/uploads\/2014\/05\/bernds_elektro_faltrad_hinterradmotor_1200.jpg 1200w, https:\/\/bernds.de\/wp-content\/uploads\/2014\/05\/bernds_elektro_faltrad_hinterradmotor_1200-960x485.jpg 960w&quot; sizes=&quot;(max-width: 1200px) 100vw, 1200px&quot; \/&gt;&lt;\/div&gt;\"><\/li>\n<li class=\"slide\" data-wooslidercontent=\"&lt;div class=&quot;slide-content layout-text-top overlay-natural has-featured-image&quot;&gt;&lt;div class=&quot;slide-excerpt&quot;&gt;&lt;h2 class=&quot;slide-title&quot;&gt;Bernds E-Folding Bike.&lt;\/h2&gt;&lt;\/div&gt;&lt;img width=&quot;1200&quot; height=&quot;607&quot; src=&quot;https:\/\/bernds.de\/wp-content\/uploads\/2014\/05\/bernds_faltrad_e-folding_bike_elektro_faltrad_1200.jpg&quot; class=&quot;attachment-post-thumbnail size-post-thumbnail wp-post-image&quot; alt=&quot;&quot; decoding=&quot;async&quot; loading=&quot;lazy&quot; srcset=&quot;https:\/\/bernds.de\/wp-content\/uploads\/2014\/05\/bernds_faltrad_e-folding_bike_elektro_faltrad_1200.jpg 1200w, https:\/\/bernds.de\/wp-content\/uploads\/2014\/05\/bernds_faltrad_e-folding_bike_elektro_faltrad_1200-960x485.jpg 960w&quot; sizes=&quot;(max-width: 1200px) 100vw, 1200px&quot; \/&gt;&lt;\/div&gt;\"><\/li>\n<li class=\"slide\" data-wooslidercontent=\"&lt;div class=&quot;slide-content layout-text-top overlay-natural has-featured-image&quot;&gt;&lt;div class=&quot;slide-excerpt&quot;&gt;&lt;h2 class=&quot;slide-title&quot;&gt;A compact one.&lt;\/h2&gt;&lt;p class=&quot;qtranxs-available-languages-message qtranxs-available-languages-message-en&quot;&gt;Sorry, this entry is only available in &lt;a href=&quot;https:\/\/bernds.de\/de\/wp-json\/wp\/v2\/pages\/47&quot; class=&quot;qtranxs-available-language-link qtranxs-available-language-link-de&quot; title=&quot;Deutsch&quot;&gt;German&lt;\/a&gt;. We are currently working on the translation. For the sake of viewer convenience, the content is shown below in the alternative language. You may click the link to switch the active language.&lt;\/p&gt;\n&lt;p&gt;95x74,5x20cm&lt;br \/&gt;\n&lt; 24kg\nincl. Batteries\n&lt;\/p&gt;\n&lt;\/div&gt;&lt;img width=&quot;1200&quot; height=&quot;607&quot; src=&quot;https:\/\/bernds.de\/wp-content\/uploads\/2014\/05\/bernds_elektro_faltrad_e_folding_bike_gefaltet_1200.jpg&quot; class=&quot;attachment-post-thumbnail size-post-thumbnail wp-post-image&quot; alt=&quot;&quot; decoding=&quot;async&quot; loading=&quot;lazy&quot; srcset=&quot;https:\/\/bernds.de\/wp-content\/uploads\/2014\/05\/bernds_elektro_faltrad_e_folding_bike_gefaltet_1200.jpg 1200w, https:\/\/bernds.de\/wp-content\/uploads\/2014\/05\/bernds_elektro_faltrad_e_folding_bike_gefaltet_1200-960x485.jpg 960w&quot; sizes=&quot;(max-width: 1200px) 100vw, 1200px&quot; \/&gt;&lt;\/div&gt;\"><\/li>\n<\/ul><\/div>\n<br \/>\n<div class=\"menu-packbernds-container\"><ul id=\"product-menu\" class=\"clearfix\"><li class=\"menu-item menu-item-type-post_type menu-item-object-page menu-item-367\"><a href=\"https:\/\/bernds.de\/en\/packbernds\/\">PackBernds<\/a><\/li>\n<li class=\"menu-item menu-item-type-post_type menu-item-object-page menu-item-368\"><a href=\"https:\/\/bernds.de\/en\/packbernds\/packbernds-daten\/\">Data<\/a><\/li>\n<li class=\"menu-item menu-item-type-post_type menu-item-object-page menu-item-1186\"><a href=\"https:\/\/bernds.de\/en\/packbernds\/packbernds-falten\/\">Folding<\/a><\/li>\n<li class=\"menu-item menu-item-type-post_type menu-item-object-page menu-item-2249\"><a href=\"https:\/\/bernds.de\/en\/packbernds\/packbernds-konfigurator\/\">Configurator<\/a><\/li>\n<\/ul><\/div><\/p>\n<h2>Jedes Bernds ist mit Elektroantrieb erh\u00e4ltlich<\/h2>\n<p>Damit werden Steigungen erleichtert oder die Reichweite vergr\u00f6\u00dfert. Je nach Anforderung bieten wir verschiedene Systeme an, f\u00fcr die wir uns aus \u00dcberzeugung entschieden haben.<\/p>\n<h2>Das E-Bike haben wir nicht neu erfunden<\/h2>\n<p>Und das soll auch so bleiben. Denn jedes Bernds-Modell erf\u00fcllt bereits einen eigenen Anspruch. Der Elektromotor soll diesen unterst\u00fctzen, ohne die Vorteile eines Bernds zu schm\u00e4lern. So bleiben wir kompakt, faltbar, mobil und komplett individuell \u2013 auch mit Motor und Akku. Bereits ab 18kg Gesamtgewicht mit einem auf Wunsch im Rahmen integrierten Akku, bis hin zum faltbaren Elektro-Tandem.<\/p>\n<h2>Wie wird der Antrieb gesteuert?<\/h2>\n<p>Entweder abh\u00e4ngig von der Kraft oder nach einer voreingestellten Geschwindigkeit. Kraftabh\u00e4ngige Steuerung bedeutet, dass der Motor permanent die Antriebskraft erh\u00f6ht und bietet sich daher f\u00fcr sportliches fahren an. Mit einer voreingestellten Geschwindigkeit schaltet sich der Motor nach Bedarf ein, um auf einer vorher eingestellten Geschwindigkeit zu bleiben. Das entlastet die Fahrer und sorgt f\u00fcr entspanntes Fahren.<\/p>\n<h2>Welches Rad wird angetrieben?<\/h2>\n<p>Ein elektrisch angetriebenes Vorderrad ist bei guter Lastverteilung von Vorteil, da man dann einen Allradantrieb hat.<br \/>\nNur bei extremen Steigungen von 10% und mehr, oder auf Schotter kann das Rad durchdrehen. Die Kontrolle \u00fcber das Rad verliert man dabei nicht, da lediglich der Schwerpunkt nach hinten verlagert wird.<br \/>\nF\u00fcr h\u00e4ufiges Fahren im Gel\u00e4nde bietet sich Hinterradantrieb eher an. Leider k\u00f6nnen dabei nur Kettenschaltungen verwendet werden.<\/p>\n<h2>Wo sitzt der Motor?<\/h2>\n<p>Ein Motor bedeutet mehr Gewicht. Je tiefer, desto besser das Handling. Daher werden Tretlagermotoren bei 28&#8243; R\u00e4dern besser beurteilt, als Nabenmotoren. Bei unseren 20&#8243; R\u00e4dern ist der Raddurchmesser ohnehin 10cm kleiner, als beim 28&#8243; Rad. Das Gewicht des Motors sitzt somit von allein auf der gleichen H\u00f6he wie bei einem Tretlagermotor.<br \/>\nBei 28&#8243; R\u00e4dern ist der Tretlagermotor auch von Vorteil, weil er \u00fcber ein Getriebe die Kraft ans Rad gibt und daher nur einen kleinen Drehzahlbereich abdecken muss. Bei den von uns verwendeten Nabenmotoren spielt das keine Rolle, da sie durchzugstark genug sind und ohnehin nur ein 20&#8243; Rad antreiben m\u00fcssen.<\/p>\n<h2>Unsere Wahl, wie ElektroBernds funktioniert<\/h2>\n<p>Der Ansmann Vorderradmotor. Er kann in sechs Schritten auf eine Geschwindigkeit zwischen 15 und 25km\/h eingestellt werden. Bei Fahrten in einer Gruppe ist das besonders von Vorteil. Unterhalb von 15km\/h bleibt der Motor inaktiv, au\u00dfer bei Steigungen. Dort unterst\u00fctzt der Ansmann mit voller Kraft.<\/p>\n<p>Hinterradmotor GoSwissDrive. Dieser wird Kraftabh\u00e4ngig gesteuert. Proportional zu der Kraft, mit der man in die Pedale tritt, unterst\u00fctzt der Motor. Das ergibt ein sehr sportliches Fahrgef\u00fchl. Bei Steigungen ist er eher unvorteilhaft.<\/p>\n<p>Das leichteste System ist Gruberasisst.<br \/>\nEs ist nicht nur sehr leicht, sondern auch im Rahmen versteckt. Er unterst\u00fctzt immer nur f\u00fcr kleine Strecken und ist eher f\u00fcr sportliche Fahrer, die auf den letzten 500m am Berg \u2013 mit dem Mountainbike oder Rennrad \u2013 eine kleinen Hilfe brauchen. Mit 200 Watt Leistung ist es f\u00fcr ein Tandem zu schwach.<\/p>\n<h2>The Loadbike-Family<\/h2>\n<p><div class=\"menu-packbernds-varianten-container\"><ul id=\"bikes-menu\" class=\"clearfix\"><li class=\"bike-lastenrad menu-item menu-item-type-post_type menu-item-object-page menu-item-370\"><a href=\"https:\/\/bernds.de\/en\/packbernds\/\">PackBernds<\/a><\/li>\n<li class=\"bike-faltrad-eb menu-item menu-item-type-post_type menu-item-object-page menu-item-3875\"><a href=\"https:\/\/bernds.de\/en\/faltrad\/paxbernds-faltrad\/\">PaxBernds Folding Bike<\/a><\/li>\n<li class=\"bike-falttandem-ls-eb menu-item menu-item-type-post_type menu-item-object-page menu-item-3883\"><a href=\"https:\/\/bernds.de\/en\/falttandem\/falttandem-lowstep\/paxbernds\/\">PaxBernds Tandem<\/a><\/li>\n<li class=\"bike-pickup menu-item menu-item-type-post_type menu-item-object-page menu-item-2375\"><a href=\"https:\/\/bernds.de\/en\/pickup\/\">PickUp Tricycle<\/a><\/li>\n<li class=\"bike-berndsbox menu-item menu-item-type-post_type menu-item-object-page menu-item-369\"><a href=\"https:\/\/bernds.de\/en\/berndsbox\/\">Test Ride<\/a><\/li>\n<\/ul><\/div><\/p>","protected":false},"excerpt":{"rendered":"<p>Jedes Bernds ist mit Elektroantrieb erh\u00e4ltlich Damit werden Steigungen erleichtert oder die Reichweite vergr\u00f6\u00dfert. Je nach Anforderung bieten wir verschiedene Systeme an, f\u00fcr die wir uns aus \u00dcberzeugung entschieden haben. Das E-Bike haben wir nicht neu erfunden Und das soll auch so bleiben. Denn jedes Bernds-Modell erf\u00fcllt bereits einen eigenen Anspruch. Der Elektromotor soll diesen [&hellip;]<\/p>\n","protected":false},"author":1,"featured_media":0,"parent":45,"menu_order":0,"comment_status":"open","ping_status":"closed","template":"page-no-title.php","meta":[],"_links":{"self":[{"href":"https:\/\/bernds.de\/en\/wp-json\/wp\/v2\/pages\/47"}],"collection":[{"href":"https:\/\/bernds.de\/en\/wp-json\/wp\/v2\/pages"}],"about":[{"href":"https:\/\/bernds.de\/en\/wp-json\/wp\/v2\/types\/page"}],"author":[{"embeddable":true,"href":"https:\/\/bernds.de\/en\/wp-json\/wp\/v2\/users\/1"}],"replies":[{"embeddable":true,"href":"https:\/\/bernds.de\/en\/wp-json\/wp\/v2\/comments?post=47"}],"version-history":[{"count":9,"href":"https:\/\/bernds.de\/en\/wp-json\/wp\/v2\/pages\/47\/revisions"}],"predecessor-version":[{"id":3653,"href":"https:\/\/bernds.de\/en\/wp-json\/wp\/v2\/pages\/47\/revisions\/3653"}],"up":[{"embeddable":true,"href":"https:\/\/bernds.de\/en\/wp-json\/wp\/v2\/pages\/45"}],"wp:attachment":[{"href":"https:\/\/bernds.de\/en\/wp-json\/wp\/v2\/media?parent=47"}],"curies":[{"name":"wp","href":"https:\/\/api.w.org\/{rel}","templated":true}]}}