{"id":4298,"date":"2020-02-28T10:44:27","date_gmt":"2020-02-28T08:44:27","guid":{"rendered":"http:\/\/bernds.de\/?page_id=4298"},"modified":"2022-12-21T14:08:17","modified_gmt":"2022-12-21T12:08:17","slug":"service","status":"publish","type":"page","link":"https:\/\/bernds.de\/en\/service\/","title":{"rendered":"Service \u2013 nur f\u00fcr autorisiertes Fachpersonal"},"content":{"rendered":"<div class=\"box-left\">\n<h2>Infos zu Ersatzteilen und Videos zur Montage<\/h2>\n\n<!-- NOTE: If you need to make changes to this file, copy it to your current theme's main\n\tdirectory so your changes won't be overwritten when the plugin is upgraded. -->\n\n<!-- Post Wrap Start-->\n\n\t\n\t<div class=\"content\">\n\t<div class=\"blog\">\n\t\t\t\t\t\t<div class=\"post-6112 post type-post status-publish format-standard has-post-thumbnail hentry category-service\" id=\"post-6112\">\n\t\t\t\t\t\t\t\t\t\t\t\t\t\t<a href=\"https:\/\/bernds.de\/en\/steuersatz-konstruktion-zeichnung\/\" rel=\"bookmark\" title=\"Permanent Link to Steuersatz Konstruktion Zeichnung\"class=\"clearfix\">\n\t\t\t\t\t\t\t<img width=\"600\" height=\"313\" src=\"https:\/\/bernds.de\/wp-content\/uploads\/2021\/12\/bernds_steuersatz_konstruktion.jpg\" class=\"attachment-thumbnail size-thumbnail wp-post-image\" alt=\"\" decoding=\"async\" loading=\"lazy\" \/>\t\t\t\t\t\t\t<\/a>\n\t\t\t\t\t\t\t\t\t\t\t\t\t\t<ul class=\"post-categories\">\n\t<li><a href=\"https:\/\/bernds.de\/en\/category\/service\/\" rel=\"category tag\">Service<\/a><\/li><\/ul>\t\t\t\t\t\t\t<h2 style=\"margin-top:5px;\"><a href=\"https:\/\/bernds.de\/en\/steuersatz-konstruktion-zeichnung\/\" rel=\"bookmark\" title=\"Permanent Link to Steuersatz Konstruktion Zeichnung\">\n\t\t\t\t\t\t\t\tSteuersatz Konstruktion Zeichnung\t\t\t\t\t\t\t\t<\/a><\/h2>\n\t\t\t\t\t\t\t<p>\n\t\t\t\t\t\t\t\tErg\u00e4nzend zum Video die Konstruktions-Zeichnung.<\/p>\n\t\t\t\t\t\t<\/div>\n\t\t\t\t\t\n\n\t\t\t\t<div class=\"navigation clearfix\">\n\t\t\t\t\t\t<div class=\"alignleft\"><\/div>\n\t\t\t\t\t\t<div class=\"alignright\"><\/div>\n\t\t\t            <div class=\"clearer\"><\/div>\n\t\t\t\t<\/div>\n\t\t\t\t\n\t\t\t<\/div>\n\t\t<\/div>\n\n\t\n\n\t\n<!-- \/\/ Post Wrap End -->\n\n<!-- NOTE: If you need to make changes to this file, copy it to your current theme's main\n\tdirectory so your changes won't be overwritten when the plugin is upgraded. -->\n\n<!-- Post Wrap Start-->\n\n\t\n\t<div class=\"content\">\n\t<div class=\"blog\">\n\t\t\t\t\t\t<div class=\"post-6107 post type-post status-publish format-standard has-post-thumbnail hentry category-service\" id=\"post-6107\">\n\t\t\t\t\t\t\t\t\t\t\t\t\t\t<a href=\"https:\/\/bernds.de\/en\/ersatzteilliste\/\" rel=\"bookmark\" title=\"Permanent Link to Ersatzteilliste\"class=\"clearfix\">\n\t\t\t\t\t\t\t<img width=\"600\" height=\"313\" src=\"https:\/\/bernds.de\/wp-content\/uploads\/2021\/12\/bernds_ersatzteilliste.jpg\" class=\"attachment-thumbnail size-thumbnail wp-post-image\" alt=\"\" decoding=\"async\" loading=\"lazy\" \/>\t\t\t\t\t\t\t<\/a>\n\t\t\t\t\t\t\t\t\t\t\t\t\t\t<ul class=\"post-categories\">\n\t<li><a href=\"https:\/\/bernds.de\/en\/category\/service\/\" rel=\"category tag\">Service<\/a><\/li><\/ul>\t\t\t\t\t\t\t<h2 style=\"margin-top:5px;\"><a href=\"https:\/\/bernds.de\/en\/ersatzteilliste\/\" rel=\"bookmark\" title=\"Permanent Link to Ersatzteilliste\">\n\t\t\t\t\t\t\t\tErsatzteilliste\t\t\t\t\t\t\t\t<\/a><\/h2>\n\t\t\t\t\t\t\t<p>\n\t\t\t\t\t\t\t\tHier finden Sie unsere Ersatzteilliste zur direkten und einfacheren Zuordnung.<\/p>\n\t\t\t\t\t\t<\/div>\n\t\t\t\t\t\n\n\t\t\t\t<div class=\"navigation clearfix\">\n\t\t\t\t\t\t<div class=\"alignleft\"><\/div>\n\t\t\t\t\t\t<div class=\"alignright\"><\/div>\n\t\t\t            <div class=\"clearer\"><\/div>\n\t\t\t\t<\/div>\n\t\t\t\t\n\t\t\t<\/div>\n\t\t<\/div>\n\n\t\n\n\t\n<!-- \/\/ Post Wrap End -->\n\n<!-- NOTE: If you need to make changes to this file, copy it to your current theme's main\n\tdirectory so your changes won't be overwritten when the plugin is upgraded. -->\n\n<!-- Post Wrap Start-->\n\n\t\n\t<div class=\"content\">\n\t<div class=\"blog\">\n\t\t\t\t\t\t<div class=\"post-4256 post type-post status-publish format-standard has-post-thumbnail hentry category-service\" id=\"post-4256\">\n\t\t\t\t\t\t\t\t\t\t\t\t\t\t<a href=\"https:\/\/bernds.de\/en\/bernds-vorderbau-und-lenkstuetze-montieren\/\" rel=\"bookmark\" title=\"Permanent Link to How to install Bernds handle bar assembly and handlebar stem correctly\"class=\"clearfix\">\n\t\t\t\t\t\t\t<img width=\"600\" height=\"313\" src=\"https:\/\/bernds.de\/wp-content\/uploads\/2020\/02\/Bildschirmfoto-2020-02-07-um-12.15.23-600x313.png\" class=\"attachment-thumbnail size-thumbnail wp-post-image\" alt=\"\" decoding=\"async\" loading=\"lazy\" \/>\t\t\t\t\t\t\t<\/a>\n\t\t\t\t\t\t\t\t\t\t\t\t\t\t<ul class=\"post-categories\">\n\t<li><a href=\"https:\/\/bernds.de\/en\/category\/service\/\" rel=\"category tag\">Service<\/a><\/li><\/ul>\t\t\t\t\t\t\t<h2 style=\"margin-top:5px;\"><a href=\"https:\/\/bernds.de\/en\/bernds-vorderbau-und-lenkstuetze-montieren\/\" rel=\"bookmark\" title=\"Permanent Link to How to install Bernds handle bar assembly and handlebar stem correctly\">\n\t\t\t\t\t\t\t\tHow to install Bernds handle bar assembly and handlebar stem correctly\t\t\t\t\t\t\t\t<\/a><\/h2>\n\t\t\t\t\t\t\t<p>\n\t\t\t\t\t\t\t\tCaution: danger to life. This work may only be carried out by authorized specialist personnel.<\/p>\n\t\t\t\t\t\t<\/div>\n\t\t\t\t\t\n\n\t\t\t\t<div class=\"navigation clearfix\">\n\t\t\t\t\t\t<div class=\"alignleft\"><\/div>\n\t\t\t\t\t\t<div class=\"alignright\"><\/div>\n\t\t\t            <div class=\"clearer\"><\/div>\n\t\t\t\t<\/div>\n\t\t\t\t\n\t\t\t<\/div>\n\t\t<\/div>\n\n\t\n\n\t\n<!-- \/\/ Post Wrap End -->\n\n<!-- NOTE: If you need to make changes to this file, copy it to your current theme's main\n\tdirectory so your changes won't be overwritten when the plugin is upgraded. -->\n\n<!-- Post Wrap Start-->\n\n\t\n\t<div class=\"content\">\n\t<div class=\"blog\">\n\t\t\t\t\t\t<div class=\"post-4264 post type-post status-publish format-standard has-post-thumbnail hentry category-service\" id=\"post-4264\">\n\t\t\t\t\t\t\t\t\t\t\t\t\t\t<a href=\"https:\/\/bernds.de\/en\/bernds-hinterbaugelenk-passgenau-montieren\/\" rel=\"bookmark\" title=\"Permanent Link to Adjust Bernds rear link joint precisely\"class=\"clearfix\">\n\t\t\t\t\t\t\t<img width=\"600\" height=\"313\" src=\"https:\/\/bernds.de\/wp-content\/uploads\/2020\/02\/Bildschirmfoto-2020-02-07-um-12.28.48-600x313.png\" class=\"attachment-thumbnail size-thumbnail wp-post-image\" alt=\"\" decoding=\"async\" loading=\"lazy\" \/>\t\t\t\t\t\t\t<\/a>\n\t\t\t\t\t\t\t\t\t\t\t\t\t\t<ul class=\"post-categories\">\n\t<li><a href=\"https:\/\/bernds.de\/en\/category\/service\/\" rel=\"category tag\">Service<\/a><\/li><\/ul>\t\t\t\t\t\t\t<h2 style=\"margin-top:5px;\"><a href=\"https:\/\/bernds.de\/en\/bernds-hinterbaugelenk-passgenau-montieren\/\" rel=\"bookmark\" title=\"Permanent Link to Adjust Bernds rear link joint precisely\">\n\t\t\t\t\t\t\t\tAdjust Bernds rear link joint precisely\t\t\t\t\t\t\t\t<\/a><\/h2>\n\t\t\t\t\t\t\t<p>\n\t\t\t\t\t\t\t\tCaution: danger to life. This work may only be carried out by authorized specialist personnel.<\/p>\n\t\t\t\t\t\t<\/div>\n\t\t\t\t\t\n\n\t\t\t\t<div class=\"navigation clearfix\">\n\t\t\t\t\t\t<div class=\"alignleft\"><\/div>\n\t\t\t\t\t\t<div class=\"alignright\"><\/div>\n\t\t\t            <div class=\"clearer\"><\/div>\n\t\t\t\t<\/div>\n\t\t\t\t\n\t\t\t<\/div>\n\t\t<\/div>\n\n\t\n\n\t\n<!-- \/\/ Post Wrap End -->\n\n<!-- NOTE: If you need to make changes to this file, copy it to your current theme's main\n\tdirectory so your changes won't be overwritten when the plugin is upgraded. -->\n\n<!-- Post Wrap Start-->\n\n\t\n\t<div class=\"content\">\n\t<div class=\"blog\">\n\t\t\t\t\t\t<div class=\"post-4248 post type-post status-publish format-standard has-post-thumbnail hentry category-service\" id=\"post-4248\">\n\t\t\t\t\t\t\t\t\t\t\t\t\t\t<a href=\"https:\/\/bernds.de\/en\/bernds-riemenantrieb-perfekt-einstellen-und-korrekt-wechseln\/\" rel=\"bookmark\" title=\"Permanent Link to How to adjust and change Bernds Beltdrive correctly\"class=\"clearfix\">\n\t\t\t\t\t\t\t<img width=\"600\" height=\"313\" src=\"https:\/\/bernds.de\/wp-content\/uploads\/2020\/02\/Bildschirmfoto-2020-02-07-um-10.57.59-600x313.png\" class=\"attachment-thumbnail size-thumbnail wp-post-image\" alt=\"\" decoding=\"async\" loading=\"lazy\" \/>\t\t\t\t\t\t\t<\/a>\n\t\t\t\t\t\t\t\t\t\t\t\t\t\t<ul class=\"post-categories\">\n\t<li><a href=\"https:\/\/bernds.de\/en\/category\/service\/\" rel=\"category tag\">Service<\/a><\/li><\/ul>\t\t\t\t\t\t\t<h2 style=\"margin-top:5px;\"><a href=\"https:\/\/bernds.de\/en\/bernds-riemenantrieb-perfekt-einstellen-und-korrekt-wechseln\/\" rel=\"bookmark\" title=\"Permanent Link to How to adjust and change Bernds Beltdrive correctly\">\n\t\t\t\t\t\t\t\tHow to adjust and change Bernds Beltdrive correctly\t\t\t\t\t\t\t\t<\/a><\/h2>\n\t\t\t\t\t\t\t<p>\n\t\t\t\t\t\t\t\tCaution: danger to life. This work may only be carried out by authorized specialist personnel.<\/p>\n\t\t\t\t\t\t<\/div>\n\t\t\t\t\t\n\n\t\t\t\t<div class=\"navigation clearfix\">\n\t\t\t\t\t\t<div class=\"alignleft\"><\/div>\n\t\t\t\t\t\t<div class=\"alignright\"><\/div>\n\t\t\t            <div class=\"clearer\"><\/div>\n\t\t\t\t<\/div>\n\t\t\t\t\n\t\t\t<\/div>\n\t\t<\/div>\n\n\t\n\n\t\n<!-- \/\/ Post Wrap End -->\n<\/div>\n<div class=\"box-right\">\n<h2>Formulare und Checklisten<\/h2>\n<p>Hier finden Sie Anleitungen zu Wartungs- und Reparaturarbeiten und Serviceformulare, die Ihnen Ihre Arbeit erleichtern.<\/p>\n<p>Bitte beachten Sie, dass alle Arbeiten nur von autorisiertem Fachpersonal durchgef\u00fchrt werden d\u00fcrfen. <\/p>\n<p>Es besteht Lebensgefahr.<\/p>\n\n<!-- NOTE: If you need to make changes to this file, copy it to your current theme's main\n\tdirectory so your changes won't be overwritten when the plugin is upgraded. -->\n\n<!-- Post Wrap Start-->\n\n\t\n\t<div class=\"content\">\n\t<div class=\"blog\">\n\t\t\t\t\t\t<div class=\"post-6035 post type-post status-publish format-standard has-post-thumbnail hentry category-service-formulare\" id=\"post-6035\">\n\t\t\t\t\t\t\t\t\t\t\t\t\t\t<a href=\"https:\/\/bernds.de\/en\/bernds-packbernds-checkliste-inspektion\/\" rel=\"bookmark\" title=\"Permanent Link to Bernds PackBernds \u2013 Checkliste Inspektion\"class=\"clearfix\">\n\t\t\t\t\t\t\t<img width=\"600\" height=\"313\" src=\"https:\/\/bernds.de\/wp-content\/uploads\/2020\/07\/packbernds_lastenrad_sesam-600x313.jpg\" class=\"attachment-thumbnail size-thumbnail wp-post-image\" alt=\"\" decoding=\"async\" loading=\"lazy\" \/>\t\t\t\t\t\t\t<\/a>\n\t\t\t\t\t\t\t\t\t\t\t\t\t\t<ul class=\"post-categories\">\n\t<li><a href=\"https:\/\/bernds.de\/en\/category\/service-formulare\/\" rel=\"category tag\">Service-Formulare<\/a><\/li><\/ul>\t\t\t\t\t\t\t<h2 style=\"margin-top:5px;\"><a href=\"https:\/\/bernds.de\/en\/bernds-packbernds-checkliste-inspektion\/\" rel=\"bookmark\" title=\"Permanent Link to Bernds PackBernds \u2013 Checkliste Inspektion\">\n\t\t\t\t\t\t\t\tBernds PackBernds \u2013 Checkliste Inspektion\t\t\t\t\t\t\t\t<\/a><\/h2>\n\t\t\t\t\t\t\t<p>\n\t\t\t\t\t\t\t\tBernds Checkliste Inspektion f\u00fcr H\u00e4ndler. Achtung Lebensgefahr: Diese Arbeiten d\u00fcrfen nur von autorisiertem Fachpersonal durchgef\u00fchrt werden.<\/p>\n\t\t\t\t\t\t<\/div>\n\t\t\t\t\t\n\n\t\t\t\t<div class=\"navigation clearfix\">\n\t\t\t\t\t\t<div class=\"alignleft\"><\/div>\n\t\t\t\t\t\t<div class=\"alignright\"><\/div>\n\t\t\t            <div class=\"clearer\"><\/div>\n\t\t\t\t<\/div>\n\t\t\t\t\n\t\t\t<\/div>\n\t\t<\/div>\n\n\t\n\n\t\n<!-- \/\/ Post Wrap End -->\n\n<!-- NOTE: If you need to make changes to this file, copy it to your current theme's main\n\tdirectory so your changes won't be overwritten when the plugin is upgraded. -->\n\n<!-- Post Wrap Start-->\n\n\t\n\t<div class=\"content\">\n\t<div class=\"blog\">\n\t\t\t\t\t\t<div class=\"post-6033 post type-post status-publish format-standard has-post-thumbnail hentry category-service-formulare\" id=\"post-6033\">\n\t\t\t\t\t\t\t\t\t\t\t\t\t\t<a href=\"https:\/\/bernds.de\/en\/bernds-falttandem-lowstep-checkliste-inspektion\/\" rel=\"bookmark\" title=\"Permanent Link to Bernds Falttandem LowStep \u2013 Checkliste Inspektion\"class=\"clearfix\">\n\t\t\t\t\t\t\t<img width=\"600\" height=\"313\" src=\"https:\/\/bernds.de\/wp-content\/uploads\/2020\/01\/falttandem_lowstep_bernds_folding_foldable_tandem_grey_lightgrey_grau_hellgrau_platin-600x313.jpg\" class=\"attachment-thumbnail size-thumbnail wp-post-image\" alt=\"\" decoding=\"async\" loading=\"lazy\" \/>\t\t\t\t\t\t\t<\/a>\n\t\t\t\t\t\t\t\t\t\t\t\t\t\t<ul class=\"post-categories\">\n\t<li><a href=\"https:\/\/bernds.de\/en\/category\/service-formulare\/\" rel=\"category tag\">Service-Formulare<\/a><\/li><\/ul>\t\t\t\t\t\t\t<h2 style=\"margin-top:5px;\"><a href=\"https:\/\/bernds.de\/en\/bernds-falttandem-lowstep-checkliste-inspektion\/\" rel=\"bookmark\" title=\"Permanent Link to Bernds Falttandem LowStep \u2013 Checkliste Inspektion\">\n\t\t\t\t\t\t\t\tBernds Falttandem LowStep \u2013 Checkliste Inspektion\t\t\t\t\t\t\t\t<\/a><\/h2>\n\t\t\t\t\t\t\t<p>\n\t\t\t\t\t\t\t\tBernds Checkliste Inspektion H\u00e4ndler. Achtung Lebensgefahr: Diese Arbeiten d\u00fcrfen nur von autorisiertem Fachpersonal durchgef\u00fchrt werden.<\/p>\n\t\t\t\t\t\t<\/div>\n\t\t\t\t\t\n\n\t\t\t\t<div class=\"navigation clearfix\">\n\t\t\t\t\t\t<div class=\"alignleft\"><\/div>\n\t\t\t\t\t\t<div class=\"alignright\"><\/div>\n\t\t\t            <div class=\"clearer\"><\/div>\n\t\t\t\t<\/div>\n\t\t\t\t\n\t\t\t<\/div>\n\t\t<\/div>\n\n\t\n\n\t\n<!-- \/\/ Post Wrap End -->\n\n<!-- NOTE: If you need to make changes to this file, copy it to your current theme's main\n\tdirectory so your changes won't be overwritten when the plugin is upgraded. -->\n\n<!-- Post Wrap Start-->\n\n\t\n\t<div class=\"content\">\n\t<div class=\"blog\">\n\t\t\t\t\t\t<div class=\"post-6031 post type-post status-publish format-standard has-post-thumbnail hentry category-service-formulare\" id=\"post-6031\">\n\t\t\t\t\t\t\t\t\t\t\t\t\t\t<a href=\"https:\/\/bernds.de\/en\/bernds-falttandem-sport-checkliste-inspektion\/\" rel=\"bookmark\" title=\"Permanent Link to Bernds Falttandem Sport \u2013 Checkliste Inspektion\"class=\"clearfix\">\n\t\t\t\t\t\t\t<img width=\"600\" height=\"313\" src=\"https:\/\/bernds.de\/wp-content\/uploads\/2020\/02\/bernds_falttandem_sport_folding_tandem_sport_dark_grey_piment-600x313.jpg\" class=\"attachment-thumbnail size-thumbnail wp-post-image\" alt=\"\" decoding=\"async\" loading=\"lazy\" \/>\t\t\t\t\t\t\t<\/a>\n\t\t\t\t\t\t\t\t\t\t\t\t\t\t<ul class=\"post-categories\">\n\t<li><a href=\"https:\/\/bernds.de\/en\/category\/service-formulare\/\" rel=\"category tag\">Service-Formulare<\/a><\/li><\/ul>\t\t\t\t\t\t\t<h2 style=\"margin-top:5px;\"><a href=\"https:\/\/bernds.de\/en\/bernds-falttandem-sport-checkliste-inspektion\/\" rel=\"bookmark\" title=\"Permanent Link to Bernds Falttandem Sport \u2013 Checkliste Inspektion\">\n\t\t\t\t\t\t\t\tBernds Falttandem Sport \u2013 Checkliste Inspektion\t\t\t\t\t\t\t\t<\/a><\/h2>\n\t\t\t\t\t\t\t<p>\n\t\t\t\t\t\t\t\tBernds Checkliste Inspektion f\u00fcr H\u00e4ndler. Achtung Lebensgefahr: Diese Arbeiten d\u00fcrfen nur von autorisiertem Fachpersonal durchgef\u00fchrt werden.<\/p>\n\t\t\t\t\t\t<\/div>\n\t\t\t\t\t\n\n\t\t\t\t<div class=\"navigation clearfix\">\n\t\t\t\t\t\t<div class=\"alignleft\"><\/div>\n\t\t\t\t\t\t<div class=\"alignright\"><\/div>\n\t\t\t            <div class=\"clearer\"><\/div>\n\t\t\t\t<\/div>\n\t\t\t\t\n\t\t\t<\/div>\n\t\t<\/div>\n\n\t\n\n\t\n<!-- \/\/ Post Wrap End -->\n\n<!-- NOTE: If you need to make changes to this file, copy it to your current theme's main\n\tdirectory so your changes won't be overwritten when the plugin is upgraded. -->\n\n<!-- Post Wrap Start-->\n\n\t\n\t<div class=\"content\">\n\t<div class=\"blog\">\n\t\t\t\t\t\t<div class=\"post-6029 post type-post status-publish format-standard has-post-thumbnail hentry category-service-formulare\" id=\"post-6029\">\n\t\t\t\t\t\t\t\t\t\t\t\t\t\t<a href=\"https:\/\/bernds.de\/en\/bernds-gretel-checkliste-inspektion\/\" rel=\"bookmark\" title=\"Permanent Link to Bernds Gretel \u2013 Checkliste Inspektion\"class=\"clearfix\">\n\t\t\t\t\t\t\t<img width=\"600\" height=\"313\" src=\"https:\/\/bernds.de\/wp-content\/uploads\/2020\/01\/bernds_faltrad_gretel_sesam-2-600x313.jpg\" class=\"attachment-thumbnail size-thumbnail wp-post-image\" alt=\"\" decoding=\"async\" loading=\"lazy\" \/>\t\t\t\t\t\t\t<\/a>\n\t\t\t\t\t\t\t\t\t\t\t\t\t\t<ul class=\"post-categories\">\n\t<li><a href=\"https:\/\/bernds.de\/en\/category\/service-formulare\/\" rel=\"category tag\">Service-Formulare<\/a><\/li><\/ul>\t\t\t\t\t\t\t<h2 style=\"margin-top:5px;\"><a href=\"https:\/\/bernds.de\/en\/bernds-gretel-checkliste-inspektion\/\" rel=\"bookmark\" title=\"Permanent Link to Bernds Gretel \u2013 Checkliste Inspektion\">\n\t\t\t\t\t\t\t\tBernds Gretel \u2013 Checkliste Inspektion\t\t\t\t\t\t\t\t<\/a><\/h2>\n\t\t\t\t\t\t\t<p>\n\t\t\t\t\t\t\t\tBernds Checkliste Inspektion f\u00fcr H\u00e4ndler. Achtung Lebensgefahr: Diese Arbeiten d\u00fcrfen nur von autorisiertem Fachpersonal durchgef\u00fchrt werden.<\/p>\n\t\t\t\t\t\t<\/div>\n\t\t\t\t\t\n\n\t\t\t\t<div class=\"navigation clearfix\">\n\t\t\t\t\t\t<div class=\"alignleft\"><\/div>\n\t\t\t\t\t\t<div class=\"alignright\"><\/div>\n\t\t\t            <div class=\"clearer\"><\/div>\n\t\t\t\t<\/div>\n\t\t\t\t\n\t\t\t<\/div>\n\t\t<\/div>\n\n\t\n\n\t\n<!-- \/\/ Post Wrap End -->\n\n<!-- NOTE: If you need to make changes to this file, copy it to your current theme's main\n\tdirectory so your changes won't be overwritten when the plugin is upgraded. -->\n\n<!-- Post Wrap Start-->\n\n\t\n\t<div class=\"content\">\n\t<div class=\"blog\">\n\t\t\t\t\t\t<div class=\"post-5409 post type-post status-publish format-standard has-post-thumbnail hentry category-service-formulare\" id=\"post-5409\">\n\t\t\t\t\t\t\t\t\t\t\t\t\t\t<a href=\"https:\/\/bernds.de\/en\/bernds-faltrad-checkliste-inspektion\/\" rel=\"bookmark\" title=\"Permanent Link to Bernds Faltrad \u2013 Checkliste Inspektion\"class=\"clearfix\">\n\t\t\t\t\t\t\t<img width=\"600\" height=\"313\" src=\"https:\/\/bernds.de\/wp-content\/uploads\/2020\/01\/faltrad_gruen_currygelb_bernds_curry-600x313.jpg\" class=\"attachment-thumbnail size-thumbnail wp-post-image\" alt=\"\" decoding=\"async\" loading=\"lazy\" \/>\t\t\t\t\t\t\t<\/a>\n\t\t\t\t\t\t\t\t\t\t\t\t\t\t<ul class=\"post-categories\">\n\t<li><a href=\"https:\/\/bernds.de\/en\/category\/service-formulare\/\" rel=\"category tag\">Service-Formulare<\/a><\/li><\/ul>\t\t\t\t\t\t\t<h2 style=\"margin-top:5px;\"><a href=\"https:\/\/bernds.de\/en\/bernds-faltrad-checkliste-inspektion\/\" rel=\"bookmark\" title=\"Permanent Link to Bernds Faltrad \u2013 Checkliste Inspektion\">\n\t\t\t\t\t\t\t\tBernds Faltrad \u2013 Checkliste Inspektion\t\t\t\t\t\t\t\t<\/a><\/h2>\n\t\t\t\t\t\t\t<p>\n\t\t\t\t\t\t\t\tBernds Checkliste Inspektion f\u00fcr H\u00e4ndler. Achtung Lebensgefahr: Diese Arbeiten d\u00fcrfen nur von autorisiertem Fachpersonal durchgef\u00fchrt werden.<\/p>\n\t\t\t\t\t\t<\/div>\n\t\t\t\t\t\n\n\t\t\t\t<div class=\"navigation clearfix\">\n\t\t\t\t\t\t<div class=\"alignleft\"><\/div>\n\t\t\t\t\t\t<div class=\"alignright\"><\/div>\n\t\t\t            <div class=\"clearer\"><\/div>\n\t\t\t\t<\/div>\n\t\t\t\t\n\t\t\t<\/div>\n\t\t<\/div>\n\n\t\n\n\t\n<!-- \/\/ Post Wrap End -->\n\n<!-- NOTE: If you need to make changes to this file, copy it to your current theme's main\n\tdirectory so your changes won't be overwritten when the plugin is upgraded. -->\n\n<!-- Post Wrap Start-->\n\n\t\n\t<div class=\"content\">\n\t<div class=\"blog\">\n\t\t\t\t\t\t<div class=\"post-5420 post type-post status-publish format-standard has-post-thumbnail hentry category-service-formulare\" id=\"post-5420\">\n\t\t\t\t\t\t\t\t\t\t\t\t\t\t<a href=\"https:\/\/bernds.de\/en\/bernds-checkliste-inspektion-pickup-dreirad\/\" rel=\"bookmark\" title=\"Permanent Link to Bernds PickUp Dreirad \u2013 Checkliste Inspektion\"class=\"clearfix\">\n\t\t\t\t\t\t\t<img width=\"600\" height=\"313\" src=\"https:\/\/bernds.de\/wp-content\/uploads\/2020\/02\/bernds_pickup_schwarz_dreirad_elegant_erwachsenen_dreirad_rot_lachsrot_rosarot_cayenne-600x313.jpg\" class=\"attachment-thumbnail size-thumbnail wp-post-image\" alt=\"\" decoding=\"async\" loading=\"lazy\" \/>\t\t\t\t\t\t\t<\/a>\n\t\t\t\t\t\t\t\t\t\t\t\t\t\t<ul class=\"post-categories\">\n\t<li><a href=\"https:\/\/bernds.de\/en\/category\/service-formulare\/\" rel=\"category tag\">Service-Formulare<\/a><\/li><\/ul>\t\t\t\t\t\t\t<h2 style=\"margin-top:5px;\"><a href=\"https:\/\/bernds.de\/en\/bernds-checkliste-inspektion-pickup-dreirad\/\" rel=\"bookmark\" title=\"Permanent Link to Bernds PickUp Dreirad \u2013 Checkliste Inspektion\">\n\t\t\t\t\t\t\t\tBernds PickUp Dreirad \u2013 Checkliste Inspektion\t\t\t\t\t\t\t\t<\/a><\/h2>\n\t\t\t\t\t\t\t<p>\n\t\t\t\t\t\t\t\tAchtung Lebensgefahr: Diese Arbeiten d\u00fcrfen nur von autorisiertem Fachpersonal durchgef\u00fchrt werden.<\/p>\n\t\t\t\t\t\t<\/div>\n\t\t\t\t\t\n\n\t\t\t\t<div class=\"navigation clearfix\">\n\t\t\t\t\t\t<div class=\"alignleft\"><\/div>\n\t\t\t\t\t\t<div class=\"alignright\"><\/div>\n\t\t\t            <div class=\"clearer\"><\/div>\n\t\t\t\t<\/div>\n\t\t\t\t\n\t\t\t<\/div>\n\t\t<\/div>\n\n\t\n\n\t\n<!-- \/\/ Post Wrap End -->\n\n<\/div>\n<div class=\"clearer\"><\/div>\n","protected":false},"excerpt":{"rendered":"<p>Infos zu Ersatzteilen und Videos zur Montage Formulare und Checklisten Hier finden Sie Anleitungen zu Wartungs- und Reparaturarbeiten und Serviceformulare, die Ihnen Ihre Arbeit erleichtern. Bitte beachten Sie, dass alle Arbeiten nur von autorisiertem Fachpersonal durchgef\u00fchrt werden d\u00fcrfen. Es besteht Lebensgefahr.<\/p>\n","protected":false},"author":1,"featured_media":0,"parent":0,"menu_order":0,"comment_status":"closed","ping_status":"closed","template":"page-no-title.php","meta":[],"_links":{"self":[{"href":"https:\/\/bernds.de\/en\/wp-json\/wp\/v2\/pages\/4298"}],"collection":[{"href":"https:\/\/bernds.de\/en\/wp-json\/wp\/v2\/pages"}],"about":[{"href":"https:\/\/bernds.de\/en\/wp-json\/wp\/v2\/types\/page"}],"author":[{"embeddable":true,"href":"https:\/\/bernds.de\/en\/wp-json\/wp\/v2\/users\/1"}],"replies":[{"embeddable":true,"href":"https:\/\/bernds.de\/en\/wp-json\/wp\/v2\/comments?post=4298"}],"version-history":[{"count":26,"href":"https:\/\/bernds.de\/en\/wp-json\/wp\/v2\/pages\/4298\/revisions"}],"predecessor-version":[{"id":6111,"href":"https:\/\/bernds.de\/en\/wp-json\/wp\/v2\/pages\/4298\/revisions\/6111"}],"wp:attachment":[{"href":"https:\/\/bernds.de\/en\/wp-json\/wp\/v2\/media?parent=4298"}],"curies":[{"name":"wp","href":"https:\/\/api.w.org\/{rel}","templated":true}]}}