{"id":3877,"date":"2019-07-17T09:06:21","date_gmt":"2019-07-17T07:06:21","guid":{"rendered":"http:\/\/bernds.de\/?page_id=3877"},"modified":"2022-08-22T17:28:42","modified_gmt":"2022-08-22T15:28:42","slug":"paxbernds","status":"publish","type":"page","link":"https:\/\/bernds.de\/en\/falttandem\/falttandem-lowstep\/paxbernds\/","title":{"rendered":"PaxBernds"},"content":{"rendered":"<p class=\"qtranxs-available-languages-message qtranxs-available-languages-message-en\">Sorry, this entry is only available in <a href=\"https:\/\/bernds.de\/de\/wp-json\/wp\/v2\/pages\/3877\" class=\"qtranxs-available-language-link qtranxs-available-language-link-de\" title=\"Deutsch\">German<\/a>. We are currently working on the translation. For the sake of viewer convenience, the content is shown below in the alternative language. You may click the link to switch the active language.<\/p><p><div id=\"wooslider-id-1\" class=\"wooslider wooslider-id-1 wooslider-type-slides wooslider-theme-default image-slide\"><ul class=\"slides\">\n<li class=\"slide\">\n<div class=\"slide-content layout-text-top overlay-natural has-featured-image\"><div class=\"slide-excerpt\"><h2 class=\"slide-title\">PaxBernds Tandem<\/h2><\/div><img width=\"2400\" height=\"1369\" src=\"https:\/\/bernds.de\/wp-content\/uploads\/2019\/07\/bernds_paxbernds_lastenrad_faltbar_tandem_mit_ladeflaeche.jpg\" class=\"attachment-post-thumbnail size-post-thumbnail wp-post-image\" alt=\"\" decoding=\"async\" loading=\"lazy\" srcset=\"https:\/\/bernds.de\/wp-content\/uploads\/2019\/07\/bernds_paxbernds_lastenrad_faltbar_tandem_mit_ladeflaeche.jpg 2400w, https:\/\/bernds.de\/wp-content\/uploads\/2019\/07\/bernds_paxbernds_lastenrad_faltbar_tandem_mit_ladeflaeche-960x548.jpg 960w, https:\/\/bernds.de\/wp-content\/uploads\/2019\/07\/bernds_paxbernds_lastenrad_faltbar_tandem_mit_ladeflaeche-768x438.jpg 768w, https:\/\/bernds.de\/wp-content\/uploads\/2019\/07\/bernds_paxbernds_lastenrad_faltbar_tandem_mit_ladeflaeche-1200x685.jpg 1200w, https:\/\/bernds.de\/wp-content\/uploads\/2019\/07\/bernds_paxbernds_lastenrad_faltbar_tandem_mit_ladeflaeche-1000x570.jpg 1000w\" sizes=\"(max-width: 2400px) 100vw, 2400px\" \/><\/div><\/li>\n<li class=\"slide\">\n<div class=\"slide-content\">\n<p class=\"qtranxs-available-languages-message qtranxs-available-languages-message-en\">Sorry, this entry is only available in <a href=\"https:\/\/bernds.de\/de\/wp-json\/wp\/v2\/pages\/3877\" class=\"qtranxs-available-language-link qtranxs-available-language-link-de\" title=\"Deutsch\">German<\/a>. We are currently working on the translation. For the sake of viewer convenience, the content is shown below in the alternative language. You may click the link to switch the active language.<\/p>\n<div class=\"BorlabsCookie _brlbs-cb-vimeo\"><div class=\"_brlbs-content-blocker\"> <div class=\"_brlbs-embed _brlbs-video-vimeo\"> <img class=\"_brlbs-thumbnail\" src=\"https:\/\/bernds.de\/wp-content\/plugins\/borlabs-cookie\/assets\/images\/cb-no-thumbnail.png\" alt=\"Vimeo\"> <div class=\"_brlbs-caption\"> <p>Mit dem Laden des Videos akzeptieren Sie die Datenschutzerkl\u00e4rung von Vimeo.<br><a href=\"https:\/\/vimeo.com\/privacy\" target=\"_blank\" rel=\"nofollow noopener noreferrer\">Mehr erfahren<\/a><\/p> <p><a class=\"_brlbs-btn _brlbs-icon-play-white\" href=\"#\" data-borlabs-cookie-unblock role=\"button\">Video laden<\/a><\/p> <p><label><input type=\"checkbox\" name=\"unblockAll\" value=\"1\" checked> <small>Vimeo immer entsperren<\/small><\/label><\/p> <\/div> <\/div> <\/div><div class=\"borlabs-hide\" data-borlabs-cookie-type=\"content-blocker\" data-borlabs-cookie-id=\"vimeo\"><script type=\"text\/template\">PGRpdiBjbGFzcz0iX2JybGJzLWZsdWlkLXdpZHRoLXZpZGVvLXdyYXBwZXIiPjxpZnJhbWUgc3JjPSJodHRwczovL3BsYXllci52aW1lby5jb20vdmlkZW8vMzU5MjQzNDMzP2RudD0xJmFtcDthcHBfaWQ9MTIyOTYzIiB3aWR0aD0iNTAwIiBoZWlnaHQ9IjI4MSIgZnJhbWVib3JkZXI9IjAiIGFsbG93PSJhdXRvcGxheTsgZnVsbHNjcmVlbiIgYWxsb3dmdWxsc2NyZWVuIHRpdGxlPSJWb20gVGFuZGVtIHp1bSBMYXN0ZW5yYWQgaW4gMzAgU2VrdW5kZW4gJmFtcDtuZGFzaDsgUGF4QmVybmRzOiBQYXhGYWx0dGFuZGVtIj48L2lmcmFtZT48L2Rpdj4=<\/script><\/div><\/div>\n\n<\/div>\n<\/li>\n<\/ul><\/div>\n<br \/>\n<div class=\"menu-tandem-lowstep-container\"><ul id=\"product-menu\" class=\"clearfix\"><li id=\"menu-item-1128\" class=\"menu-item menu-item-type-post_type menu-item-object-page menu-item-1128\"><a href=\"https:\/\/bernds.de\/en\/falttandem\/falttandem-lowstep\/\">LowStep Tandem<\/a><\/li>\n<li id=\"menu-item-1129\" class=\"menu-item menu-item-type-post_type menu-item-object-page menu-item-1129\"><a href=\"https:\/\/bernds.de\/en\/falttandem\/falttandem-lowstep\/falttandem-lowstep-grundausstattung\/\">Data<\/a><\/li>\n<li id=\"menu-item-1123\" class=\"menu-item menu-item-type-post_type menu-item-object-page menu-item-1123\"><a href=\"https:\/\/bernds.de\/en\/falttandem\/tandem-lowstep-falten\/\">Folding<\/a><\/li>\n<li id=\"menu-item-3881\" class=\"menu-item menu-item-type-post_type menu-item-object-page menu-item-3881\"><a href=\"https:\/\/bernds.de\/en\/falttandem\/falttandem-lowstep\/paxbernds\/\">PaxBernds<\/a><\/li>\n<li id=\"menu-item-2255\" class=\"menu-item menu-item-type-post_type menu-item-object-page menu-item-2255\"><a href=\"https:\/\/bernds.de\/en\/falttandem\/lowstep-konfigurator\/\">Configurator<\/a><\/li>\n<\/ul><\/div><\/p>\n<h2>Lastenrad mit Tandemfunktion<\/h2>\n<p>Die bew\u00e4hrten Fahreigenschaften unserer LowStep-Rahmen helfen auch bei Zuladung. Bis zu 100kg lassen sich angenehm transportieren, der tiefe Einstieg sorgt f\u00fcr sicheres Losfahren und Anhalten, mit beiden Beinen fest auf dem Boden. Die Ladefl\u00e4che ist f\u00fcr Boxen vorbereitet, nimmt aber auch gro\u00dfe Fracht mit Spanngurten auf.<\/p>\n<div id=\"wooslider-id-2\" class=\"wooslider wooslider-id-2 wooslider-type-slides wooslider-theme-default image-slide\"><ul class=\"slides\">\n<li class=\"slide\">\n<div class=\"slide-content\">\n<p class=\"qtranxs-available-languages-message qtranxs-available-languages-message-en\">Sorry, this entry is only available in <a href=\"https:\/\/bernds.de\/de\/wp-json\/wp\/v2\/pages\/3877\" class=\"qtranxs-available-language-link qtranxs-available-language-link-de\" title=\"Deutsch\">German<\/a>. We are currently working on the translation. For the sake of viewer convenience, the content is shown below in the alternative language. You may click the link to switch the active language.<\/p>\n<div class=\"BorlabsCookie _brlbs-cb-vimeo\"><div class=\"_brlbs-content-blocker\"> <div class=\"_brlbs-embed _brlbs-video-vimeo\"> <img class=\"_brlbs-thumbnail\" src=\"https:\/\/bernds.de\/wp-content\/plugins\/borlabs-cookie\/assets\/images\/cb-no-thumbnail.png\" alt=\"Vimeo\"> <div class=\"_brlbs-caption\"> <p>Mit dem Laden des Videos akzeptieren Sie die Datenschutzerkl\u00e4rung von Vimeo.<br><a href=\"https:\/\/vimeo.com\/privacy\" target=\"_blank\" rel=\"nofollow noopener noreferrer\">Mehr erfahren<\/a><\/p> <p><a class=\"_brlbs-btn _brlbs-icon-play-white\" href=\"#\" data-borlabs-cookie-unblock role=\"button\">Video laden<\/a><\/p> <p><label><input type=\"checkbox\" name=\"unblockAll\" value=\"1\" checked> <small>Vimeo immer entsperren<\/small><\/label><\/p> <\/div> <\/div> <\/div><div class=\"borlabs-hide\" data-borlabs-cookie-type=\"content-blocker\" data-borlabs-cookie-id=\"vimeo\"><script type=\"text\/template\">PGRpdiBjbGFzcz0iX2JybGJzLWZsdWlkLXdpZHRoLXZpZGVvLXdyYXBwZXIiPjxpZnJhbWUgc3JjPSJodHRwczovL3BsYXllci52aW1lby5jb20vdmlkZW8vMzU5MjQzNDMzP2RudD0xJmFtcDthcHBfaWQ9MTIyOTYzIiB3aWR0aD0iNTAwIiBoZWlnaHQ9IjI4MSIgZnJhbWVib3JkZXI9IjAiIGFsbG93PSJhdXRvcGxheTsgZnVsbHNjcmVlbiIgYWxsb3dmdWxsc2NyZWVuIHRpdGxlPSJWb20gVGFuZGVtIHp1bSBMYXN0ZW5yYWQgaW4gMzAgU2VrdW5kZW4gJmFtcDtuZGFzaDsgUGF4QmVybmRzOiBQYXhGYWx0dGFuZGVtIj48L2lmcmFtZT48L2Rpdj4=<\/script><\/div><\/div>\n\n<\/div>\n<\/li>\n<li class=\"slide\">\n<div class=\"slide-content layout-text-top overlay-natural has-featured-image\"><div class=\"slide-excerpt\"><h2 class=\"slide-title\">PaxFalttandem<\/h2><\/div><img width=\"2400\" height=\"1200\" src=\"https:\/\/bernds.de\/wp-content\/uploads\/2019\/09\/paxfalttanddem_tandem_lastenrad_tandemfunktion_foerderung_lastenrad_e-bike.jpg\" class=\"attachment-post-thumbnail size-post-thumbnail wp-post-image\" alt=\"\" decoding=\"async\" loading=\"lazy\" srcset=\"https:\/\/bernds.de\/wp-content\/uploads\/2019\/09\/paxfalttanddem_tandem_lastenrad_tandemfunktion_foerderung_lastenrad_e-bike.jpg 2400w, https:\/\/bernds.de\/wp-content\/uploads\/2019\/09\/paxfalttanddem_tandem_lastenrad_tandemfunktion_foerderung_lastenrad_e-bike-960x480.jpg 960w, https:\/\/bernds.de\/wp-content\/uploads\/2019\/09\/paxfalttanddem_tandem_lastenrad_tandemfunktion_foerderung_lastenrad_e-bike-768x384.jpg 768w, https:\/\/bernds.de\/wp-content\/uploads\/2019\/09\/paxfalttanddem_tandem_lastenrad_tandemfunktion_foerderung_lastenrad_e-bike-1200x600.jpg 1200w, https:\/\/bernds.de\/wp-content\/uploads\/2019\/09\/paxfalttanddem_tandem_lastenrad_tandemfunktion_foerderung_lastenrad_e-bike-1000x500.jpg 1000w\" sizes=\"(max-width: 2400px) 100vw, 2400px\" \/><\/div><\/li>\n<li class=\"slide\" data-wooslidercontent=\"&lt;div class=&quot;slide-content layout-text-top overlay-natural has-featured-image&quot;&gt;&lt;div class=&quot;slide-excerpt&quot;&gt;&lt;h2 class=&quot;slide-title&quot;&gt;PaxFalttandem Ladefl\u00e4che&lt;\/h2&gt;&lt;p class=&quot;qtranxs-available-languages-message qtranxs-available-languages-message-en&quot;&gt;Sorry, this entry is only available in &lt;a href=&quot;https:\/\/bernds.de\/de\/wp-json\/wp\/v2\/pages\/3877&quot; class=&quot;qtranxs-available-language-link qtranxs-available-language-link-de&quot; title=&quot;Deutsch&quot;&gt;German&lt;\/a&gt;. We are currently working on the translation. For the sake of viewer convenience, the content is shown below in the alternative language. You may click the link to switch the active language.&lt;\/p&gt;\n&lt;p&gt;120x40cm&lt;\/p&gt;\n&lt;\/div&gt;&lt;img width=&quot;2400&quot; height=&quot;1200&quot; src=&quot;https:\/\/bernds.de\/wp-content\/uploads\/2019\/09\/ladeflaeche_paxfalttanddem_tandem_lastenrad_tandemfunktion_foerderung_lastenrad_e-bike.jpg&quot; class=&quot;attachment-post-thumbnail size-post-thumbnail wp-post-image&quot; alt=&quot;&quot; decoding=&quot;async&quot; loading=&quot;lazy&quot; srcset=&quot;https:\/\/bernds.de\/wp-content\/uploads\/2019\/09\/ladeflaeche_paxfalttanddem_tandem_lastenrad_tandemfunktion_foerderung_lastenrad_e-bike.jpg 2400w, https:\/\/bernds.de\/wp-content\/uploads\/2019\/09\/ladeflaeche_paxfalttanddem_tandem_lastenrad_tandemfunktion_foerderung_lastenrad_e-bike-960x480.jpg 960w, https:\/\/bernds.de\/wp-content\/uploads\/2019\/09\/ladeflaeche_paxfalttanddem_tandem_lastenrad_tandemfunktion_foerderung_lastenrad_e-bike-768x384.jpg 768w, https:\/\/bernds.de\/wp-content\/uploads\/2019\/09\/ladeflaeche_paxfalttanddem_tandem_lastenrad_tandemfunktion_foerderung_lastenrad_e-bike-1200x600.jpg 1200w, https:\/\/bernds.de\/wp-content\/uploads\/2019\/09\/ladeflaeche_paxfalttanddem_tandem_lastenrad_tandemfunktion_foerderung_lastenrad_e-bike-1000x500.jpg 1000w&quot; sizes=&quot;(max-width: 2400px) 100vw, 2400px&quot; \/&gt;&lt;\/div&gt;\"><\/li>\n<\/ul><\/div>\n\n<p>Mit zwei Handgriffen ist die Ladefl\u00e4che gegen Sattel und Lenker getauscht. Das PaxBernds ist dann zum Falttandem LowStep konvertiert. Auf Wunsch mit Faltgelenk im Hauptrahmen, womit das PaxBernds Tandem in den Kofferraum eines Kleinwagens passt. <\/p>\n<p><a href=\"https:\/\/bernds.de\/lastenrad-und-e-bike-foerderungen-in-deutschland-und-oesterreich-nutzen\/\">&rarr;Jetzt bis zu 3.000,\u2013\u20ac F\u00f6rderung in Deutschland in \u00d6sterreich erh\u00e4ltlich.<\/a><\/p>\n<h2>Bernds Lastenr\u00e4der<\/h2>\n<div class=\"menu-packbernds-varianten-container\"><ul id=\"bikes-menu\" class=\"clearfix\"><li id=\"menu-item-370\" class=\"bike-lastenrad menu-item menu-item-type-post_type menu-item-object-page menu-item-370\"><a href=\"https:\/\/bernds.de\/en\/packbernds\/\">PackBernds<\/a><\/li>\n<li id=\"menu-item-3875\" class=\"bike-faltrad-eb menu-item menu-item-type-post_type menu-item-object-page menu-item-3875\"><a href=\"https:\/\/bernds.de\/en\/faltrad\/paxbernds-faltrad\/\">PaxBernds Folding Bike<\/a><\/li>\n<li id=\"menu-item-3883\" class=\"bike-falttandem-ls-eb menu-item menu-item-type-post_type menu-item-object-page menu-item-3883\"><a href=\"https:\/\/bernds.de\/en\/falttandem\/falttandem-lowstep\/paxbernds\/\">PaxBernds Tandem<\/a><\/li>\n<li id=\"menu-item-2375\" class=\"bike-pickup menu-item menu-item-type-post_type menu-item-object-page menu-item-2375\"><a href=\"https:\/\/bernds.de\/en\/pickup\/\">PickUp Tricycle<\/a><\/li>\n<li id=\"menu-item-369\" class=\"bike-berndsbox menu-item menu-item-type-post_type menu-item-object-page menu-item-369\"><a href=\"https:\/\/bernds.de\/en\/berndsbox\/\">Test Ride<\/a><\/li>\n<\/ul><\/div>\n<p>&nbsp;<\/p>\n<div id=\"gallery-emo-normalo\"><div id=\"wooslider-id-3\" class=\"wooslider wooslider-id-3 wooslider-type-slides wooslider-theme-default image-slide\"><ul class=\"slides\">\n<li class=\"slide\">\n<div class=\"slide-content  has-featured-image\"><a href=\"https:\/\/bernds.de\/en\/warum-bernds\"><img width=\"1200\" height=\"250\" src=\"https:\/\/bernds.de\/wp-content\/uploads\/2016\/02\/bernds_faltrad_fahrrad_handarbeit_deutschland.jpg\" class=\"attachment-post-thumbnail size-post-thumbnail wp-post-image\" alt=\"\" decoding=\"async\" loading=\"lazy\" srcset=\"https:\/\/bernds.de\/wp-content\/uploads\/2016\/02\/bernds_faltrad_fahrrad_handarbeit_deutschland.jpg 1200w, https:\/\/bernds.de\/wp-content\/uploads\/2016\/02\/bernds_faltrad_fahrrad_handarbeit_deutschland-960x200.jpg 960w, https:\/\/bernds.de\/wp-content\/uploads\/2016\/02\/bernds_faltrad_fahrrad_handarbeit_deutschland-1000x208.jpg 1000w\" sizes=\"(max-width: 1200px) 100vw, 1200px\" \/><\/a><\/div><\/li>\n<\/ul><\/div>\n<\/div>\n<div id=\"gallery-emo-mobilo\"><div id=\"wooslider-id-4\" class=\"wooslider wooslider-id-4 wooslider-type-slides wooslider-theme-default image-slide\"><ul class=\"slides\">\n<li class=\"slide\">\n<div class=\"slide-content  has-featured-image\"><a href=\"https:\/\/bernds.de\/en\/warum-bernds\"><img width=\"640\" height=\"765\" src=\"https:\/\/bernds.de\/wp-content\/uploads\/2016\/03\/bernds_faltrad_fahrrad_handarbeit_deutschland_mobile.jpg\" class=\"attachment-post-thumbnail size-post-thumbnail wp-post-image\" alt=\"\" decoding=\"async\" loading=\"lazy\" \/><\/a><\/div><\/li>\n<\/ul><\/div>\n<\/div>\n<p><\/p>","protected":false},"excerpt":{"rendered":"<p>Sorry, this entry is only available in German. We are currently working on the translation. For the sake of viewer convenience, the content is shown below in the alternative language. You may click the link to switch the active language. Lastenrad mit Tandemfunktion Die bew\u00e4hrten Fahreigenschaften unserer LowStep-Rahmen helfen auch bei Zuladung. Bis zu 100kg [&hellip;]<\/p>\n","protected":false},"author":1,"featured_media":0,"parent":43,"menu_order":0,"comment_status":"closed","ping_status":"closed","template":"page-no-title.php","meta":[],"_links":{"self":[{"href":"https:\/\/bernds.de\/en\/wp-json\/wp\/v2\/pages\/3877"}],"collection":[{"href":"https:\/\/bernds.de\/en\/wp-json\/wp\/v2\/pages"}],"about":[{"href":"https:\/\/bernds.de\/en\/wp-json\/wp\/v2\/types\/page"}],"author":[{"embeddable":true,"href":"https:\/\/bernds.de\/en\/wp-json\/wp\/v2\/users\/1"}],"replies":[{"embeddable":true,"href":"https:\/\/bernds.de\/en\/wp-json\/wp\/v2\/comments?post=3877"}],"version-history":[{"count":4,"href":"https:\/\/bernds.de\/en\/wp-json\/wp\/v2\/pages\/3877\/revisions"}],"predecessor-version":[{"id":5779,"href":"https:\/\/bernds.de\/en\/wp-json\/wp\/v2\/pages\/3877\/revisions\/5779"}],"up":[{"embeddable":true,"href":"https:\/\/bernds.de\/en\/wp-json\/wp\/v2\/pages\/43"}],"wp:attachment":[{"href":"https:\/\/bernds.de\/en\/wp-json\/wp\/v2\/media?parent=3877"}],"curies":[{"name":"wp","href":"https:\/\/api.w.org\/{rel}","templated":true}]}}