{"id":38,"date":"2014-05-12T15:05:57","date_gmt":"2014-05-12T13:05:57","guid":{"rendered":"http:\/\/bernds.de\/?page_id=38"},"modified":"2019-01-25T15:42:20","modified_gmt":"2019-01-25T13:42:20","slug":"falttandem-elektrobernds","status":"publish","type":"page","link":"https:\/\/bernds.de\/en\/falttandem\/falttandem-elektrobernds\/","title":{"rendered":"Folding Tandem Electro"},"content":{"rendered":"<p class=\"qtranxs-available-languages-message qtranxs-available-languages-message-en\">Sorry, this entry is only available in <a href=\"https:\/\/bernds.de\/de\/wp-json\/wp\/v2\/pages\/38\" class=\"qtranxs-available-language-link qtranxs-available-language-link-de\" title=\"Deutsch\">German<\/a>. We are currently working on the translation. For the sake of viewer convenience, the content is shown below in the alternative language. You may click the link to switch the active language.<\/p><p><div id=\"wooslider-id-1\" class=\"wooslider wooslider-id-1 wooslider-type-slides wooslider-theme-default image-slide\"><ul class=\"slides\">\n<li class=\"slide\">\n<div class=\"slide-content layout-text-top overlay-natural has-featured-image\"><div class=\"slide-excerpt\"><h2 class=\"slide-title\">Controlling E-Bernds.<\/h2><\/div><img width=\"1200\" height=\"607\" src=\"https:\/\/bernds.de\/wp-content\/uploads\/2014\/05\/bernds_elektro_faltrad_e-bike_stuerung.jpg\" class=\"attachment-post-thumbnail size-post-thumbnail wp-post-image\" alt=\"\" decoding=\"async\" loading=\"lazy\" srcset=\"https:\/\/bernds.de\/wp-content\/uploads\/2014\/05\/bernds_elektro_faltrad_e-bike_stuerung.jpg 1200w, https:\/\/bernds.de\/wp-content\/uploads\/2014\/05\/bernds_elektro_faltrad_e-bike_stuerung-960x485.jpg 960w\" sizes=\"(max-width: 1200px) 100vw, 1200px\" \/><\/div><\/li>\n<li class=\"slide\">\n<div class=\"slide-content\">\n<p class=\"qtranxs-available-languages-message qtranxs-available-languages-message-en\">Sorry, this entry is only available in <a href=\"https:\/\/bernds.de\/de\/wp-json\/wp\/v2\/pages\/38\" class=\"qtranxs-available-language-link qtranxs-available-language-link-de\" title=\"Deutsch\">German<\/a>. We are currently working on the translation. For the sake of viewer convenience, the content is shown below in the alternative language. You may click the link to switch the active language.<\/p>\n<div class=\"BorlabsCookie _brlbs-cb-youtube\"><div class=\"_brlbs-content-blocker\"> <div class=\"_brlbs-embed _brlbs-video-youtube\"> <img class=\"_brlbs-thumbnail\" src=\"https:\/\/bernds.de\/wp-content\/plugins\/borlabs-cookie\/assets\/images\/cb-no-thumbnail.png\" alt=\"YouTube\"> <div class=\"_brlbs-caption\"> <p>Mit dem Laden des Videos akzeptieren Sie die Datenschutzerkl\u00e4rung von YouTube.<br><a href=\"https:\/\/policies.google.com\/privacy\" target=\"_blank\" rel=\"nofollow noopener noreferrer\">Mehr erfahren<\/a><\/p> <p><a class=\"_brlbs-btn _brlbs-icon-play-white\" href=\"#\" data-borlabs-cookie-unblock role=\"button\">Video laden<\/a><\/p> <p><label><input type=\"checkbox\" name=\"unblockAll\" value=\"1\" checked> <small>YouTube immer entsperren<\/small><\/label><\/p> <\/div> <\/div> <\/div><div class=\"borlabs-hide\" data-borlabs-cookie-type=\"content-blocker\" data-borlabs-cookie-id=\"youtube\"><script type=\"text\/template\">PGlmcmFtZSBpZD0iNGt6WU50Y0JPbk0iIGNsYXNzPSJ3b29zbGlkZXIteW91dHViZSIgICB3aWR0aD0iNTAwIiBoZWlnaHQ9IjI4MSIgc3JjPSJodHRwOi8vd3d3LnlvdXR1YmUtbm9jb29raWUuY29tL2VtYmVkLzRrellOdGNCT25NP2VuYWJsZWpzYXBpPTEmdmVyc2lvbj0zJndtb2RlPXRyYW5zcGFyZW50JnJlbD0wJnNob3dpbmZvPTAmbW9kZXN0YnJhbmRpbmc9MSIgZnJhbWVib3JkZXI9IjAiIGFsbG93ZnVsbHNjcmVlbj48L2lmcmFtZT4=<\/script><\/div><\/div>\n\n<\/div>\n<\/li>\n<li class=\"slide\" data-wooslidercontent=\"&lt;div class=&quot;slide-content layout-text-top overlay-natural has-featured-image&quot;&gt;&lt;div class=&quot;slide-excerpt&quot;&gt;&lt;h2 class=&quot;slide-title&quot;&gt;E-Bernds&lt;\/h2&gt;&lt;\/div&gt;&lt;img width=&quot;1200&quot; height=&quot;607&quot; src=&quot;https:\/\/bernds.de\/wp-content\/uploads\/2014\/05\/bernds_elektro_faltrad_hinterradmotor_1200.jpg&quot; class=&quot;attachment-post-thumbnail size-post-thumbnail wp-post-image&quot; alt=&quot;&quot; decoding=&quot;async&quot; loading=&quot;lazy&quot; srcset=&quot;https:\/\/bernds.de\/wp-content\/uploads\/2014\/05\/bernds_elektro_faltrad_hinterradmotor_1200.jpg 1200w, https:\/\/bernds.de\/wp-content\/uploads\/2014\/05\/bernds_elektro_faltrad_hinterradmotor_1200-960x485.jpg 960w&quot; sizes=&quot;(max-width: 1200px) 100vw, 1200px&quot; \/&gt;&lt;\/div&gt;\"><\/li>\n<li class=\"slide\" data-wooslidercontent=\"&lt;div class=&quot;slide-content layout-text-top overlay-natural has-featured-image&quot;&gt;&lt;div class=&quot;slide-excerpt&quot;&gt;&lt;h2 class=&quot;slide-title&quot;&gt;Bernds E-Folding Bike.&lt;\/h2&gt;&lt;\/div&gt;&lt;img width=&quot;1200&quot; height=&quot;607&quot; src=&quot;https:\/\/bernds.de\/wp-content\/uploads\/2014\/05\/bernds_faltrad_e-folding_bike_elektro_faltrad_1200.jpg&quot; class=&quot;attachment-post-thumbnail size-post-thumbnail wp-post-image&quot; alt=&quot;&quot; decoding=&quot;async&quot; loading=&quot;lazy&quot; srcset=&quot;https:\/\/bernds.de\/wp-content\/uploads\/2014\/05\/bernds_faltrad_e-folding_bike_elektro_faltrad_1200.jpg 1200w, https:\/\/bernds.de\/wp-content\/uploads\/2014\/05\/bernds_faltrad_e-folding_bike_elektro_faltrad_1200-960x485.jpg 960w&quot; sizes=&quot;(max-width: 1200px) 100vw, 1200px&quot; \/&gt;&lt;\/div&gt;\"><\/li>\n<li class=\"slide\" data-wooslidercontent=\"&lt;div class=&quot;slide-content layout-text-top overlay-natural has-featured-image&quot;&gt;&lt;div class=&quot;slide-excerpt&quot;&gt;&lt;h2 class=&quot;slide-title&quot;&gt;A compact one.&lt;\/h2&gt;&lt;p class=&quot;qtranxs-available-languages-message qtranxs-available-languages-message-en&quot;&gt;Sorry, this entry is only available in &lt;a href=&quot;https:\/\/bernds.de\/de\/wp-json\/wp\/v2\/pages\/38&quot; class=&quot;qtranxs-available-language-link qtranxs-available-language-link-de&quot; title=&quot;Deutsch&quot;&gt;German&lt;\/a&gt;. We are currently working on the translation. For the sake of viewer convenience, the content is shown below in the alternative language. You may click the link to switch the active language.&lt;\/p&gt;\n&lt;p&gt;95x74,5x20cm&lt;br \/&gt;\n&lt; 24kg\nincl. Batteries\n&lt;\/p&gt;\n&lt;\/div&gt;&lt;img width=&quot;1200&quot; height=&quot;607&quot; src=&quot;https:\/\/bernds.de\/wp-content\/uploads\/2014\/05\/bernds_elektro_faltrad_e_folding_bike_gefaltet_1200.jpg&quot; class=&quot;attachment-post-thumbnail size-post-thumbnail wp-post-image&quot; alt=&quot;&quot; decoding=&quot;async&quot; loading=&quot;lazy&quot; srcset=&quot;https:\/\/bernds.de\/wp-content\/uploads\/2014\/05\/bernds_elektro_faltrad_e_folding_bike_gefaltet_1200.jpg 1200w, https:\/\/bernds.de\/wp-content\/uploads\/2014\/05\/bernds_elektro_faltrad_e_folding_bike_gefaltet_1200-960x485.jpg 960w&quot; sizes=&quot;(max-width: 1200px) 100vw, 1200px&quot; \/&gt;&lt;\/div&gt;\"><\/li>\n<\/ul><\/div>\n<br \/>\n<div class=\"menu-tandem-container\"><ul id=\"product-menu\" class=\"clearfix\"><li id=\"menu-item-324\" class=\"menu-item menu-item-type-post_type menu-item-object-page menu-item-324\"><a href=\"https:\/\/bernds.de\/en\/falttandem\/\">Tandem<\/a><\/li>\n<li id=\"menu-item-326\" class=\"menu-item menu-item-type-post_type menu-item-object-page menu-item-326\"><a href=\"https:\/\/bernds.de\/en\/falttandem\/falttandem-grundausstattung\/\">Technical Data<\/a><\/li>\n<li id=\"menu-item-719\" class=\"menu-item menu-item-type-post_type menu-item-object-page menu-item-719\"><a href=\"https:\/\/bernds.de\/en\/falttandem\/falttandem-falten\/\">Folding<\/a><\/li>\n<li id=\"menu-item-2251\" class=\"menu-item menu-item-type-post_type menu-item-object-page menu-item-2251\"><a href=\"https:\/\/bernds.de\/en\/falttandem\/falttandem-konfigurator\/\">Configurator<\/a><\/li>\n<\/ul><\/div><\/p>\n<h2>Jedes Bernds ist mit Elektroantrieb erh\u00e4ltlich<\/h2>\n<p>Damit werden Steigungen erleichtert oder die Reichweite vergr\u00f6\u00dfert. Je nach Anforderung bieten wir verschiedene Systeme an, f\u00fcr die wir uns aus \u00dcberzeugung entschieden haben.<\/p>\n<h2>Das E-Bike haben wir nicht neu erfunden<\/h2>\n<p>Und das soll auch so bleiben. Denn jedes Bernds-Modell erf\u00fcllt bereits einen eigenen Anspruch. Der Elektromotor soll diesen unterst\u00fctzen, ohne die Vorteile eines Bernds zu schm\u00e4lern. So bleiben wir kompakt, faltbar, mobil und komplett individuell \u2013 auch mit Motor und Akku. Bereits ab 18kg Gesamtgewicht mit einem auf Wunsch im Rahmen integrierten Akku.<\/p>\n<h2>Wie wird der Antrieb gesteuert?<\/h2>\n<p>Entweder abh\u00e4ngig von der Kraft oder nach einer voreingestellten Geschwindigkeit.<br \/>\nKraftabh\u00e4ngige Steuerung bedeutet, dass der Motor permanent die Antriebskraft proportional verst\u00e4rkt und bietet sich daher f\u00fcr sportliches Fahren an.<\/p>\n<p>Mit einer voreingestellten Geschwindigkeit schaltet sich der Motor nach Bedarf ein, um auf einer vorher eingestellten Geschwindigkeit zu bleiben. F\u00e4hrt man schneller, geht der Motor aus. Das entlastet die Fahrer und sorgt f\u00fcr entspanntes Fahren.<\/p>\n<h2>Welches Rad wird angetrieben?<\/h2>\n<p>Ein elektrisch angetriebenes Vorderrad ist bei guter Lastverteilung von Vorteil, da man dann einen Allradantrieb hat.<\/p>\n<p>Nur bei extremen Steigungen von 10% und mehr, oder auf Schotter kann das Rad durchdrehen. Die Kontrolle \u00fcber das Rad verliert man dabei nicht, da lediglich der Schwerpunkt nach hinten verlagert wird.<br \/>\nF\u00fcr h\u00e4ufiges Fahren im Gel\u00e4nde bietet sich Hinterradantrieb eher an. Leider k\u00f6nnen dabei nur Kettenschaltungen verwendet werden.<\/p>\n<h2>Wo sitzt der Motor?<\/h2>\n<p>Ein Motor bedeutet mehr Gewicht. Je tiefer, desto besser das Handling. Daher werden Tretlagermotoren bei 28\u2033 R\u00e4dern besser beurteilt, als Nabenmotoren. Bei unseren 20\u2033 R\u00e4dern ist der Raddurchmesser ohnehin 10cm kleiner, als beim 28\u2033 Rad. Das Gewicht des Motors sitzt somit von allein auf der gleichen H\u00f6he wie bei einem Tretlagermotor. Die Akkuposition w\u00e4hlen wir stets m\u00f6glichst tief, was das Handling zus\u00e4tzlich verbessert.<\/p>\n<h2>Unsere Motoren\u00a0 Auswahl<\/h2>\n<p><strong>Der Ansmann Vorderradmotor<br \/>\n<\/strong>der konfortable<br \/>\nEr kann in sechs Schritten auf eine Geschwindigkeit zwischen 15 und 25km\/h eingestellt werden. Bei Fahrten in einer Gruppe ist das besonders von Vorteil. Oberhalb der eingestellten Geschwindigkeit bleibt der Motor inaktiv. Das bedeutet der Motor hilft nur, wenn man unter die eingestellte Geschwindigkeit kommt, also eine Steigungen oder Gegenwind zu \u00fcberwinden ist.<br \/>\nDieser Motor ist gut f\u00fcr Radfahrrer die den Motor zu Ihrer Entlastung nutzen wollen. Der Motor l\u00e4uft nur wenn man langsamer als die eingestellte Geschwindigkeit f\u00e4hrt, man kann also 25km\/h fahren wenn man auf stufe 6 f\u00e4hrt, kann aber auch nur 15km\/h einstellen und sich so erst helfen lassen wenn man langsamer als 15km\/h f\u00e4hrt.<\/p>\n<p><strong>Hinterradmotor Zehus BIKE<br \/>\n<\/strong>der Leichte<br \/>\nZEHUS BIKE ist ein sehr leichtes System es wiegt nur 3 kg incl. Hinterradnabe, also nur 2,5Kg mehr als ein Rad ohne Motor.<br \/>\nDas System geht nur als Singelspeed oder mit Kettenschaltung 8- oder 11-gang.<\/p>\n<p>Der Akku ist in der Nabe verbaut und es gibt eine App mit der das Motor gesteuert wird, also gibt es keine Schalter oder Diyplays am Lenker.<br \/>\nDer Motor wird Kraftabh\u00e4ngig gesteuert, er gibt Proportional zu der Kraft, mit der man in die Pedale tritt Kraft ab.<br \/>\nBei Steigungen kann es vorkommen, dass man nicht mehr genug Kraft aufbringen kann, um den Motor voll zu aktivieren. Deshalb empfehlen wir diesen Antrieb eher sportlich Fahrern oder Personen die ein sehr leichtes Rad ben\u00f6tigen.<\/p>\n<p><strong>Pendix der Tretlagermotor<br \/>\n<\/strong>Der Kraftabh\u00e4nige<strong><br \/>\n<\/strong>Der Pendix treibt direkt die Tretlagerachse an. Eine ausgekl\u00fcgelte Elektronik steuert den Motos so das man nur ein extrem kurzes nachlaufen sp\u00fcrt.<br \/>\nDer Akku dient gleichzeitig zur Steuerung des System so das am Lenker keine Steuerelemente n\u00f6tig sind. F\u00fcr Freunde der kraftabh\u00e4nigen Steuerung denen es nichts ausmacht das der Motor etwas schwerer ist (8kg) ist der Pendix eine sch\u00f6ne L\u00f6sung.<\/p>\n<p>&nbsp;<\/p>\n<h2>Die Tandem-Familie<\/h2>\n<p><div class=\"menu-tandem-varianten-container\"><ul id=\"bikes-menu\" class=\"clearfix\"><li id=\"menu-item-342\" class=\"bike-falttandem menu-item menu-item-type-post_type menu-item-object-page menu-item-342\"><a href=\"https:\/\/bernds.de\/en\/falttandem\/\">Folding Tandem<\/a><\/li>\n<li id=\"menu-item-345\" class=\"bike-falttandem-ls menu-item menu-item-type-post_type menu-item-object-page menu-item-345\"><a href=\"https:\/\/bernds.de\/en\/falttandem\/falttandem-lowstep\/\">LowStep Tandem<\/a><\/li>\n<li id=\"menu-item-3882\" class=\"bike-falttandem-ls-eb menu-item menu-item-type-post_type menu-item-object-page menu-item-3882\"><a href=\"https:\/\/bernds.de\/en\/falttandem\/falttandem-lowstep\/paxbernds\/\">PaxBernds Tandem<\/a><\/li>\n<li id=\"menu-item-341\" class=\"bike-berndsbox menu-item menu-item-type-post_type menu-item-object-page menu-item-341\"><a href=\"https:\/\/bernds.de\/en\/berndsbox\/\">Test Ride<\/a><\/li>\n<\/ul><\/div><\/p>","protected":false},"excerpt":{"rendered":"<p>Sorry, this entry is only available in German. We are currently working on the translation. For the sake of viewer convenience, the content is shown below in the alternative language. You may click the link to switch the active language. Jedes Bernds ist mit Elektroantrieb erh\u00e4ltlich Damit werden Steigungen erleichtert oder die Reichweite vergr\u00f6\u00dfert. Je [&hellip;]<\/p>\n","protected":false},"author":1,"featured_media":0,"parent":28,"menu_order":0,"comment_status":"open","ping_status":"open","template":"page-no-title.php","meta":[],"_links":{"self":[{"href":"https:\/\/bernds.de\/en\/wp-json\/wp\/v2\/pages\/38"}],"collection":[{"href":"https:\/\/bernds.de\/en\/wp-json\/wp\/v2\/pages"}],"about":[{"href":"https:\/\/bernds.de\/en\/wp-json\/wp\/v2\/types\/page"}],"author":[{"embeddable":true,"href":"https:\/\/bernds.de\/en\/wp-json\/wp\/v2\/users\/1"}],"replies":[{"embeddable":true,"href":"https:\/\/bernds.de\/en\/wp-json\/wp\/v2\/comments?post=38"}],"version-history":[{"count":10,"href":"https:\/\/bernds.de\/en\/wp-json\/wp\/v2\/pages\/38\/revisions"}],"predecessor-version":[{"id":3649,"href":"https:\/\/bernds.de\/en\/wp-json\/wp\/v2\/pages\/38\/revisions\/3649"}],"up":[{"embeddable":true,"href":"https:\/\/bernds.de\/en\/wp-json\/wp\/v2\/pages\/28"}],"wp:attachment":[{"href":"https:\/\/bernds.de\/en\/wp-json\/wp\/v2\/media?parent=38"}],"curies":[{"name":"wp","href":"https:\/\/api.w.org\/{rel}","templated":true}]}}