{"id":36,"date":"2014-05-12T15:05:32","date_gmt":"2014-05-12T13:05:32","guid":{"rendered":"http:\/\/bernds.de\/?page_id=36"},"modified":"2020-03-04T18:17:09","modified_gmt":"2020-03-04T16:17:09","slug":"paxbernds-faltrad","status":"publish","type":"page","link":"https:\/\/bernds.de\/en\/faltrad\/paxbernds-faltrad\/","title":{"rendered":"PaxBernds Folding Bike"},"content":{"rendered":"<p class=\"qtranxs-available-languages-message qtranxs-available-languages-message-en\">Sorry, this entry is only available in <a href=\"https:\/\/bernds.de\/de\/wp-json\/wp\/v2\/pages\/36\" class=\"qtranxs-available-language-link qtranxs-available-language-link-de\" title=\"Deutsch\">German<\/a>. We are currently working on the translation. For the sake of viewer convenience, the content is shown below in the alternative language. You may click the link to switch the active language.<\/p><p><div id=\"wooslider-id-1\" class=\"wooslider wooslider-id-1 wooslider-type-slides wooslider-theme-default image-slide\"><ul class=\"slides\">\n<li class=\"slide\">\n<div class=\"slide-content layout-text-top overlay-natural has-featured-image\"><div class=\"slide-excerpt\"><h2 class=\"slide-title\">PaxBernds Faltrad<\/h2><\/div><img width=\"2400\" height=\"1369\" src=\"https:\/\/bernds.de\/wp-content\/uploads\/2019\/07\/bernds_paxbernds_lastenrad_faltbar_faltbares_lastenrad_loadbike_foldable-1.jpg\" class=\"attachment-post-thumbnail size-post-thumbnail wp-post-image\" alt=\"\" decoding=\"async\" loading=\"lazy\" srcset=\"https:\/\/bernds.de\/wp-content\/uploads\/2019\/07\/bernds_paxbernds_lastenrad_faltbar_faltbares_lastenrad_loadbike_foldable-1.jpg 2400w, https:\/\/bernds.de\/wp-content\/uploads\/2019\/07\/bernds_paxbernds_lastenrad_faltbar_faltbares_lastenrad_loadbike_foldable-1-960x548.jpg 960w, https:\/\/bernds.de\/wp-content\/uploads\/2019\/07\/bernds_paxbernds_lastenrad_faltbar_faltbares_lastenrad_loadbike_foldable-1-768x438.jpg 768w, https:\/\/bernds.de\/wp-content\/uploads\/2019\/07\/bernds_paxbernds_lastenrad_faltbar_faltbares_lastenrad_loadbike_foldable-1-1200x685.jpg 1200w, https:\/\/bernds.de\/wp-content\/uploads\/2019\/07\/bernds_paxbernds_lastenrad_faltbar_faltbares_lastenrad_loadbike_foldable-1-1000x570.jpg 1000w\" sizes=\"(max-width: 2400px) 100vw, 2400px\" \/><\/div><\/li>\n<\/ul><\/div>\n<br \/>\n<div class=\"menu-faltrad-container\"><ul id=\"product-menu\" class=\"clearfix\"><li id=\"menu-item-136\" class=\"menu-item menu-item-type-post_type menu-item-object-page menu-item-136\"><a href=\"https:\/\/bernds.de\/en\/faltrad\/\">Folding Bike<\/a><\/li>\n<li id=\"menu-item-105\" class=\"menu-item menu-item-type-post_type menu-item-object-page menu-item-105\"><a href=\"https:\/\/bernds.de\/en\/faltrad\/faltrad-daten\/\">Technical Data<\/a><\/li>\n<li id=\"menu-item-704\" class=\"menu-item menu-item-type-post_type menu-item-object-page menu-item-704\"><a href=\"https:\/\/bernds.de\/en\/faltrad\/faltrad-faltvorgang\/\">Folding<\/a><\/li>\n<li id=\"menu-item-228\" class=\"menu-item menu-item-type-post_type menu-item-object-page menu-item-228\"><a href=\"https:\/\/bernds.de\/en\/faltrad\/paxbernds-faltrad\/\">PaxBernds<\/a><\/li>\n<li id=\"menu-item-4055\" class=\"menu-item menu-item-type-post_type menu-item-object-page menu-item-4055\"><a href=\"https:\/\/bernds.de\/en\/faltrad\/faltrad-konfigurator\/\">Configurator<\/a><\/li>\n<\/ul><\/div><\/p>\n<h2>Lastenrad mit Faltfunktion<\/h2>\n<p>Bis zu 40kg Zuladung \u2013 kombiniert mit den Vorz\u00fcgen des kompakten Bernds Faltrad-Klassikers. Wir waren selbst \u00fcberrascht, wie gut sich die Fracht fahren l\u00e4sst. Sogar bei maximalem Gewicht.<\/p>\n<div id=\"wooslider-id-2\" class=\"wooslider wooslider-id-2 wooslider-type-slides wooslider-theme-default image-slide\"><ul class=\"slides\">\n<li class=\"slide\">\n<div class=\"slide-content layout-text-top overlay-natural has-featured-image\"><div class=\"slide-excerpt\"><h2 class=\"slide-title\">PaxFaltrad<\/h2><\/div><img width=\"2400\" height=\"1200\" src=\"https:\/\/bernds.de\/wp-content\/uploads\/2019\/09\/paxfaltrad_paxbernds_faltrad_lastenrad.jpg\" class=\"attachment-post-thumbnail size-post-thumbnail wp-post-image\" alt=\"\" decoding=\"async\" loading=\"lazy\" srcset=\"https:\/\/bernds.de\/wp-content\/uploads\/2019\/09\/paxfaltrad_paxbernds_faltrad_lastenrad.jpg 2400w, https:\/\/bernds.de\/wp-content\/uploads\/2019\/09\/paxfaltrad_paxbernds_faltrad_lastenrad-960x480.jpg 960w, https:\/\/bernds.de\/wp-content\/uploads\/2019\/09\/paxfaltrad_paxbernds_faltrad_lastenrad-768x384.jpg 768w, https:\/\/bernds.de\/wp-content\/uploads\/2019\/09\/paxfaltrad_paxbernds_faltrad_lastenrad-1200x600.jpg 1200w, https:\/\/bernds.de\/wp-content\/uploads\/2019\/09\/paxfaltrad_paxbernds_faltrad_lastenrad-1000x500.jpg 1000w\" sizes=\"(max-width: 2400px) 100vw, 2400px\" \/><\/div><\/li>\n<li class=\"slide\">\n<div class=\"slide-content layout-text-top overlay-natural has-featured-image\"><div class=\"slide-excerpt\"><h2 class=\"slide-title\">PaxFaltrad<\/h2><\/div><img width=\"2400\" height=\"1200\" src=\"https:\/\/bernds.de\/wp-content\/uploads\/2019\/09\/paxfaltrad_bernds_faltbares_lastenrad_paxbernds_foerderung_lastenrad.jpg\" class=\"attachment-post-thumbnail size-post-thumbnail wp-post-image\" alt=\"\" decoding=\"async\" loading=\"lazy\" srcset=\"https:\/\/bernds.de\/wp-content\/uploads\/2019\/09\/paxfaltrad_bernds_faltbares_lastenrad_paxbernds_foerderung_lastenrad.jpg 2400w, https:\/\/bernds.de\/wp-content\/uploads\/2019\/09\/paxfaltrad_bernds_faltbares_lastenrad_paxbernds_foerderung_lastenrad-960x480.jpg 960w, https:\/\/bernds.de\/wp-content\/uploads\/2019\/09\/paxfaltrad_bernds_faltbares_lastenrad_paxbernds_foerderung_lastenrad-768x384.jpg 768w, https:\/\/bernds.de\/wp-content\/uploads\/2019\/09\/paxfaltrad_bernds_faltbares_lastenrad_paxbernds_foerderung_lastenrad-1200x600.jpg 1200w, https:\/\/bernds.de\/wp-content\/uploads\/2019\/09\/paxfaltrad_bernds_faltbares_lastenrad_paxbernds_foerderung_lastenrad-1000x500.jpg 1000w\" sizes=\"(max-width: 2400px) 100vw, 2400px\" \/><\/div><\/li>\n<li class=\"slide\" data-wooslidercontent=\"&lt;div class=&quot;slide-content layout-text-top overlay-natural has-featured-image&quot;&gt;&lt;div class=&quot;slide-excerpt&quot;&gt;&lt;h2 class=&quot;slide-title&quot;&gt;PaxFaltrad&lt;\/h2&gt;&lt;p class=&quot;qtranxs-available-languages-message qtranxs-available-languages-message-en&quot;&gt;Sorry, this entry is only available in &lt;a href=&quot;https:\/\/bernds.de\/de\/wp-json\/wp\/v2\/pages\/36&quot; class=&quot;qtranxs-available-language-link qtranxs-available-language-link-de&quot; title=&quot;Deutsch&quot;&gt;German&lt;\/a&gt;. We are currently working on the translation. For the sake of viewer convenience, the content is shown below in the alternative language. You may click the link to switch the active language.&lt;\/p&gt;\n&lt;p&gt;abnehmbare Ladefl\u00e4che&lt;br \/&gt;\n40x58cm&lt;br \/&gt;\nbis zu 40kg Zuladung&lt;\/p&gt;\n&lt;\/div&gt;&lt;img width=&quot;2400&quot; height=&quot;1200&quot; src=&quot;https:\/\/bernds.de\/wp-content\/uploads\/2019\/09\/paxbernds_ladeflaeche_paxbernds_lastenrad_faltrad_faltfunktion-1.jpg&quot; class=&quot;attachment-post-thumbnail size-post-thumbnail wp-post-image&quot; alt=&quot;&quot; decoding=&quot;async&quot; loading=&quot;lazy&quot; srcset=&quot;https:\/\/bernds.de\/wp-content\/uploads\/2019\/09\/paxbernds_ladeflaeche_paxbernds_lastenrad_faltrad_faltfunktion-1.jpg 2400w, https:\/\/bernds.de\/wp-content\/uploads\/2019\/09\/paxbernds_ladeflaeche_paxbernds_lastenrad_faltrad_faltfunktion-1-960x480.jpg 960w, https:\/\/bernds.de\/wp-content\/uploads\/2019\/09\/paxbernds_ladeflaeche_paxbernds_lastenrad_faltrad_faltfunktion-1-768x384.jpg 768w, https:\/\/bernds.de\/wp-content\/uploads\/2019\/09\/paxbernds_ladeflaeche_paxbernds_lastenrad_faltrad_faltfunktion-1-1200x600.jpg 1200w, https:\/\/bernds.de\/wp-content\/uploads\/2019\/09\/paxbernds_ladeflaeche_paxbernds_lastenrad_faltrad_faltfunktion-1-1000x500.jpg 1000w&quot; sizes=&quot;(max-width: 2400px) 100vw, 2400px&quot; \/&gt;&lt;\/div&gt;\"><\/li>\n<\/ul><\/div>\n\n<p>Volle Zuladung \u2013 bei voller Faltfunktion. Denn im gefalteten Paket steht das PaxBernds auf der Vorderkante der Ladefl\u00e4che. Wenn es noch kleiner sein soll: mit zwei Handgriffen l\u00e4sst sie sich problemlos abnehmen.<\/p>\n<p><a href=\"https:\/\/bernds.de\/lastenrad-und-e-bike-foerderungen-in-deutschland-und-oesterreich-nutzen\/\">\u2192Jetzt bis zu 3.000,\u2013\u20ac F\u00f6rderung in Deutschland und \u00d6sterreich erh\u00e4ltlich.<\/a><\/p>\n<h2>Die Faltrad-Familie<\/h2>\n<div class=\"menu-faltrad-varianten-container\"><ul id=\"bikes-menu\" class=\"clearfix\"><li id=\"menu-item-207\" class=\"bike-faltrad menu-item menu-item-type-post_type menu-item-object-page menu-item-207\"><a href=\"https:\/\/bernds.de\/en\/faltrad\/\">Folding Bike<\/a><\/li>\n<li id=\"menu-item-208\" class=\"bike-faltrad-eb menu-item menu-item-type-post_type menu-item-object-page menu-item-208\"><a href=\"https:\/\/bernds.de\/en\/faltrad\/paxbernds-faltrad\/\">PaxBernds Foldable<\/a><\/li>\n<li id=\"menu-item-2347\" class=\"bike-gretel menu-item menu-item-type-post_type menu-item-object-page menu-item-2347\"><a href=\"https:\/\/bernds.de\/en\/gretel\/\">LowStep Folding<\/a><\/li>\n<li id=\"menu-item-206\" class=\"bike-berndsbox menu-item menu-item-type-post_type menu-item-object-page menu-item-206\"><a href=\"https:\/\/bernds.de\/en\/berndsbox\/\">Test Ride<\/a><\/li>\n<\/ul><\/div>\n<div id=\"gallery-emo-normalo\"><div id=\"wooslider-id-3\" class=\"wooslider wooslider-id-3 wooslider-type-slides wooslider-theme-default image-slide\"><ul class=\"slides\">\n<li class=\"slide\">\n<div class=\"slide-content  has-featured-image\"><a href=\"https:\/\/bernds.de\/en\/warum-bernds\"><img width=\"1200\" height=\"250\" src=\"https:\/\/bernds.de\/wp-content\/uploads\/2016\/02\/bernds_faltrad_fahrrad_handarbeit_deutschland.jpg\" class=\"attachment-post-thumbnail size-post-thumbnail wp-post-image\" alt=\"\" decoding=\"async\" loading=\"lazy\" srcset=\"https:\/\/bernds.de\/wp-content\/uploads\/2016\/02\/bernds_faltrad_fahrrad_handarbeit_deutschland.jpg 1200w, https:\/\/bernds.de\/wp-content\/uploads\/2016\/02\/bernds_faltrad_fahrrad_handarbeit_deutschland-960x200.jpg 960w, https:\/\/bernds.de\/wp-content\/uploads\/2016\/02\/bernds_faltrad_fahrrad_handarbeit_deutschland-1000x208.jpg 1000w\" sizes=\"(max-width: 1200px) 100vw, 1200px\" \/><\/a><\/div><\/li>\n<\/ul><\/div>\n<\/div>\n<div id=\"gallery-emo-mobilo\"><div id=\"wooslider-id-4\" class=\"wooslider wooslider-id-4 wooslider-type-slides wooslider-theme-default image-slide\"><ul class=\"slides\">\n<li class=\"slide\">\n<div class=\"slide-content  has-featured-image\"><a href=\"https:\/\/bernds.de\/en\/warum-bernds\"><img width=\"640\" height=\"765\" src=\"https:\/\/bernds.de\/wp-content\/uploads\/2016\/03\/bernds_faltrad_fahrrad_handarbeit_deutschland_mobile.jpg\" class=\"attachment-post-thumbnail size-post-thumbnail wp-post-image\" alt=\"\" decoding=\"async\" loading=\"lazy\" \/><\/a><\/div><\/li>\n<\/ul><\/div>\n<\/div>\n<p><\/p>","protected":false},"excerpt":{"rendered":"<p>Sorry, this entry is only available in German. We are currently working on the translation. For the sake of viewer convenience, the content is shown below in the alternative language. You may click the link to switch the active language. Lastenrad mit Faltfunktion Bis zu 40kg Zuladung \u2013 kombiniert mit den Vorz\u00fcgen des kompakten Bernds [&hellip;]<\/p>\n","protected":false},"author":1,"featured_media":0,"parent":26,"menu_order":0,"comment_status":"open","ping_status":"open","template":"page-no-title.php","meta":[],"_links":{"self":[{"href":"https:\/\/bernds.de\/en\/wp-json\/wp\/v2\/pages\/36"}],"collection":[{"href":"https:\/\/bernds.de\/en\/wp-json\/wp\/v2\/pages"}],"about":[{"href":"https:\/\/bernds.de\/en\/wp-json\/wp\/v2\/types\/page"}],"author":[{"embeddable":true,"href":"https:\/\/bernds.de\/en\/wp-json\/wp\/v2\/users\/1"}],"replies":[{"embeddable":true,"href":"https:\/\/bernds.de\/en\/wp-json\/wp\/v2\/comments?post=36"}],"version-history":[{"count":21,"href":"https:\/\/bernds.de\/en\/wp-json\/wp\/v2\/pages\/36\/revisions"}],"predecessor-version":[{"id":4382,"href":"https:\/\/bernds.de\/en\/wp-json\/wp\/v2\/pages\/36\/revisions\/4382"}],"up":[{"embeddable":true,"href":"https:\/\/bernds.de\/en\/wp-json\/wp\/v2\/pages\/26"}],"wp:attachment":[{"href":"https:\/\/bernds.de\/en\/wp-json\/wp\/v2\/media?parent=36"}],"curies":[{"name":"wp","href":"https:\/\/api.w.org\/{rel}","templated":true}]}}