{"id":315,"date":"2014-05-21T15:10:43","date_gmt":"2014-05-21T13:10:43","guid":{"rendered":"http:\/\/bernds.de\/?page_id=315"},"modified":"2014-06-27T11:32:28","modified_gmt":"2014-06-27T09:32:28","slug":"falttandem-daten","status":"publish","type":"page","link":"https:\/\/bernds.de\/en\/falttandem\/falttandem-daten\/","title":{"rendered":"Data"},"content":{"rendered":"<p class=\"qtranxs-available-languages-message qtranxs-available-languages-message-en\">Sorry, this entry is only available in <a href=\"https:\/\/bernds.de\/de\/wp-json\/wp\/v2\/pages\/315\" class=\"qtranxs-available-language-link qtranxs-available-language-link-de\" title=\"Deutsch\">German<\/a>. We are currently working on the translation. For the sake of viewer convenience, the content is shown below in the alternative language. You may click the link to switch the active language.<\/p><p><div class=\"menu-tandem-container\"><ul id=\"product-menu\" class=\"clearfix\"><li id=\"menu-item-324\" class=\"menu-item menu-item-type-post_type menu-item-object-page menu-item-324\"><a href=\"https:\/\/bernds.de\/en\/falttandem\/\">Tandem<\/a><\/li>\n<li id=\"menu-item-326\" class=\"menu-item menu-item-type-post_type menu-item-object-page menu-item-326\"><a href=\"https:\/\/bernds.de\/en\/falttandem\/falttandem-grundausstattung\/\">Technical Data<\/a><\/li>\n<li id=\"menu-item-719\" class=\"menu-item menu-item-type-post_type menu-item-object-page menu-item-719\"><a href=\"https:\/\/bernds.de\/en\/falttandem\/falttandem-falten\/\">Folding<\/a><\/li>\n<li id=\"menu-item-2251\" class=\"menu-item menu-item-type-post_type menu-item-object-page menu-item-2251\"><a href=\"https:\/\/bernds.de\/en\/falttandem\/falttandem-konfigurator\/\">Configurator<\/a><\/li>\n<\/ul><\/div><\/p>\n<table>\n<tr>\n<td>Stahlrahmen aus eigener Produktion*<\/td>\n<td><\/td>\n<\/tr>\n<tr>\n<td>Faltma\u00df (alle Modelle)<\/td>\n<td>175x60x20cm (mit ausgebauter Gabel 140x60x20cm), optional mit S+S Muffe teilbar<\/td>\n<\/tr>\n<tr>\n<td>Radstand<\/td>\n<td>177,5cm<\/td>\n<\/tr>\n<tr>\n<td>Hinterbaul\u00e4nge<\/td>\n<td>40cm<\/td>\n<\/tr>\n<tr>\n<td>Gesamtl\u00e4nge<\/td>\n<td>227,5cm<\/td>\n<\/tr>\n<tr>\n<td>Zuladung<\/td>\n<td>260kg<\/td>\n<\/tr>\n<tr>\n<td>Durchstiegh\u00f6he<\/td>\n<td>62cm vo. \/ 53cm hi.<\/td>\n<\/tr>\n<tr>\n<td>Oberrohrl\u00e4nge<\/td>\n<td>56cm vo. \/ 78cm hi.62cm vo. \/ 53cm hi.<\/td>\n<\/tr>\n<tr>\n<td>Gewicht ab<\/td>\n<td>19,5kg<\/td>\n<\/tr>\n<tr>\n<td>K\u00f6rpergr\u00f6\u00dfe<\/td>\n<td>von 140cm bis 210cm<\/td>\n<\/tr>\n<\/table>\n<p>*Standardabmessungen mit 50mm breiten Reifen, Ma\u00dfanfertigung abweichend<\/p>\n<h2>Antriebsvarianten<\/h2>\n<table>\n<tr>\n<td>8-Gang Kettenschaltung<\/td>\n<td>Entfaltung 2,45m \u2013 7,13m (48Z zu 11Z-32Z), Kettenantrieb mit Freilauf<\/td>\n<\/tr>\n<tr>\n<td>8-Gang Nabenschaltung<\/td>\n<td>Entfaltung 2,41m &#8211; 7,39m (42Z zu 15Z), Shimano Nexus mit R\u00fccktritt oder Freilauf (Premium Nabe); optional mit Riemenantrieb<\/td>\n<\/tr>\n<tr>\n<td>3&#215;8-Gang Dual Drive<\/td>\n<td>Entfaltung 1,57m \u2013 8,48m (42Z zu 11Z-32Z), Sram DualDrive, 8-Gang kombiniert mit 3-Gang Nabenschaltung<\/td>\n<\/tr>\n<tr>\n<td>14-Gang Nabenschaltung<\/td>\n<td>Entfaltung 1,68m \u2013 8,85m (48Z zu 13Z), Rohloff SpeedHub; optional mit Riemenantrieb<\/td>\n<\/tr>\n<\/table>\n<h2>Grundausstattung Falttandem<\/h2>\n<table>\n<tr>\n<td>Pulverlackierung<\/td>\n<td>Dreischicht (Grundierung, Farbpulver und Klarpulver), Standardfarbe Diamantschwarz, andere RAL-Farben gegen Aufpreis<\/td>\n<\/tr>\n<tr>\n<td>Federung<\/td>\n<td>Hinterrad elastomer-gefedert (3 H\u00e4rten m\u00f6glich), Vorderrad-Federgabel optional<\/td>\n<\/tr>\n<tr>\n<td>Lagerung<\/td>\n<td> Hinterradschwinge mit selbstschmierenden Messing Sinterbuchsen<\/td>\n<\/tr>\n<tr>\n<td>Pedale<\/td>\n<td>Hochwertig kugelgelagert mit rutschfester<br \/>\nGummiauflage (optional Falt- oder Steck- Pedale)<\/td>\n<\/tr>\n<tr>\n<td>Bremsen<\/td>\n<td>V Brake (optional hydraulische Felgen-<br \/>\noder Scheibenbremsen)<\/td>\n<\/tr>\n<tr>\n<td>Bereifung<\/td>\n<td>20\u201c Schwalbe Big Apple 50 mm, 2-5 bar(optional<br \/>\nandere m\u00f6glich)<\/td>\n<\/tr>\n<tr>\n<td>Felgen<\/td>\n<td>Aluminium U-Profil 24mm 36 Loch<\/td>\n<\/tr>\n<tr>\n<td>Speichen<\/td>\n<td>Nirosta 2mm, 36 St\u00fcck<\/td>\n<\/tr>\n<tr>\n<td>Steuerlager<\/td>\n<td>1 1\/8 Zoll gedichtet (BERNDS-Spezial)<\/td>\n<\/tr>\n<tr>\n<td>Vorbau<\/td>\n<td>Winkelverstellbar, 1 1\/8 Zoll, optional versch. L\u00e4ngen<\/td>\n<\/tr>\n<tr>\n<td>Lenker<\/td>\n<td>Moon (optional andere Lenker)<\/td>\n<\/tr>\n<tr>\n<td>Sattelst\u00fctze<\/td>\n<td>Patent, Alu 29,8mm<\/td>\n<\/tr>\n<tr>\n<td>Sattel<\/td>\n<td>Terry Citta (optional andere m\u00f6glich)<\/td>\n<\/tr>\n<\/table>\n<p>Optional<\/p>\n<table>\n<tr>\n<td>Schutzbleche<\/td>\n<td>Kunststoff schwarz oder silber, 53mm SKS Trekking mit<br \/>\nBERNDS-Spezial-Edelstahlstreben<\/td>\n<\/tr>\n<tr>\n<td>Seitenst\u00e4nder<\/td>\n<td>Hebie 661 (Befestigung mit BERNDS-Spezial-Anl\u00f6tteil)<\/td>\n<\/tr>\n<\/table>\n<p><div class=\"menu-tandem-varianten-container\"><ul id=\"bikes-menu\" class=\"clearfix\"><li id=\"menu-item-342\" class=\"bike-falttandem menu-item menu-item-type-post_type menu-item-object-page menu-item-342\"><a href=\"https:\/\/bernds.de\/en\/falttandem\/\">Folding Tandem<\/a><\/li>\n<li id=\"menu-item-345\" class=\"bike-falttandem-ls menu-item menu-item-type-post_type menu-item-object-page menu-item-345\"><a href=\"https:\/\/bernds.de\/en\/falttandem\/falttandem-lowstep\/\">LowStep Tandem<\/a><\/li>\n<li id=\"menu-item-3882\" class=\"bike-falttandem-ls-eb menu-item menu-item-type-post_type menu-item-object-page menu-item-3882\"><a href=\"https:\/\/bernds.de\/en\/falttandem\/falttandem-lowstep\/paxbernds\/\">PaxBernds Tandem<\/a><\/li>\n<li id=\"menu-item-341\" class=\"bike-berndsbox menu-item menu-item-type-post_type menu-item-object-page menu-item-341\"><a href=\"https:\/\/bernds.de\/en\/berndsbox\/\">Test Ride<\/a><\/li>\n<\/ul><\/div><\/p>","protected":false},"excerpt":{"rendered":"<p>Sorry, this entry is only available in German. We are currently working on the translation. For the sake of viewer convenience, the content is shown below in the alternative language. You may click the link to switch the active language. Stahlrahmen aus eigener Produktion* Faltma\u00df (alle Modelle) 175x60x20cm (mit ausgebauter Gabel 140x60x20cm), optional mit S+S [&hellip;]<\/p>\n","protected":false},"author":1,"featured_media":0,"parent":28,"menu_order":0,"comment_status":"open","ping_status":"open","template":"page-no-title.php","meta":[],"_links":{"self":[{"href":"https:\/\/bernds.de\/en\/wp-json\/wp\/v2\/pages\/315"}],"collection":[{"href":"https:\/\/bernds.de\/en\/wp-json\/wp\/v2\/pages"}],"about":[{"href":"https:\/\/bernds.de\/en\/wp-json\/wp\/v2\/types\/page"}],"author":[{"embeddable":true,"href":"https:\/\/bernds.de\/en\/wp-json\/wp\/v2\/users\/1"}],"replies":[{"embeddable":true,"href":"https:\/\/bernds.de\/en\/wp-json\/wp\/v2\/comments?post=315"}],"version-history":[{"count":4,"href":"https:\/\/bernds.de\/en\/wp-json\/wp\/v2\/pages\/315\/revisions"}],"predecessor-version":[{"id":686,"href":"https:\/\/bernds.de\/en\/wp-json\/wp\/v2\/pages\/315\/revisions\/686"}],"up":[{"embeddable":true,"href":"https:\/\/bernds.de\/en\/wp-json\/wp\/v2\/pages\/28"}],"wp:attachment":[{"href":"https:\/\/bernds.de\/en\/wp-json\/wp\/v2\/media?parent=315"}],"curies":[{"name":"wp","href":"https:\/\/api.w.org\/{rel}","templated":true}]}}