{"id":2761,"date":"2016-04-17T17:38:02","date_gmt":"2016-04-17T15:38:02","guid":{"rendered":"http:\/\/bernds.de\/?page_id=2761"},"modified":"2016-04-17T18:09:09","modified_gmt":"2016-04-17T16:09:09","slug":"haendler_berndsbox","status":"publish","type":"page","link":"https:\/\/bernds.de\/en\/haendler_berndsbox\/","title":{"rendered":"BerndsBox"},"content":{"rendered":"<p class=\"qtranxs-available-languages-message qtranxs-available-languages-message-en\">Sorry, this entry is only available in <a href=\"https:\/\/bernds.de\/de\/wp-json\/wp\/v2\/pages\/2761\" class=\"qtranxs-available-language-link qtranxs-available-language-link-de\" title=\"Deutsch\">German<\/a>. We are currently working on the translation. For the sake of viewer convenience, the content is shown below in the alternative language. You may click the link to switch the active language.<\/p><p><div id=\"wooslider-id-1\" class=\"wooslider wooslider-id-1 wooslider-type-slides wooslider-theme-default image-slide\"><ul class=\"slides\">\n<li class=\"slide\">\n<div class=\"slide-content layout-text-top overlay-natural has-featured-image\"><div class=\"slide-excerpt\"><h2 class=\"slide-title\">Configure, order and go<\/h2><p>It's that easy to get your individual Bernds to you.<\/p>\n<\/div><img width=\"2500\" height=\"1417\" src=\"https:\/\/bernds.de\/wp-content\/uploads\/2014\/06\/so_kommt_ihr_bernds_zu_ihnn_nach_hause.jpg\" class=\"attachment-post-thumbnail size-post-thumbnail wp-post-image\" alt=\"\" decoding=\"async\" loading=\"lazy\" srcset=\"https:\/\/bernds.de\/wp-content\/uploads\/2014\/06\/so_kommt_ihr_bernds_zu_ihnn_nach_hause.jpg 2500w, https:\/\/bernds.de\/wp-content\/uploads\/2014\/06\/so_kommt_ihr_bernds_zu_ihnn_nach_hause-960x544.jpg 960w, https:\/\/bernds.de\/wp-content\/uploads\/2014\/06\/so_kommt_ihr_bernds_zu_ihnn_nach_hause-768x435.jpg 768w, https:\/\/bernds.de\/wp-content\/uploads\/2014\/06\/so_kommt_ihr_bernds_zu_ihnn_nach_hause-1200x680.jpg 1200w, https:\/\/bernds.de\/wp-content\/uploads\/2014\/06\/so_kommt_ihr_bernds_zu_ihnn_nach_hause-1000x567.jpg 1000w\" sizes=\"(max-width: 2500px) 100vw, 2500px\" \/><\/div><\/li>\n<\/ul><\/div>\n<\/p>\n<h2>Sie haben eine potentiellen Bernds_Kunden.<br \/>\nWir schicken Ihnen kostenfrei ein Bernds_Testrad<\/h2>\n<p>In der BerndsBox schicken wir Ihnen ein Bernds_Testrad unverbindlich kostenfrei zu. Ihr Kunde kann ausgiebig Testen<br \/>\nNach 3-4 Tagen wir das Rad von der Spedition wieder abgeholt.<br \/>\nSo k\u00f6nnen Sie Ihrem Kunden unsere R\u00e4der anbieten ohne Vorf\u00fchrr\u00e4der finanzieren zu m\u00fcssen, Ausstellungsfl\u00e4che zu belegen usw.<br \/>\nIn unserem <a href=\"https:\/\/bernds.de\/konfigurator\/\">Konfigurator<\/a> k\u00f6nnen sehen welchen Ausstattungsvarianten wir bieten, wir beraten Sie oder auch Ihen Kunde aber auch gerne am Telefon.<\/p>\n<div role=\"form\" class=\"wpcf7\" id=\"wpcf7-f2763-o1\" lang=\"de-DE\" dir=\"ltr\">\n<div class=\"screen-reader-response\"><p role=\"status\" aria-live=\"polite\" aria-atomic=\"true\"><\/p> <ul><\/ul><\/div>\n<form action=\"\/en\/wp-json\/wp\/v2\/pages\/2761#wpcf7-f2763-o1\" method=\"post\" class=\"wpcf7-form init\" novalidate=\"novalidate\" data-status=\"init\">\n<div style=\"display: none;\">\n<input type=\"hidden\" name=\"_wpcf7\" value=\"2763\" \/>\n<input type=\"hidden\" name=\"_wpcf7_version\" value=\"5.6.4\" \/>\n<input type=\"hidden\" name=\"_wpcf7_locale\" value=\"de_DE\" \/>\n<input type=\"hidden\" name=\"_wpcf7_unit_tag\" value=\"wpcf7-f2763-o1\" \/>\n<input type=\"hidden\" name=\"_wpcf7_container_post\" value=\"0\" \/>\n<input type=\"hidden\" name=\"_wpcf7_posted_data_hash\" value=\"\" \/>\n<\/div>\n<div class=\"box-left\"><span class=\"wpcf7-form-control-wrap\" data-name=\"radio-541\"><span class=\"wpcf7-form-control wpcf7-radio\"><span class=\"wpcf7-list-item first\"><input type=\"radio\" name=\"radio-541\" value=\"Faltrad\" \/><span class=\"wpcf7-list-item-label\">Faltrad<\/span><\/span><span class=\"wpcf7-list-item\"><input type=\"radio\" name=\"radio-541\" value=\"Falttandem\" \/><span class=\"wpcf7-list-item-label\">Falttandem<\/span><\/span><span class=\"wpcf7-list-item\"><input type=\"radio\" name=\"radio-541\" value=\"Falttandem LowStep\" \/><span class=\"wpcf7-list-item-label\">Falttandem LowStep<\/span><\/span><span class=\"wpcf7-list-item last\"><input type=\"radio\" name=\"radio-541\" value=\"Gretel\" \/><span class=\"wpcf7-list-item-label\">Gretel<\/span><\/span><\/span><\/span><\/p>\n<p>Fragen an Bernds<br \/>\n<span class=\"wpcf7-form-control-wrap\" data-name=\"textarea-317\"><textarea name=\"textarea-317\" cols=\"40\" rows=\"3\" maxlength=\"600\" class=\"wpcf7-form-control wpcf7-textarea\" aria-invalid=\"false\"><\/textarea><\/span><\/p>\n<p>Ihr Firmennahme (Pflichtfeld)<br \/>\n    <span class=\"wpcf7-form-control-wrap\" data-name=\"your-name\"><input type=\"text\" name=\"your-name\" value=\"\" size=\"40\" class=\"wpcf7-form-control wpcf7-text wpcf7-validates-as-required\" aria-required=\"true\" aria-invalid=\"false\" \/><\/span> <\/p>\n<p>Ihre E-Mail-Adresse (Pflichtfeld)<br \/>\n    <span class=\"wpcf7-form-control-wrap\" data-name=\"email\"><input type=\"email\" name=\"email\" value=\"\" size=\"40\" class=\"wpcf7-form-control wpcf7-text wpcf7-email wpcf7-validates-as-required wpcf7-validates-as-email\" aria-required=\"true\" aria-invalid=\"false\" \/><\/span> <\/p>\n<p>Telefonnummer<br \/>\n<span class=\"wpcf7-form-control-wrap\" data-name=\"tel-533\"><input type=\"tel\" name=\"tel-533\" value=\"\" size=\"40\" class=\"wpcf7-form-control wpcf7-text wpcf7-tel wpcf7-validates-as-tel\" aria-invalid=\"false\" \/><\/span><\/p>\n<\/div>\n<div class=\"box-right\">\n<p>Adresse<br \/>\n<span class=\"wpcf7-form-control-wrap\" data-name=\"textarea-529\"><textarea name=\"textarea-529\" cols=\"40\" rows=\"4\" class=\"wpcf7-form-control wpcf7-textarea\" aria-invalid=\"false\"><\/textarea><\/span><\/p>\n<details style=\"cursor: pointer;\">\n<summary style=\"outline: 0; margin-left: 6px;\">\nBedingungen f\u00fcr den Newsletter<\/summary>\n<p>Mit Absenden des Formulars werden meine Daten verarbeitet und an den jeweiligen<br \/>\nVertriebspartner weitergegeben. Diese Einwilligung kann ich jederzeit per E-Mail an <a href=\"mailto:info@bernds.de\"><br \/>\ninfo@bernds.de<\/a> widerrufen. Mehr unter <a href=\"https:\/\/bernds.de\/datenschutzerklaerung\/\" target=\"_blank\"<br \/>\nstyle=\"text-decoration: underline\">Datenschutzerkl\u00e4rung<\/a><\/details>\n<p><span class=\"wpcf7-form-control-wrap\" data-name=\"checkbox-485\"><span class=\"wpcf7-form-control wpcf7-checkbox\"><span class=\"wpcf7-list-item first last\"><input type=\"checkbox\" name=\"checkbox-485[]\" value=\"Neues aus der Werkstatt: Nehmen Sie mich in den Newsletter auf. Ich akzeptiere den obigen Bedingungen.\" \/><span class=\"wpcf7-list-item-label\">Neues aus der Werkstatt: Nehmen Sie mich in den Newsletter auf. Ich akzeptiere den obigen Bedingungen.<\/span><\/span><\/span><\/span><br \/>\n<span><\/span><br \/>\n<span class=\"wpcf7-form-control-wrap\" data-name=\"accept\"><span class=\"wpcf7-form-control wpcf7-checkbox wpcf7-validates-as-required wpcf7-exclusive-checkbox\"><span class=\"wpcf7-list-item first last\"><label><input type=\"checkbox\" name=\"accept\" value=\"Ich bin mit der Verarbeitung meiner Daten laut unserer Datenschutzerkl\u00e4rung einverstanden *\" \/><span class=\"wpcf7-list-item-label\">Ich bin mit der Verarbeitung meiner Daten laut unserer Datenschutzerkl\u00e4rung einverstanden *<\/span><\/label><\/span><\/span><\/span><\/p>\n<p><input type=\"submit\" value=\"BerndsBox anfragen\" class=\"wpcf7-form-control has-spinner wpcf7-submit button1\" \/><\/p>\n<\/div>\n<div class=\"clearer\"><\/div>\n<div class=\"wpcf7-response-output\" aria-hidden=\"true\"><\/div><\/form><\/div>\n<h2><\/h2>\n<div class=\"box-left\"><img decoding=\"async\" loading=\"lazy\" class=\"alignnone size-full wp-image-2277\" src=\"https:\/\/bernds.de\/wp-content\/uploads\/2014\/05\/Bernds_showroom_werksshop_ueberlingen.jpg\" alt=\"Bernds_showroom_werksshop_ueberlingen\" width=\"1200\" height=\"678\" srcset=\"https:\/\/bernds.de\/wp-content\/uploads\/2014\/05\/Bernds_showroom_werksshop_ueberlingen.jpg 1200w, https:\/\/bernds.de\/wp-content\/uploads\/2014\/05\/Bernds_showroom_werksshop_ueberlingen-960x542.jpg 960w, https:\/\/bernds.de\/wp-content\/uploads\/2014\/05\/Bernds_showroom_werksshop_ueberlingen-1000x565.jpg 1000w\" sizes=\"(max-width: 1200px) 100vw, 1200px\" \/><small><br \/>\n<\/small><\/div>\n<p><\/p>","protected":false},"excerpt":{"rendered":"<p>Sorry, this entry is only available in German. We are currently working on the translation. For the sake of viewer convenience, the content is shown below in the alternative language. You may click the link to switch the active language. Sie haben eine potentiellen Bernds_Kunden. Wir schicken Ihnen kostenfrei ein Bernds_Testrad In der BerndsBox schicken [&hellip;]<\/p>\n","protected":false},"author":4,"featured_media":0,"parent":0,"menu_order":0,"comment_status":"open","ping_status":"open","template":"page-no-title.php","meta":[],"_links":{"self":[{"href":"https:\/\/bernds.de\/en\/wp-json\/wp\/v2\/pages\/2761"}],"collection":[{"href":"https:\/\/bernds.de\/en\/wp-json\/wp\/v2\/pages"}],"about":[{"href":"https:\/\/bernds.de\/en\/wp-json\/wp\/v2\/types\/page"}],"author":[{"embeddable":true,"href":"https:\/\/bernds.de\/en\/wp-json\/wp\/v2\/users\/4"}],"replies":[{"embeddable":true,"href":"https:\/\/bernds.de\/en\/wp-json\/wp\/v2\/comments?post=2761"}],"version-history":[{"count":6,"href":"https:\/\/bernds.de\/en\/wp-json\/wp\/v2\/pages\/2761\/revisions"}],"predecessor-version":[{"id":2768,"href":"https:\/\/bernds.de\/en\/wp-json\/wp\/v2\/pages\/2761\/revisions\/2768"}],"wp:attachment":[{"href":"https:\/\/bernds.de\/en\/wp-json\/wp\/v2\/media?parent=2761"}],"curies":[{"name":"wp","href":"https:\/\/api.w.org\/{rel}","templated":true}]}}