{"id":2527,"date":"2016-02-05T20:45:06","date_gmt":"2016-02-05T18:45:06","guid":{"rendered":"http:\/\/bernds.de\/?page_id=2527"},"modified":"2016-03-02T18:37:08","modified_gmt":"2016-03-02T16:37:08","slug":"packbernds-2","status":"publish","type":"page","link":"https:\/\/bernds.de\/en\/packbernds-2\/","title":{"rendered":"PackBernds"},"content":{"rendered":"<p class=\"qtranxs-available-languages-message qtranxs-available-languages-message-en\">Sorry, this entry is only available in <a href=\"https:\/\/bernds.de\/de\/wp-json\/wp\/v2\/pages\/2527\" class=\"qtranxs-available-language-link qtranxs-available-language-link-de\" title=\"Deutsch\">German<\/a>. We are currently working on the translation. For the sake of viewer convenience, the content is shown below in the alternative language. You may click the link to switch the active language.<\/p><p><div id=\"wooslider-id-1\" class=\"wooslider wooslider-id-1 wooslider-type-slides wooslider-theme-default image-slide\"><ul class=\"slides\">\n<li class=\"slide\">\n<div class=\"slide-content layout-text-top overlay-natural has-featured-image\"><div class=\"slide-excerpt\"><h2 class=\"slide-title\">The PackBernds<\/h2><\/div><img width=\"2000\" height=\"1140\" src=\"https:\/\/bernds.de\/wp-content\/uploads\/2014\/05\/bernds_packbernds_in_szene_master_2007_bg2.jpg\" class=\"attachment-post-thumbnail size-post-thumbnail wp-post-image\" alt=\"\" decoding=\"async\" loading=\"lazy\" srcset=\"https:\/\/bernds.de\/wp-content\/uploads\/2014\/05\/bernds_packbernds_in_szene_master_2007_bg2.jpg 2000w, https:\/\/bernds.de\/wp-content\/uploads\/2014\/05\/bernds_packbernds_in_szene_master_2007_bg2-960x547.jpg 960w, https:\/\/bernds.de\/wp-content\/uploads\/2014\/05\/bernds_packbernds_in_szene_master_2007_bg2-768x438.jpg 768w, https:\/\/bernds.de\/wp-content\/uploads\/2014\/05\/bernds_packbernds_in_szene_master_2007_bg2-1200x684.jpg 1200w, https:\/\/bernds.de\/wp-content\/uploads\/2014\/05\/bernds_packbernds_in_szene_master_2007_bg2-1000x570.jpg 1000w\" sizes=\"(max-width: 2000px) 100vw, 2000px\" \/><\/div><\/li>\n<li class=\"slide\">\n<div class=\"slide-content layout-text-top overlay-natural has-featured-image\"><div class=\"slide-excerpt\"><h2 class=\"slide-title\">PackBernds<\/h2><\/div><img width=\"2400\" height=\"1369\" src=\"https:\/\/bernds.de\/wp-content\/uploads\/2020\/07\/bernds_packbernds_2020_seite_tuer_offen.jpg\" class=\"attachment-post-thumbnail size-post-thumbnail wp-post-image\" alt=\"\" decoding=\"async\" loading=\"lazy\" srcset=\"https:\/\/bernds.de\/wp-content\/uploads\/2020\/07\/bernds_packbernds_2020_seite_tuer_offen.jpg 2400w, https:\/\/bernds.de\/wp-content\/uploads\/2020\/07\/bernds_packbernds_2020_seite_tuer_offen-960x548.jpg 960w, https:\/\/bernds.de\/wp-content\/uploads\/2020\/07\/bernds_packbernds_2020_seite_tuer_offen-768x438.jpg 768w, https:\/\/bernds.de\/wp-content\/uploads\/2020\/07\/bernds_packbernds_2020_seite_tuer_offen-1200x685.jpg 1200w, https:\/\/bernds.de\/wp-content\/uploads\/2020\/07\/bernds_packbernds_2020_seite_tuer_offen-1000x570.jpg 1000w\" sizes=\"(max-width: 2400px) 100vw, 2400px\" \/><\/div><\/li>\n<li class=\"slide\" data-wooslidercontent=\"&lt;div class=&quot;slide-content layout-text-top overlay-natural has-featured-image&quot;&gt;&lt;div class=&quot;slide-excerpt&quot;&gt;&lt;h2 class=&quot;slide-title&quot;&gt;PackBernds&lt;\/h2&gt;&lt;\/div&gt;&lt;img width=&quot;2400&quot; height=&quot;1369&quot; src=&quot;https:\/\/bernds.de\/wp-content\/uploads\/2020\/07\/bernds_packbernds_in_szene_master_2007_schwarz_bg2-1.jpg&quot; class=&quot;attachment-post-thumbnail size-post-thumbnail wp-post-image&quot; alt=&quot;&quot; decoding=&quot;async&quot; loading=&quot;lazy&quot; srcset=&quot;https:\/\/bernds.de\/wp-content\/uploads\/2020\/07\/bernds_packbernds_in_szene_master_2007_schwarz_bg2-1.jpg 2400w, https:\/\/bernds.de\/wp-content\/uploads\/2020\/07\/bernds_packbernds_in_szene_master_2007_schwarz_bg2-1-960x548.jpg 960w, https:\/\/bernds.de\/wp-content\/uploads\/2020\/07\/bernds_packbernds_in_szene_master_2007_schwarz_bg2-1-768x438.jpg 768w, https:\/\/bernds.de\/wp-content\/uploads\/2020\/07\/bernds_packbernds_in_szene_master_2007_schwarz_bg2-1-1200x685.jpg 1200w, https:\/\/bernds.de\/wp-content\/uploads\/2020\/07\/bernds_packbernds_in_szene_master_2007_schwarz_bg2-1-1000x570.jpg 1000w&quot; sizes=&quot;(max-width: 2400px) 100vw, 2400px&quot; \/&gt;&lt;\/div&gt;\"><\/li>\n<li class=\"slide\" data-wooslidercontent=\"&lt;div class=&quot;slide-content layout-text-top overlay-natural has-featured-image&quot;&gt;&lt;div class=&quot;slide-excerpt&quot;&gt;&lt;h2 class=&quot;slide-title&quot;&gt;PackBernds&lt;\/h2&gt;&lt;\/div&gt;&lt;img width=&quot;2400&quot; height=&quot;1369&quot; src=&quot;https:\/\/bernds.de\/wp-content\/uploads\/2020\/07\/bernds_packbernds_in_szene_master_2007_tuer.jpg&quot; class=&quot;attachment-post-thumbnail size-post-thumbnail wp-post-image&quot; alt=&quot;&quot; decoding=&quot;async&quot; loading=&quot;lazy&quot; srcset=&quot;https:\/\/bernds.de\/wp-content\/uploads\/2020\/07\/bernds_packbernds_in_szene_master_2007_tuer.jpg 2400w, https:\/\/bernds.de\/wp-content\/uploads\/2020\/07\/bernds_packbernds_in_szene_master_2007_tuer-960x548.jpg 960w, https:\/\/bernds.de\/wp-content\/uploads\/2020\/07\/bernds_packbernds_in_szene_master_2007_tuer-768x438.jpg 768w, https:\/\/bernds.de\/wp-content\/uploads\/2020\/07\/bernds_packbernds_in_szene_master_2007_tuer-1200x685.jpg 1200w, https:\/\/bernds.de\/wp-content\/uploads\/2020\/07\/bernds_packbernds_in_szene_master_2007_tuer-1000x570.jpg 1000w&quot; sizes=&quot;(max-width: 2400px) 100vw, 2400px&quot; \/&gt;&lt;\/div&gt;\"><\/li>\n<li class=\"slide\" data-wooslidercontent=\"&lt;div class=&quot;slide-content layout-text-top overlay-natural has-featured-image&quot;&gt;&lt;div class=&quot;slide-excerpt&quot;&gt;&lt;h2 class=&quot;slide-title&quot;&gt;PackBernds&lt;\/h2&gt;&lt;\/div&gt;&lt;img width=&quot;2400&quot; height=&quot;1369&quot; src=&quot;https:\/\/bernds.de\/wp-content\/uploads\/2020\/07\/bernds_packbernds_in_szene_master_2007_tuer_offen.jpg&quot; class=&quot;attachment-post-thumbnail size-post-thumbnail wp-post-image&quot; alt=&quot;&quot; decoding=&quot;async&quot; loading=&quot;lazy&quot; srcset=&quot;https:\/\/bernds.de\/wp-content\/uploads\/2020\/07\/bernds_packbernds_in_szene_master_2007_tuer_offen.jpg 2400w, https:\/\/bernds.de\/wp-content\/uploads\/2020\/07\/bernds_packbernds_in_szene_master_2007_tuer_offen-960x548.jpg 960w, https:\/\/bernds.de\/wp-content\/uploads\/2020\/07\/bernds_packbernds_in_szene_master_2007_tuer_offen-768x438.jpg 768w, https:\/\/bernds.de\/wp-content\/uploads\/2020\/07\/bernds_packbernds_in_szene_master_2007_tuer_offen-1200x685.jpg 1200w, https:\/\/bernds.de\/wp-content\/uploads\/2020\/07\/bernds_packbernds_in_szene_master_2007_tuer_offen-1000x570.jpg 1000w&quot; sizes=&quot;(max-width: 2400px) 100vw, 2400px&quot; \/&gt;&lt;\/div&gt;\"><\/li>\n<\/ul><\/div>\n<br \/>\n<div class=\"menu-packbernds-container\"><ul id=\"product-menu\" class=\"clearfix\"><li id=\"menu-item-367\" class=\"menu-item menu-item-type-post_type menu-item-object-page menu-item-367\"><a href=\"https:\/\/bernds.de\/en\/packbernds\/\">PackBernds<\/a><\/li>\n<li id=\"menu-item-368\" class=\"menu-item menu-item-type-post_type menu-item-object-page menu-item-368\"><a href=\"https:\/\/bernds.de\/en\/packbernds\/packbernds-daten\/\">Data<\/a><\/li>\n<li id=\"menu-item-1186\" class=\"menu-item menu-item-type-post_type menu-item-object-page menu-item-1186\"><a href=\"https:\/\/bernds.de\/en\/packbernds\/packbernds-falten\/\">Folding<\/a><\/li>\n<li id=\"menu-item-2249\" class=\"menu-item menu-item-type-post_type menu-item-object-page menu-item-2249\"><a href=\"https:\/\/bernds.de\/en\/packbernds\/packbernds-konfigurator\/\">Configurator<\/a><\/li>\n<\/ul><\/div><\/p>\n<h1>Lasten mit sicherem Fahrgef\u00fchl transportieren<\/h1>\n<p>Unser Lastenrad basiert auf unserem bew\u00e4hrten, stabilen Kompaktrahmen in der Tiefeinsteigerversion.<\/p>\n<p>Durch die kleinen 20\u201c-R\u00e4der ist der Radstand sehr kurz, der Gep\u00e4ckteil liegt sehr tief \u2013 und damit auch der Schwerpunkt. Das sorgt selbst bei schwersten Lasten f\u00fcr ein sicheres, gut beherrschbares und agiles Fahrverhalten. Radstand und Lenkung sind so gew\u00e4hlt, dass einerseits viel Platz f\u00fcr gro\u00dfes Gep\u00e4ck ist, andererseits die Bernds-typische Wendigkeit erhalten bleibt.<\/p>\n<p>Die stabile Konstruktion in Verbindung mit den 20\u201c-R\u00e4dern erlaubt eine Zuladung von 260kg.<\/p>\n<p>Ausgezeichnet mit dem Red Dot Award.<\/p>\n<h2>Korb Made in Germany<\/h2>\n<p>Unsere K\u00f6rbe kommen nicht von irgendwo, sondern aus Beverungen-Dalhausen. Hier wurden schon immer Weidenk\u00f6rbe gefertigt \u2013 und dieses traditionelle Handwerk wird dort heute noch weitergef\u00fchrt.<\/p>\n<h2>Die Lastenrad-Familie<\/h2>\n<div class=\"menu-packbernds-varianten-container\"><ul id=\"bikes-menu\" class=\"clearfix\"><li id=\"menu-item-370\" class=\"bike-lastenrad menu-item menu-item-type-post_type menu-item-object-page menu-item-370\"><a href=\"https:\/\/bernds.de\/en\/packbernds\/\">PackBernds<\/a><\/li>\n<li id=\"menu-item-3875\" class=\"bike-faltrad-eb menu-item menu-item-type-post_type menu-item-object-page menu-item-3875\"><a href=\"https:\/\/bernds.de\/en\/faltrad\/paxbernds-faltrad\/\">PaxBernds Folding Bike<\/a><\/li>\n<li id=\"menu-item-3883\" class=\"bike-falttandem-ls-eb menu-item menu-item-type-post_type menu-item-object-page menu-item-3883\"><a href=\"https:\/\/bernds.de\/en\/falttandem\/falttandem-lowstep\/paxbernds\/\">PaxBernds Tandem<\/a><\/li>\n<li id=\"menu-item-2375\" class=\"bike-pickup menu-item menu-item-type-post_type menu-item-object-page menu-item-2375\"><a href=\"https:\/\/bernds.de\/en\/pickup\/\">PickUp Tricycle<\/a><\/li>\n<li id=\"menu-item-369\" class=\"bike-berndsbox menu-item menu-item-type-post_type menu-item-object-page menu-item-369\"><a href=\"https:\/\/bernds.de\/en\/berndsbox\/\">Test Ride<\/a><\/li>\n<\/ul><\/div>\n<p><\/br><\/p>\n<div id=\"gallery-emo-normalo\">\n<div id=\"wooslider-id-2\" class=\"wooslider wooslider-id-2 wooslider-type-slides wooslider-theme-default image-slide\"><ul class=\"slides\">\n<li class=\"slide\">\n<div class=\"slide-content  has-featured-image\"><a href=\"https:\/\/bernds.de\/en\/warum-bernds\"><img width=\"1200\" height=\"250\" src=\"https:\/\/bernds.de\/wp-content\/uploads\/2016\/02\/bernds_faltrad_fahrrad_handarbeit_deutschland.jpg\" class=\"attachment-post-thumbnail size-post-thumbnail wp-post-image\" alt=\"\" decoding=\"async\" loading=\"lazy\" srcset=\"https:\/\/bernds.de\/wp-content\/uploads\/2016\/02\/bernds_faltrad_fahrrad_handarbeit_deutschland.jpg 1200w, https:\/\/bernds.de\/wp-content\/uploads\/2016\/02\/bernds_faltrad_fahrrad_handarbeit_deutschland-960x200.jpg 960w, https:\/\/bernds.de\/wp-content\/uploads\/2016\/02\/bernds_faltrad_fahrrad_handarbeit_deutschland-1000x208.jpg 1000w\" sizes=\"(max-width: 1200px) 100vw, 1200px\" \/><\/a><\/div><\/li>\n<\/ul><\/div>\n <\/div>\n<div id=\"gallery-emo-mobilo\">\n<div id=\"wooslider-id-3\" class=\"wooslider wooslider-id-3 wooslider-type-slides wooslider-theme-default image-slide\"><ul class=\"slides\">\n<li class=\"slide\">\n<div class=\"slide-content  has-featured-image\"><a href=\"https:\/\/bernds.de\/en\/warum-bernds\"><img width=\"640\" height=\"765\" src=\"https:\/\/bernds.de\/wp-content\/uploads\/2016\/03\/bernds_faltrad_fahrrad_handarbeit_deutschland_mobile.jpg\" class=\"attachment-post-thumbnail size-post-thumbnail wp-post-image\" alt=\"\" decoding=\"async\" loading=\"lazy\" \/><\/a><\/div><\/li>\n<\/ul><\/div>\n <\/div>\n<p><\/p>","protected":false},"excerpt":{"rendered":"<p>Sorry, this entry is only available in German. We are currently working on the translation. For the sake of viewer convenience, the content is shown below in the alternative language. You may click the link to switch the active language. Lasten mit sicherem Fahrgef\u00fchl transportieren Unser Lastenrad basiert auf unserem bew\u00e4hrten, stabilen Kompaktrahmen in der [&hellip;]<\/p>\n","protected":false},"author":1,"featured_media":0,"parent":0,"menu_order":0,"comment_status":"open","ping_status":"open","template":"page-no-title.php","meta":[],"_links":{"self":[{"href":"https:\/\/bernds.de\/en\/wp-json\/wp\/v2\/pages\/2527"}],"collection":[{"href":"https:\/\/bernds.de\/en\/wp-json\/wp\/v2\/pages"}],"about":[{"href":"https:\/\/bernds.de\/en\/wp-json\/wp\/v2\/types\/page"}],"author":[{"embeddable":true,"href":"https:\/\/bernds.de\/en\/wp-json\/wp\/v2\/users\/1"}],"replies":[{"embeddable":true,"href":"https:\/\/bernds.de\/en\/wp-json\/wp\/v2\/comments?post=2527"}],"version-history":[{"count":16,"href":"https:\/\/bernds.de\/en\/wp-json\/wp\/v2\/pages\/2527\/revisions"}],"predecessor-version":[{"id":2585,"href":"https:\/\/bernds.de\/en\/wp-json\/wp\/v2\/pages\/2527\/revisions\/2585"}],"wp:attachment":[{"href":"https:\/\/bernds.de\/en\/wp-json\/wp\/v2\/media?parent=2527"}],"curies":[{"name":"wp","href":"https:\/\/api.w.org\/{rel}","templated":true}]}}