{"id":2504,"date":"2016-02-05T15:01:42","date_gmt":"2016-02-05T13:01:42","guid":{"rendered":"http:\/\/bernds.de\/?page_id=2504"},"modified":"2022-08-22T10:23:33","modified_gmt":"2022-08-22T08:23:33","slug":"warum-bernds","status":"publish","type":"page","link":"https:\/\/bernds.de\/en\/warum-bernds\/","title":{"rendered":"Warum Bernds?"},"content":{"rendered":"<p class=\"qtranxs-available-languages-message qtranxs-available-languages-message-en\">Sorry, this entry is only available in <a href=\"https:\/\/bernds.de\/de\/wp-json\/wp\/v2\/pages\/2504\" class=\"qtranxs-available-language-link qtranxs-available-language-link-de\" title=\"Deutsch\">German<\/a>. We are currently working on the translation. For the sake of viewer convenience, the content is shown below in the alternative language. You may click the link to switch the active language.<\/p><p><\/p>\n<div class=\"box-left-model\">\n<\/br><br \/>\n<div id=\"wooslider-id-1\" class=\"wooslider wooslider-id-1 wooslider-type-slides wooslider-theme-default image-slide\"><ul class=\"slides\">\n<li class=\"slide\">\n<div class=\"slide-content layout-text-top overlay-natural has-featured-image\"><div class=\"slide-excerpt\"><\/div><img width=\"1024\" height=\"768\" src=\"https:\/\/bernds.de\/wp-content\/uploads\/2022\/06\/2013-ZA-76-Mittel.jpg\" class=\"attachment-post-thumbnail size-post-thumbnail wp-post-image\" alt=\"\" decoding=\"async\" loading=\"lazy\" srcset=\"https:\/\/bernds.de\/wp-content\/uploads\/2022\/06\/2013-ZA-76-Mittel.jpg 1024w, https:\/\/bernds.de\/wp-content\/uploads\/2022\/06\/2013-ZA-76-Mittel-960x720.jpg 960w, https:\/\/bernds.de\/wp-content\/uploads\/2022\/06\/2013-ZA-76-Mittel-768x576.jpg 768w, https:\/\/bernds.de\/wp-content\/uploads\/2022\/06\/2013-ZA-76-Mittel-1000x750.jpg 1000w\" sizes=\"(max-width: 1024px) 100vw, 1024px\" \/><\/div><\/li>\n<li class=\"slide\">\n<div class=\"slide-content layout-text-top overlay-natural has-featured-image\"><div class=\"slide-excerpt\"><\/div><img width=\"1024\" height=\"768\" src=\"https:\/\/bernds.de\/wp-content\/uploads\/2022\/06\/bernds_faltrad_wueste_mitnehmen_flugzeug_namibia.jpg\" class=\"attachment-post-thumbnail size-post-thumbnail wp-post-image\" alt=\"\" decoding=\"async\" loading=\"lazy\" srcset=\"https:\/\/bernds.de\/wp-content\/uploads\/2022\/06\/bernds_faltrad_wueste_mitnehmen_flugzeug_namibia.jpg 1024w, https:\/\/bernds.de\/wp-content\/uploads\/2022\/06\/bernds_faltrad_wueste_mitnehmen_flugzeug_namibia-960x720.jpg 960w, https:\/\/bernds.de\/wp-content\/uploads\/2022\/06\/bernds_faltrad_wueste_mitnehmen_flugzeug_namibia-768x576.jpg 768w, https:\/\/bernds.de\/wp-content\/uploads\/2022\/06\/bernds_faltrad_wueste_mitnehmen_flugzeug_namibia-1000x750.jpg 1000w\" sizes=\"(max-width: 1024px) 100vw, 1024px\" \/><\/div><\/li>\n<li class=\"slide\" data-wooslidercontent=\"&lt;div class=&quot;slide-content layout-text-top overlay-natural has-featured-image&quot;&gt;&lt;div class=&quot;slide-excerpt&quot;&gt;&lt;\/div&gt;&lt;img width=&quot;1024&quot; height=&quot;768&quot; src=&quot;https:\/\/bernds.de\/wp-content\/uploads\/2022\/06\/bernds_faltrad_wueste_argentinien.jpg&quot; class=&quot;attachment-post-thumbnail size-post-thumbnail wp-post-image&quot; alt=&quot;&quot; decoding=&quot;async&quot; loading=&quot;lazy&quot; srcset=&quot;https:\/\/bernds.de\/wp-content\/uploads\/2022\/06\/bernds_faltrad_wueste_argentinien.jpg 1024w, https:\/\/bernds.de\/wp-content\/uploads\/2022\/06\/bernds_faltrad_wueste_argentinien-960x720.jpg 960w, https:\/\/bernds.de\/wp-content\/uploads\/2022\/06\/bernds_faltrad_wueste_argentinien-768x576.jpg 768w, https:\/\/bernds.de\/wp-content\/uploads\/2022\/06\/bernds_faltrad_wueste_argentinien-1000x750.jpg 1000w&quot; sizes=&quot;(max-width: 1024px) 100vw, 1024px&quot; \/&gt;&lt;\/div&gt;\"><\/li>\n<\/ul><\/div>\n\n<\/div>\n<div class=\"box-right-model\">\n<h2>Warum Bernds?<\/h2>\n<p>F\u00fcr Roland war vor allem eine passende Rahmenl\u00e4nge wichtig, denn er ist \u00fcber 1,90m gro\u00df. Der Bernds Faltrad Rahmen L misst 600mm und passt f\u00fcr ihn perfekt. Seit mittlerweile zw\u00f6lf Jahren. Quer durch jeden Kontinent wollte Roland. Gesagt, geradelt. <\/p>\n<p>\u201eMit meinem Bernds bin ich auch im Flugzeug auf der sicheren Seite.\u201c, sagt er. Einmal in S\u00fcdamerika ging ihm in der W\u00fcste das Wasser aus. Nur ein VW Golf hielt gn\u00e4dig an. Das Bernds kam zusammengefaltet in den Kofferraum des Kleinwagens. Voll ausgestattet mit Rohloff, Lowrider und Tr\u00e4gerblock \u2013 und trotz (oder vielleicht gerade wegen des vielen Gep\u00e4cks) ein Fahrgef\u00fchl \u201ewie auf Schienen\u201c.<\/p>\n<\/div>\n<div class=\"clearer\">\u00a0<\/div>\n<p>&nbsp;<\/p>\n<div class=\"nummer\">1<\/div>\n<div class=\"nummer-text\">\n<h2>100% auf Ma\u00df und Wunsch<\/h2>\n<p>Fahrradfahren bereitet erst richtig Freude, wenn es ergonomisch und damit auch gesund ist. Ihr Bernds fertigen wir auf Ihr K\u00f6rperma\u00df \u2013 und wir finden gemeinsam heraus, welche Komponenten Ihre Anforderungen am besten erf\u00fcllen.<\/p>\n<\/div>\n<div class=\"nummer\">2<\/div>\n<div class=\"nummer-text\">\n<h2>Kompromisslose Qualit\u00e4t<\/h2>\n<p>Als inhabergef\u00fchrter Familienbetrieb k\u00f6nnen wir Produkte herstellen, die unseren hohen Anspr\u00fcchen gen\u00fcgen. Weil wir selbst konstruieren und fertigen, sind wir unabh\u00e4ngig von St\u00fcckzahlen, Kostenrahmen oder den Vorgaben fremder Produzenten. Und das bedeutet: Wir m\u00fcssen keine Kompromisse eingehen, unter denen Komfort und Langlebigkeit leiden w\u00fcrden. Unsere R\u00e4der sind eine Investition f\u00fcr viele Jahre.<\/p>\n<\/div>\n<div class=\"nummer\">3<\/div>\n<div class=\"nummer-text\">\n<h2>Handgefertigt in Deutschland<\/h2>\n<p>Sollten Sie sich entscheiden, Ihr Rad ab Werk bei uns am Bodensee abzuholen, k\u00f6nnen Sie dem Schwei\u00dfer die Hand sch\u00fctteln. Ebenso wie dem Monteur und dem Konstrukteur. Mit einem Bernds unterst\u00fctzen Sie lokale Wertsch\u00f6pfung und Arbeitspl\u00e4tze. Und nat\u00fcrlich k\u00f6nnen Sie unsere Fertigung auch vorher besichtigen und mit einer Probefahrt kombinieren.<\/p>\n<\/div>\n<div class=\"nummer\">4<\/div>\n<div class=\"nummer-text\">\n<h2>Service<\/h2>\n<p>Ihr Bernds k\u00f6nnen Sie bequem bei jedem qualifizierten Fahrradh\u00e4ndler warten lassen. Bei den Komponenten, die wir verbauen, setzen wir ebenso auf Hersteller, bei denen wir auf schnellen Service vertrauen k\u00f6nnen. Das sind zum Beispiel die Ansmann Elektroantriebe oder die Rohloff-Nabenschaltungen.<\/p>\n<\/div>\n<div class=\"nummer\">5<\/div>\n<div class=\"nummer-text\">\n<h2>Kontinuierlich weiterentwickelt<\/h2>\n<p>Wir lernen seit 1991 von unseren Kunden und haben uns st\u00e4ndig weiterentwickelt. Dabei sind einige Innovationen entstanden, die Sie <a title=\"Innovationen\" href=\"https:\/\/bernds.de\/innovationen\/\">\u2192hier<\/a> nachlesen k\u00f6nnen.<\/p>\n<\/div>\n<div class=\"nummer\">6<\/div>\n<div class=\"nummer-text\">\n<h2>Wer \u00fcberall hinkommt, f\u00e4hrt mehr<\/h2>\n<p>Unsere Kunden berichten uns, dass man mehr mit dem Fahrrad f\u00e4hrt, wenn man es mitnehmen kann: In den Urlaub, in der Stadt oder auf l\u00e4ngeren Touren. Und bereits ungefaltet sind unsere R\u00e4der schon den entscheidenden Tick mobiler. Das freut Pendler in der Stadt, die ihr Rad ins B\u00fcro und in die Wohnung mitnehmen \u2013 genau so wie Fahrerpaare, deren Bernds Tandem problemlos in Z\u00fcgen Platz findet.<\/p>\n<\/div>\n<div class=\"nummer\">7<\/div>\n<div class=\"nummer-text\">\n<h2>L\u00f6sungen f\u00fcr Handicaps<\/h2>\n<p>Wir haben viel Erfahrung darin, individuelle L\u00f6sungen f\u00fcr Fahrer mit k\u00f6rperlichen Einschr\u00e4nkungen zu finden, denn wir konstruieren und fertigen alles selbst. Zahlreiche Entwicklungen, die unsere Modelle heute auszeichnen, sind auf diesem Weg entstanden. Zum Beispiel die mechanische Stabilisierung, die unser <a title=\"Pickup Dreirad\" href=\"https:\/\/bernds.de\/pickup\/\">\u2192PickUp<\/a> zum einzigen Dreirad macht, das gegen Umkippen in der Kurve gesichert ist.<\/p>\n<\/div>\n<div class=\"nummer\">8<\/div>\n<div class=\"nummer-text\">\n<h2>Wertstabil auf Jahre<\/h2>\n<p>Hin und wieder beobachten wir ein Indiz f\u00fcr die Qualit\u00e4t unserer Arbeit: Auch nach Jahren des intensiven Gebrauchs erzielen unsere Modelle noch respektable Preise auf dem Markt.<\/p>\n<\/div>\n<div class=\"nummer\">9<\/div>\n<div class=\"nummer-text\">\n<h2>Fachh\u00e4ndler selbst bestimmen<\/h2>\n<p>Falls gew\u00fcnscht, k\u00f6nnen Sie Ihr Bernds auch \u00fcber einen H\u00e4ndler Ihrer Wahl kaufen. Damit sichern Sie sich einen fachkundigen Ansprechpartner bei Ihnen vor Ort.<\/p>\n<p>Konfigurieren Sie <a title=\"Konfigurator\" href=\"https:\/\/bernds.de\/konfigurator\/\">\u2192hier<\/a>\u00a0bequem Ihr Wunsch-Bernds und geben Sie Ihren Wunschh\u00e4ndler an. Wir organisieren den Rest.<\/p>\n<\/div>\n<p><\/p>","protected":false},"excerpt":{"rendered":"<p>Sorry, this entry is only available in German. We are currently working on the translation. For the sake of viewer convenience, the content is shown below in the alternative language. You may click the link to switch the active language. Warum Bernds? F\u00fcr Roland war vor allem eine passende Rahmenl\u00e4nge wichtig, denn er ist \u00fcber [&hellip;]<\/p>\n","protected":false},"author":1,"featured_media":0,"parent":0,"menu_order":0,"comment_status":"closed","ping_status":"closed","template":"page-no-title.php","meta":[],"_links":{"self":[{"href":"https:\/\/bernds.de\/en\/wp-json\/wp\/v2\/pages\/2504"}],"collection":[{"href":"https:\/\/bernds.de\/en\/wp-json\/wp\/v2\/pages"}],"about":[{"href":"https:\/\/bernds.de\/en\/wp-json\/wp\/v2\/types\/page"}],"author":[{"embeddable":true,"href":"https:\/\/bernds.de\/en\/wp-json\/wp\/v2\/users\/1"}],"replies":[{"embeddable":true,"href":"https:\/\/bernds.de\/en\/wp-json\/wp\/v2\/comments?post=2504"}],"version-history":[{"count":36,"href":"https:\/\/bernds.de\/en\/wp-json\/wp\/v2\/pages\/2504\/revisions"}],"predecessor-version":[{"id":5752,"href":"https:\/\/bernds.de\/en\/wp-json\/wp\/v2\/pages\/2504\/revisions\/5752"}],"wp:attachment":[{"href":"https:\/\/bernds.de\/en\/wp-json\/wp\/v2\/media?parent=2504"}],"curies":[{"name":"wp","href":"https:\/\/api.w.org\/{rel}","templated":true}]}}